{"id":96,"date":"2023-03-09T09:12:18","date_gmt":"2023-03-09T08:12:18","guid":{"rendered":"https:\/\/www.verenagruenwald.com\/WP\/?page_id=96"},"modified":"2025-03-31T21:00:04","modified_gmt":"2025-03-31T19:00:04","slug":"be-co","status":"publish","type":"page","link":"https:\/\/www.verenagruenwald.com\/WP\/be-co\/","title":{"rendered":"Be-Co"},"content":{"rendered":"\n<p style=\"font-size:18px\">Hier findest du alles \u00fcber Be-Co <\/p>\n\n\n\n<div class=\"wp-block-image is-style-default\"><figure class=\"alignright size-full is-resized\"><img loading=\"lazy\" src=\"http:\/\/www.verenagruenwald.com\/WP\/wp-content\/Logo-be-co-verstaerkt.jpg\" alt=\"\" class=\"wp-image-68\" width=\"197\" height=\"166\"\/><\/figure><\/div>\n\n\n\n<p class=\"has-medium-font-size\"><strong><a href=\"https:\/\/www.verenagruenwald.com\/WP\/be-co\/ueber-be-co\/\" data-type=\"URL\" data-id=\"https:\/\/www.verenagruenwald.com\/WP\/be-co\/ueber-be-co\/\" target=\"_blank\" rel=\"noreferrer noopener\">\u00dcber Be-Co<\/a><\/strong><\/p>\n\n\n\n<p class=\"has-medium-font-size\"><strong><a href=\"https:\/\/www.verenagruenwald.com\/WP\/be-co\/beratungen-be-co\/\" data-type=\"URL\" data-id=\"https:\/\/www.verenagruenwald.com\/WP\/be-co\/beratungen-be-co\/\" target=\"_blank\" rel=\"noreferrer noopener\">Be-Co Beratungen<\/a><\/strong><\/p>\n\n\n\n<p class=\"has-medium-font-size\"><strong><a href=\"https:\/\/www.verenagruenwald.com\/WP\/be-co\/beratungen-be-co\/behaviour-communication\/\" data-type=\"URL\" data-id=\"https:\/\/www.verenagruenwald.com\/WP\/be-co\/beratungen-be-co\/behaviour-communication\/\" target=\"_blank\" rel=\"noreferrer noopener\">Be-Co Behaviour &amp; Communication<\/a><\/strong><\/p>\n\n\n\n<p><\/p>\n\n\n\n<p class=\"has-medium-font-size\"><strong><a href=\"https:\/\/www.verenagruenwald.com\/WP\/be-co\/beratungen-be-co\/finance-controlling\/\" data-type=\"URL\" data-id=\"https:\/\/www.verenagruenwald.com\/WP\/be-co\/beratungen-be-co\/finance-controlling\/\" target=\"_blank\" rel=\"noreferrer noopener\">Be-Co Finance &amp; Controlling<\/a><\/strong><\/p>\n\n\n\n<p class=\"has-medium-font-size\"><strong><a href=\"https:\/\/www.verenagruenwald.com\/WP\/be-co\/beratungen-be-co\/re-organisation\/\" data-type=\"URL\" data-id=\"https:\/\/www.verenagruenwald.com\/WP\/be-co\/beratungen-be-co\/re-organisation\/\" target=\"_blank\" rel=\"noreferrer noopener\">Be-Co Re-Organisation<\/a><\/strong><\/p>\n\n\n\n<p class=\"has-medium-font-size\"><strong><a href=\"https:\/\/www.verenagruenwald.com\/WP\/be-co\/seminare-be-co\/\" data-type=\"URL\" data-id=\"https:\/\/www.verenagruenwald.com\/WP\/be-co\/seminare-be-co\/\" target=\"_blank\" rel=\"noreferrer noopener\">Be-Co Seminare &amp; Vortr\u00e4ge <\/a><\/strong><\/p>\n\n\n\n<p class=\"has-medium-font-size\"><strong><a rel=\"noreferrer noopener\" href=\"https:\/\/www.verenagruenwald.com\/WP\/be-co\/wissenschaftliche-arbeiten\/\" data-type=\"URL\" data-id=\"https:\/\/www.verenagruenwald.com\/WP\/be-co\/wissenschaftliche-arbeiten\/\" target=\"_blank\">Be-Co B\u00fccher und wissenschaftliche Abhandlungen<\/a><\/strong><\/p>\n\n\n\n<p><mark style=\"background-color:rgba(0, 0, 0, 0)\" class=\"has-inline-color has-white-color\">Be Co Verena gr\u00fcnwald<\/mark><\/p>\n\n\n\n<p class=\"has-medium-font-size\"><strong><a href=\"https:\/\/www.verenagruenwald.com\/WP\/kontakt\/\" data-type=\"URL\" data-id=\"https:\/\/www.verenagruenwald.com\/WP\/kontakt\/\" target=\"_blank\" rel=\"noreferrer noopener\">Kontakt Be-Co<\/a><\/strong><\/p>\n","protected":false},"excerpt":{"rendered":"<p>Hier findest du alles \u00fcber Be-Co \u00dcber Be-Co Be-Co Beratungen Be-Co Behaviour &amp; Communication Be-Co Finance &amp; Controlling Be-Co Re-Organisation Be-Co Seminare &amp; Vortr\u00e4ge Be-Co B\u00fccher und wissenschaftliche Abhandlungen Be Co Verena gr\u00fcnwald Kontakt Be-Co<\/p>\n","protected":false},"author":1,"featured_media":0,"parent":0,"menu_order":0,"comment_status":"closed","ping_status":"closed","template":"","meta":[],"_links":{"self":[{"href":"https:\/\/www.verenagruenwald.com\/WP\/wp-json\/wp\/v2\/pages\/96"}],"collection":[{"href":"https:\/\/www.verenagruenwald.com\/WP\/wp-json\/wp\/v2\/pages"}],"about":[{"href":"https:\/\/www.verenagruenwald.com\/WP\/wp-json\/wp\/v2\/types\/page"}],"author":[{"embeddable":true,"href":"https:\/\/www.verenagruenwald.com\/WP\/wp-json\/wp\/v2\/users\/1"}],"replies":[{"embeddable":true,"href":"https:\/\/www.verenagruenwald.com\/WP\/wp-json\/wp\/v2\/comments?post=96"}],"version-history":[{"count":5,"href":"https:\/\/www.verenagruenwald.com\/WP\/wp-json\/wp\/v2\/pages\/96\/revisions"}],"predecessor-version":[{"id":1432,"href":"https:\/\/www.verenagruenwald.com\/WP\/wp-json\/wp\/v2\/pages\/96\/revisions\/1432"}],"wp:attachment":[{"href":"https:\/\/www.verenagruenwald.com\/WP\/wp-json\/wp\/v2\/media?parent=96"}],"curies":[{"name":"wp","href":"https:\/\/api.w.org\/{rel}","templated":true}]}}