{"id":931,"date":"2023-04-04T14:03:42","date_gmt":"2023-04-04T12:03:42","guid":{"rendered":"https:\/\/www.verenagruenwald.com\/WP\/?page_id=931"},"modified":"2025-03-31T16:33:46","modified_gmt":"2025-03-31T14:33:46","slug":"dig-in-dog","status":"publish","type":"page","link":"https:\/\/www.verenagruenwald.com\/WP\/marketing\/dig-in-dog\/","title":{"rendered":"Dig in Dog"},"content":{"rendered":"\n<p class=\"has-text-align-center has-medium-font-size\"><strong><mark style=\"background-color:rgba(0, 0, 0, 0);color:#016205\" class=\"has-inline-color\">Vegetarische Hundekeks f\u00fcr Ihre liebsten Begleiter \ud83d\ude42<\/mark><\/strong><\/p>\n\n\n\n<div class=\"wp-block-image is-style-default\"><figure class=\"aligncenter size-large is-resized\"><img loading=\"lazy\" src=\"http:\/\/www.verenagruenwald.com\/WP\/wp-content\/Logo-Kopf-e1680607599934-1024x365.jpg\" alt=\"\" class=\"wp-image-909\" width=\"612\" height=\"218\" srcset=\"https:\/\/www.verenagruenwald.com\/WP\/wp-content\/Logo-Kopf-e1680607599934-1024x365.jpg 1024w, https:\/\/www.verenagruenwald.com\/WP\/wp-content\/Logo-Kopf-e1680607599934-300x107.jpg 300w, https:\/\/www.verenagruenwald.com\/WP\/wp-content\/Logo-Kopf-e1680607599934-768x274.jpg 768w, https:\/\/www.verenagruenwald.com\/WP\/wp-content\/Logo-Kopf-e1680607599934.jpg 1210w\" sizes=\"(max-width: 612px) 100vw, 612px\" \/><\/figure><\/div>\n\n\n\n<p><mark style=\"background-color:rgba(0, 0, 0, 0)\" class=\"has-inline-color has-white-color\">verena Gr\u00fcnwald vegetarische Hundekeks<\/mark><\/p>\n\n\n\n<p class=\"has-text-align-center\" style=\"font-size:18px\">Hunde brauchen vegetarische Komponenten im Futter, um gesund zu bleiben. Das empfindliche Verdauungssystem wird damit ausreichend versorgt und in Balance gehalten. Aus diesem Grund hat DIG IN DOG eine eigene vegetarische Produktlinie entwickelt. Und, weil es so gut schmeckt, dass es ihnen die Hunde aus der Hand fressen werden.<\/p>\n\n\n\n<p class=\"has-text-align-center\" style=\"font-size:18px\"><strong>Kein Wunder \ud83d\ude09 <\/strong><\/p>\n\n\n\n<p class=\"has-text-align-center\" style=\"font-size:18px\">Wir verwenden nur biologische Zutaten und verarbeiten sie schonend mit unseren<br>eigenen H\u00e4nden. <\/p>\n\n\n\n<p><mark style=\"background-color:rgba(0, 0, 0, 0)\" class=\"has-inline-color has-white-color\">VGW Hundekeks vegetarisch<\/mark><\/p>\n\n\n\n<p class=\"has-text-align-center has-medium-font-size\"><strong><mark style=\"background-color:rgba(0, 0, 0, 0)\" class=\"has-inline-color has-vivid-red-color\">Hier unser DIG IN DOG-Sortiment<\/mark><\/strong><\/p>\n\n\n\n<div class=\"wp-block-image is-style-default\"><figure class=\"alignleft size-full is-resized\"><img loading=\"lazy\" src=\"http:\/\/www.verenagruenwald.com\/WP\/wp-content\/Bild-making-me-crazy.jpg\" alt=\"\" class=\"wp-image-945\" width=\"433\" height=\"279\" srcset=\"https:\/\/www.verenagruenwald.com\/WP\/wp-content\/Bild-making-me-crazy.jpg 535w, https:\/\/www.verenagruenwald.com\/WP\/wp-content\/Bild-making-me-crazy-300x193.jpg 300w\" sizes=\"(max-width: 433px) 100vw, 433px\" \/><\/figure><\/div>\n\n\n\n<p style=\"font-size:25px\"><strong>Making me crazy \u2013 Hundekeks mit Honig und Haferflocken<\/strong><\/p>\n\n\n\n<p style=\"font-size:18px\"><a href=\"http:\/\/www.digindog.com\/index.php?spr=1&amp;sei=7&amp;kek=1\"><\/a><br>Wir wurden Zeugen des 9. Weltwunders: Bello, ein sehr, sehr gem\u00fctlicher Neufundl\u00e4nder verwandelte sich pl\u00f6tzlich in eine Furie. Als sein Herrchen fragte, was wir blo\u00df in die Kekse getan h\u00e4tten (nichts Unanst\u00e4ndiges, wir schw\u00f6ren es!) und erz\u00e4hlte, dass sein Hund ganz verr\u00fcckt darauf sei, war der Name f\u00fcr die Kekse klar. Und <strong>DIG IN DOG<\/strong> geboren.<\/p>\n\n\n\n<p><mark style=\"background-color:rgba(0, 0, 0, 0)\" class=\"has-inline-color has-white-color\">Verena gr\u00fcnwald dig in dog<\/mark><\/p>\n\n\n\n<p style=\"font-size:18px\"><strong><mark style=\"background-color:rgba(0, 0, 0, 0)\" class=\"has-inline-color has-luminous-vivid-amber-color\">Making me crazy \u2013 Hundekeks mit Honig und Haferflocken<\/mark><\/strong><\/p>\n\n\n\n<ul><li><strong>Beschreibung:<\/strong> vegetarische Hundekeks aus biologischen Zutaten, in Talerform, handgefertigt<\/li><li><strong>Ingredienzien:<\/strong> Haferflocken, Honig, Dinkelmehl, Eier, laktosefreie Milch, gek\u00f6rnte Gem\u00fcsebr\u00fche<\/li><li><strong>Abf\u00fcllmenge pro Verpackungseinheit:<\/strong> 120 Gramm<\/li><li><strong>N\u00e4hrwert (100 Gramm):<\/strong> 383 Kcal \/ 16,7 gr. Protein \/ 9,4 gr. Fett \/ 61 gr. Kohlenhydrate \/ 16,7 mg. Calcium \/ 438,2 mg. Phosphor \/ 1,7 mg. Vit. E \/ 0,1 mg. Vit. A<\/li><li><strong>Ma\u00dfe:<\/strong> pro St\u00fcck ca. 7-8 Gramm, \u00d8 ca. 3,5 cm<\/li><\/ul>\n\n\n\n<p><mark style=\"background-color:rgba(0, 0, 0, 0)\" class=\"has-inline-color has-white-color\">Dig in dog Verena Gr\u00fcnwald<\/mark><\/p>\n\n\n\n<div class=\"wp-block-image is-style-default\"><figure class=\"alignright size-full is-resized\"><img loading=\"lazy\" src=\"http:\/\/www.verenagruenwald.com\/WP\/wp-content\/Bild-heartbreaker.jpg\" alt=\"\" class=\"wp-image-943\" width=\"462\" height=\"300\" srcset=\"https:\/\/www.verenagruenwald.com\/WP\/wp-content\/Bild-heartbreaker.jpg 530w, https:\/\/www.verenagruenwald.com\/WP\/wp-content\/Bild-heartbreaker-300x195.jpg 300w\" sizes=\"(max-width: 462px) 100vw, 462px\" \/><\/figure><\/div>\n\n\n\n<p style=\"font-size:25px\"><strong>Heartbreaker \u2013 Hundekeks mit Tofu und Karotte<\/strong><\/p>\n\n\n\n<p style=\"font-size:18px\"><a href=\"http:\/\/www.digindog.com\/index.php?spr=1&amp;sei=7&amp;kek=2\"><\/a><br>Eine Freundin von uns hat einen kleinen, sehr lebhaften und \u2013 nimm es nicht pers\u00f6nlich Malu \u2013 w\u00e4hlerischen Terrier. Wir hatte gerade als Versuch Hundekekse mit Tofu gebacken, als uns die beiden besuchen kamen. \u201eEr ist schrecklich heikel.\u201c war das Letzte was wir h\u00f6rten, bevor Malu all seine Manieren verga\u00df und sich mit der unvergleichlichen Leidenschaft eines Terriers \u00fcber unser Werk hermachte.<\/p>\n\n\n\n<p><mark style=\"background-color:rgba(0, 0, 0, 0)\" class=\"has-inline-color has-white-color\">dig in dog verena gr\u00fcnwald vegetarische Hundekeks<\/mark><\/p>\n\n\n\n<p style=\"font-size:18px\"><strong><mark style=\"background-color:rgba(0, 0, 0, 0)\" class=\"has-inline-color has-vivid-red-color\">Heartbreaker \u2013 Hundekeks mit Tofu und Karotte<\/mark><\/strong><\/p>\n\n\n\n<ul><li><strong>Beschreibung:<\/strong> vegetarische Hundekeks aus biologischen Zutaten, in Herzform, handgefertigt<\/li><li><strong>Ingredienzien:<\/strong> Tofu, Karotten, Petersilie, Eier, Oliven\u00f6l, Dinkelmehl<\/li><li><strong>Abf\u00fcllmenge pro Verpackungseinheit:<\/strong> 120 Gramm<\/li><li><strong>N\u00e4hrwert (100 Gramm):<\/strong> 360 Kcal \/ 18 gr. Protein \/ 10,9 gr. Fett \/ 51,7 gr. Kohlenhydrate \/ 103,2 mg. Calcium \/ 411 mg. Phosphor \/ 2,1 mg. Vit. E \/ 0,66 mg. Vit. A<\/li><li><strong>Ma\u00dfe:<\/strong> pro St\u00fcck ca. 1 Gramm, \u00d8 ca. 3 cm<\/li><\/ul>\n\n\n\n<p><mark style=\"background-color:rgba(0, 0, 0, 0)\" class=\"has-inline-color has-white-color\">Dig in Dog Verena Gr\u00fcnwald<\/mark><\/p>\n\n\n\n<div class=\"wp-block-image is-style-default\"><figure class=\"alignleft size-full is-resized\"><img loading=\"lazy\" src=\"http:\/\/www.verenagruenwald.com\/WP\/wp-content\/Bild-Whos-awesome.jpg\" alt=\"\" class=\"wp-image-947\" width=\"431\" height=\"281\" srcset=\"https:\/\/www.verenagruenwald.com\/WP\/wp-content\/Bild-Whos-awesome.jpg 529w, https:\/\/www.verenagruenwald.com\/WP\/wp-content\/Bild-Whos-awesome-300x196.jpg 300w\" sizes=\"(max-width: 431px) 100vw, 431px\" \/><\/figure><\/div>\n\n\n\n<p style=\"font-size:25px\"><strong>Who\u2019s Awesome \u2013 Hundekeks mit Haferflocken und Petersilie<\/strong><\/p>\n\n\n\n<p style=\"font-size:18px\"><a href=\"http:\/\/www.digindog.com\/index.php?spr=1&amp;sei=7&amp;kek=3\"><\/a><br>Wir waren uns ehrlich gesagt nicht so sicher, ob die B\u00e4llchen nicht doch ein wenig sehr gr\u00fcn waren. Und gesund. Doch dann kam Lucky. Der gro\u00dfe, schwarze Labrador einer Kollegin fegte mit seinem wild wedelndem Schwanz gleich die ganze Deko von einer Kommode. Lucky versprach, das nie mehr zu tun, wenn er noch eine Portion haben d\u00fcrfe. Deal!<\/p>\n\n\n\n<p><mark style=\"background-color:rgba(0, 0, 0, 0)\" class=\"has-inline-color has-white-color\">dig in dog hundekeks vegetarisch Verena Gr\u00fcnwald<\/mark><\/p>\n\n\n\n<p style=\"font-size:18px\"><strong><mark style=\"background-color:rgba(0, 0, 0, 0);color:#1d8e1f\" class=\"has-inline-color\">Who\u2019s Awesome \u2013 Hundekeks mit Haferflocken und Petersilie<\/mark><\/strong><\/p>\n\n\n\n<ul><li><strong>Beschreibung:<\/strong> vegetarische Hundekeks aus biologischen Zutaten, in Kugelform, handgefertigt<\/li><li><strong>Ingredienzien:<\/strong> Haferflocken, Petersilie, Eier, Oliven\u00f6l, Dinkelmehl<\/li><li><strong>Abf\u00fcllmenge pro Verpackungseinheit:<\/strong> 120 Gramm<\/li><li><strong>N\u00e4hrwert (100 Gramm):<\/strong> 307,4 Kcal \/ 11,9 gr. Protein \/ 13,2 gr. Fett \/ 35,7 gr. Kohlenhydrate \/ 65,7 mg. Calcium \/ 298 mg. Phosphor \/ 2,5 mg. Vit. E \/ 0,18 mg. Vit. A<\/li><li><strong>Ma\u00dfe:<\/strong> pro St\u00fcck ca. 6-7 Gramm, \u00d8 ca. 3-3,5 cm<\/li><\/ul>\n\n\n\n<p><mark style=\"background-color:rgba(0, 0, 0, 0)\" class=\"has-inline-color has-white-color\">Dig in dog Verena gr\u00fcnwald<\/mark><\/p>\n\n\n\n<div class=\"wp-block-image is-style-default\"><figure class=\"alignright size-full is-resized\"><img loading=\"lazy\" src=\"http:\/\/www.verenagruenwald.com\/WP\/wp-content\/Bild-gimme-more.jpg\" alt=\"\" class=\"wp-image-942\" width=\"472\" height=\"303\" srcset=\"https:\/\/www.verenagruenwald.com\/WP\/wp-content\/Bild-gimme-more.jpg 532w, https:\/\/www.verenagruenwald.com\/WP\/wp-content\/Bild-gimme-more-300x192.jpg 300w\" sizes=\"(max-width: 472px) 100vw, 472px\" \/><\/figure><\/div>\n\n\n\n<p style=\"font-size:25px\"><strong>Gimme more \u2013 Hundekeks mit Bananen<\/strong><\/p>\n\n\n\n<p style=\"font-size:18px\"><a href=\"http:\/\/www.digindog.com\/index.php?spr=1&amp;sei=7&amp;kek=4\"><\/a><br>Leak ist ein wundersch\u00f6ner, wahnsinnig wohlerzogener Dalmatinerr\u00fcde, der nichts von Fremden nimmt. Sophie, die zweij\u00e4hrige Tochter des Hauses, sah das weniger streng als ich sie besuchte, und steckte sich ohne zu z\u00f6gern die Bananenkekse in den Mund. (Das machen wir beim Backen auch. Manchmal. Ok, immer.). Selber Schuld, Leak \u2013 nun musste er seine Kekse mit dem Baby teilen. Beide waren sich einig, dass sie davon nie einen Kr\u00fcmel auf dem Boden verlieren w\u00fcrden.<\/p>\n\n\n\n<p><mark style=\"background-color:rgba(0, 0, 0, 0)\" class=\"has-inline-color has-white-color\">verena gr\u00fcnwald dig in dog hundekeks vegetarisch<\/mark><\/p>\n\n\n\n<p style=\"font-size:18px\"><strong><mark style=\"background-color:rgba(0, 0, 0, 0);color:#efdd0a\" class=\"has-inline-color\">Gimme more \u2013 Hundekeks mit Banane<\/mark><\/strong><\/p>\n\n\n\n<ul><li><strong>Beschreibung:<\/strong> vegetarische Hundekeks aus biologischen Zutaten, in Talerform, handgefertigt<\/li><li><strong>Ingredienzien:<\/strong> Bananen, Oliven\u00f6l, Dinkelmehl<\/li><li><strong>Abf\u00fcllmenge pro Verpackungseinheit:<\/strong> 120 Gramm<\/li><li><strong>N\u00e4hrwert (100 Gramm):<\/strong> 471,5 Kcal \/ 10,1 gr. Protein \/ 20,7 gr. Fett \/ 64,7 gr. Kohlenhydrate \/ 25,8 mg. Calcium \/ 276,7 mg. Phosphor \/ 3,1 mg. Vit. E \/ 0,07 mg. Vit. A<\/li><li><strong>Ma\u00dfe:<\/strong> pro St\u00fcck ca. 4 Gramm, \u00d8 ca. 3 cm<\/li><\/ul>\n\n\n\n<p><mark style=\"background-color:rgba(0, 0, 0, 0)\" class=\"has-inline-color has-white-color\">dig in dog Hundekeks Verena gr\u00fcnwald<\/mark><\/p>\n\n\n\n<div class=\"wp-block-image is-style-default\"><figure class=\"alignleft size-full is-resized\"><img loading=\"lazy\" src=\"http:\/\/www.verenagruenwald.com\/WP\/wp-content\/Bild-in-heaven.jpg\" alt=\"\" class=\"wp-image-944\" width=\"456\" height=\"296\" srcset=\"https:\/\/www.verenagruenwald.com\/WP\/wp-content\/Bild-in-heaven.jpg 531w, https:\/\/www.verenagruenwald.com\/WP\/wp-content\/Bild-in-heaven-300x195.jpg 300w\" sizes=\"(max-width: 456px) 100vw, 456px\" \/><\/figure><\/div>\n\n\n\n<p style=\"font-size:25px\"><strong>In Heaven \u2013 Hundekeks mit Honig und N\u00fcssen<\/strong><\/p>\n\n\n\n<p style=\"font-size:18px\"><a href=\"http:\/\/www.digindog.com\/index.php?spr=1&amp;sei=7&amp;kek=5\"><\/a><br>Sitz! Platz! Fuss! Windhund Cindy konnte es schon nicht mehr h\u00f6ren. Aber was tut man nicht alles f\u00fcr diese niedlichen kleinen H\u00e4ppchen? Und meine G\u00fcte, wenn es Herrchen und Frauchen doch sooooooo gl\u00fccklich macht, wenn ich mich setze \u2013 bitte sch\u00f6n! F\u00fcr diese Sterne lernte Cindy sogar noch einige andere Tricks. Meint Martin, ihr Besitzer. Wir denken, Cindy ist einfach ein toller Hund. Aber so ein Stern kann ja nicht schaden, nicht wahr?<\/p>\n\n\n\n<p><mark style=\"background-color:rgba(0, 0, 0, 0)\" class=\"has-inline-color has-white-color\">dig in dog hundekeks vegetarisch verene gr\u00fcnwald<\/mark><\/p>\n\n\n\n<p style=\"font-size:18px\"><strong><mark style=\"background-color:rgba(0, 0, 0, 0);color:#7c848c\" class=\"has-inline-color\">In Heaven \u2013 Hundekeks mit Honig und N\u00fcssen<\/mark><\/strong><\/p>\n\n\n\n<ul><li><strong>Beschreibung:<\/strong> vegetarische Hundekeks aus biologischen Zutaten, in Sternform, handgefertigt<\/li><li><strong>Ingredienzien:<\/strong> Haferflocken, Eier, Honig, N\u00fcsse, laktosefreie Milch, Dinkelmehl<\/li><li><strong>Abf\u00fcllmenge pro Verpackungseinheit:<\/strong> 120 Gramm<\/li><li><strong>N\u00e4hrwert (100 Gramm):<\/strong> 402,2 Kcal \/ 16,4 gr. Protein \/ 12,9 gr. Fett \/ 59,4 gr. Kohlenhydrate \/ 88,7 mg. Calcium \/ 409,4 mg. Phosphor \/ 3,9 mg. Vit. E \/ 0,1 mg. Vit. A<\/li><li><strong>Ma\u00dfe:<\/strong> pro St\u00fcck ca. 1 Gramm, \u00d8 ca. 2 cm<\/li><\/ul>\n\n\n\n<p><mark style=\"background-color:rgba(0, 0, 0, 0)\" class=\"has-inline-color has-white-color\">dig in dog Verena Gr\u00fcnwald Hundekeks vegetarisch<\/mark><\/p>\n\n\n\n<div class=\"wp-block-image is-style-default\"><figure class=\"alignright size-full is-resized\"><img loading=\"lazy\" src=\"http:\/\/www.verenagruenwald.com\/WP\/wp-content\/Bild-Miracle-mix.jpg\" alt=\"\" class=\"wp-image-946\" width=\"459\" height=\"296\" srcset=\"https:\/\/www.verenagruenwald.com\/WP\/wp-content\/Bild-Miracle-mix.jpg 530w, https:\/\/www.verenagruenwald.com\/WP\/wp-content\/Bild-Miracle-mix-300x194.jpg 300w\" sizes=\"(max-width: 459px) 100vw, 459px\" \/><\/figure><\/div>\n\n\n\n<p style=\"font-size:25px\"><strong>Miracle Mix \u2013 alle Sorten von DIG IN DOG<\/strong><\/p>\n\n\n\n<p style=\"font-size:18px\"><a href=\"http:\/\/www.digindog.com\/index.php?spr=1&amp;sei=7&amp;kek=6\"><\/a><br>Du kannst nicht alles haben. Warum nicht? Hier ist es! (Zumindest f\u00fcr Hunde.) Der perfekte Weg um das gesamte Sortiment von <strong>DIG&nbsp;IN&nbsp;DOG<\/strong> kennenzulernen. In diesem bunten Mix finden sich alle Sorten zum Ausprobieren. Oder f\u00fcr ein bisschen Abwechslung im Hundealltag. Yummy Yummy kann man da nur sagen.<\/p>\n\n\n\n<p><mark style=\"background-color:rgba(0, 0, 0, 0)\" class=\"has-inline-color has-white-color\">dig in dog hundekeks vegetarisch verena gr\u00fcnwald<\/mark><\/p>\n\n\n\n<p style=\"font-size:18px\"><strong><mark style=\"background-color:rgba(0, 0, 0, 0)\" class=\"has-inline-color has-vivid-purple-color\">Miracle Mix \u2013 das Beste von DIG IN DOG!<\/mark><\/strong><\/p>\n\n\n\n<ul><li><strong>Beschreibung:<\/strong> ein Mix aus allen vegetarischen Hundekeks des DIG IN DOG!-Sortiments<\/li><li><strong>Ingredienzien:<\/strong> Dinkelmehl, Haferflocken, Honig, H\u00fchnerbr\u00fche, Ei, laktosefreie Milch, Tofu, Karotte \/M\u00f6hre, Petersilie, Oliven\u00f6l, Banane, N\u00fcsse<\/li><li><strong>Abf\u00fcllmenge pro Verpackungseinheit:<\/strong> 120 Gramm<\/li><li><strong>N\u00e4hrwert (100 Gramm):<\/strong> 348,63 Kcal \/ 13,49 gr. Protein \/ 15,19 gr. Fett \/ 74,45 gr. Kohlenhydrate \/ 102,72 mg. Calcium \/ 497,50 mg. Phosphor \/ 2,13 mg. Vit. E \/ 0,16 mg. Vit. A<\/li><li><strong>Ma\u00dfe:<\/strong> pro St\u00fcck von ca. 1-8 Gramm, \u00d8 von ca. 2 \u2013 3,5 cm<\/li><\/ul>\n\n\n\n<p><mark style=\"background-color:rgba(0, 0, 0, 0)\" class=\"has-inline-color has-white-color\">verena gr\u00fcnwald dig in dog<\/mark><\/p>\n\n\n\n<p style=\"font-size:18px\">DIG IN DOG ist ein \u00f6sterreichisches Unternehmen, das 2014 vegetarische Hundekeks aus biologischen Zutaten f\u00fcr den amerikanischen Markt konzipiert hat. Jetzt scheint die Zeit reif zu sein, um auch \u00f6sterreichische Hunde in den Genuss von DIG IN DOG kommen zu lassen \ud83d\ude42<\/p>\n\n\n\n<p><mark style=\"background-color:rgba(0, 0, 0, 0)\" class=\"has-inline-color has-white-color\">Verena gr\u00fcnwald<\/mark><\/p>\n\n\n\n<p class=\"has-medium-font-size\"><strong><a href=\"https:\/\/www.verenagruenwald.com\/WP\/kontakt\/\" data-type=\"URL\" data-id=\"https:\/\/www.verenagruenwald.com\/WP\/kontakt\/\" target=\"_blank\" rel=\"noreferrer noopener\">Bestellungen f\u00fcr den Eigenverbrauch <em>(bitte im Betreff angeben)<\/em><\/a><\/strong><\/p>\n\n\n\n<p class=\"has-medium-font-size\"><strong><a href=\"https:\/\/www.verenagruenwald.com\/WP\/kontakt\/\" data-type=\"URL\" data-id=\"https:\/\/www.verenagruenwald.com\/WP\/kontakt\/\" target=\"_blank\" rel=\"noreferrer noopener\">Bestellungen f\u00fcr den Handel <em>(bitte im Betreff angeben)<\/em><\/a><\/strong><\/p>\n\n\n\n<p><mark style=\"background-color:rgba(0, 0, 0, 0)\" class=\"has-inline-color has-white-color\">dig in dog vegetarische Hundekeks<\/mark><\/p>\n\n\n\n<figure class=\"wp-block-gallery aligncenter has-nested-images columns-default is-cropped\">\n<figure class=\"wp-block-image size-large is-style-default\"><img loading=\"lazy\" width=\"1024\" height=\"346\" data-id=\"961\"  src=\"http:\/\/www.verenagruenwald.com\/WP\/wp-content\/Dogikett_06_137x96_083-e1680612089963-1024x346.jpg\" alt=\"\" class=\"wp-image-961\" srcset=\"https:\/\/www.verenagruenwald.com\/WP\/wp-content\/Dogikett_06_137x96_083-e1680612089963-1024x346.jpg 1024w, https:\/\/www.verenagruenwald.com\/WP\/wp-content\/Dogikett_06_137x96_083-e1680612089963-300x101.jpg 300w, https:\/\/www.verenagruenwald.com\/WP\/wp-content\/Dogikett_06_137x96_083-e1680612089963-768x259.jpg 768w, https:\/\/www.verenagruenwald.com\/WP\/wp-content\/Dogikett_06_137x96_083-e1680612089963-1536x518.jpg 1536w, https:\/\/www.verenagruenwald.com\/WP\/wp-content\/Dogikett_06_137x96_083-e1680612089963.jpg 1618w\" sizes=\"(max-width: 1024px) 100vw, 1024px\" \/><\/figure>\n\n\n\n<figure class=\"wp-block-image size-large is-style-default\"><img loading=\"lazy\" width=\"1618\" height=\"550\" data-id=\"962\"  src=\"http:\/\/www.verenagruenwald.com\/WP\/wp-content\/Dogikett_06_137x96_084-e1680612068236.jpg\" alt=\"\" class=\"wp-image-962\" srcset=\"https:\/\/www.verenagruenwald.com\/WP\/wp-content\/Dogikett_06_137x96_084-e1680612068236.jpg 1618w, https:\/\/www.verenagruenwald.com\/WP\/wp-content\/Dogikett_06_137x96_084-e1680612068236-300x102.jpg 300w, https:\/\/www.verenagruenwald.com\/WP\/wp-content\/Dogikett_06_137x96_084-e1680612068236-1024x348.jpg 1024w, https:\/\/www.verenagruenwald.com\/WP\/wp-content\/Dogikett_06_137x96_084-e1680612068236-768x261.jpg 768w, https:\/\/www.verenagruenwald.com\/WP\/wp-content\/Dogikett_06_137x96_084-e1680612068236-1536x522.jpg 1536w\" sizes=\"(max-width: 1618px) 100vw, 1618px\" \/><\/figure>\n\n\n\n<figure class=\"wp-block-image size-large is-style-default\"><img loading=\"lazy\" width=\"1618\" height=\"546\" data-id=\"963\"  src=\"http:\/\/www.verenagruenwald.com\/WP\/wp-content\/Dogikett_06_137x96_085-e1680612049505.jpg\" alt=\"\" class=\"wp-image-963\" srcset=\"https:\/\/www.verenagruenwald.com\/WP\/wp-content\/Dogikett_06_137x96_085-e1680612049505.jpg 1618w, https:\/\/www.verenagruenwald.com\/WP\/wp-content\/Dogikett_06_137x96_085-e1680612049505-300x101.jpg 300w, https:\/\/www.verenagruenwald.com\/WP\/wp-content\/Dogikett_06_137x96_085-e1680612049505-1024x346.jpg 1024w, https:\/\/www.verenagruenwald.com\/WP\/wp-content\/Dogikett_06_137x96_085-e1680612049505-768x259.jpg 768w, https:\/\/www.verenagruenwald.com\/WP\/wp-content\/Dogikett_06_137x96_085-e1680612049505-1536x518.jpg 1536w\" sizes=\"(max-width: 1618px) 100vw, 1618px\" \/><\/figure>\n\n\n\n<figure class=\"wp-block-image size-large is-style-default\"><img loading=\"lazy\" width=\"1618\" height=\"542\" data-id=\"964\"  src=\"http:\/\/www.verenagruenwald.com\/WP\/wp-content\/Dogikett_06_137x96_086-e1680612033481.jpg\" alt=\"\" class=\"wp-image-964\" srcset=\"https:\/\/www.verenagruenwald.com\/WP\/wp-content\/Dogikett_06_137x96_086-e1680612033481.jpg 1618w, https:\/\/www.verenagruenwald.com\/WP\/wp-content\/Dogikett_06_137x96_086-e1680612033481-300x100.jpg 300w, https:\/\/www.verenagruenwald.com\/WP\/wp-content\/Dogikett_06_137x96_086-e1680612033481-1024x343.jpg 1024w, https:\/\/www.verenagruenwald.com\/WP\/wp-content\/Dogikett_06_137x96_086-e1680612033481-768x257.jpg 768w, https:\/\/www.verenagruenwald.com\/WP\/wp-content\/Dogikett_06_137x96_086-e1680612033481-1536x515.jpg 1536w\" sizes=\"(max-width: 1618px) 100vw, 1618px\" \/><\/figure>\n\n\n\n<figure class=\"wp-block-image size-large is-style-default\"><img loading=\"lazy\" width=\"1618\" height=\"537\" data-id=\"965\"  src=\"http:\/\/www.verenagruenwald.com\/WP\/wp-content\/Dogikett_06_137x96_087-e1680612016469.jpg\" alt=\"\" class=\"wp-image-965\" srcset=\"https:\/\/www.verenagruenwald.com\/WP\/wp-content\/Dogikett_06_137x96_087-e1680612016469.jpg 1618w, https:\/\/www.verenagruenwald.com\/WP\/wp-content\/Dogikett_06_137x96_087-e1680612016469-300x100.jpg 300w, https:\/\/www.verenagruenwald.com\/WP\/wp-content\/Dogikett_06_137x96_087-e1680612016469-1024x340.jpg 1024w, https:\/\/www.verenagruenwald.com\/WP\/wp-content\/Dogikett_06_137x96_087-e1680612016469-768x255.jpg 768w, https:\/\/www.verenagruenwald.com\/WP\/wp-content\/Dogikett_06_137x96_087-e1680612016469-1536x510.jpg 1536w\" sizes=\"(max-width: 1618px) 100vw, 1618px\" \/><\/figure>\n<\/figure>\n\n\n\n<div class=\"wp-block-image is-style-default\"><figure class=\"aligncenter size-large\"><img loading=\"lazy\" width=\"1024\" height=\"348\" src=\"http:\/\/www.verenagruenwald.com\/WP\/wp-content\/Dogikett_06_137x96_088-e1680611996647-1024x348.jpg\" alt=\"\" class=\"wp-image-966\" srcset=\"https:\/\/www.verenagruenwald.com\/WP\/wp-content\/Dogikett_06_137x96_088-e1680611996647-1024x348.jpg 1024w, https:\/\/www.verenagruenwald.com\/WP\/wp-content\/Dogikett_06_137x96_088-e1680611996647-300x102.jpg 300w, https:\/\/www.verenagruenwald.com\/WP\/wp-content\/Dogikett_06_137x96_088-e1680611996647-768x261.jpg 768w, https:\/\/www.verenagruenwald.com\/WP\/wp-content\/Dogikett_06_137x96_088-e1680611996647-1536x522.jpg 1536w, https:\/\/www.verenagruenwald.com\/WP\/wp-content\/Dogikett_06_137x96_088-e1680611996647.jpg 1618w\" sizes=\"(max-width: 1024px) 100vw, 1024px\" \/><\/figure><\/div>\n","protected":false},"excerpt":{"rendered":"<p>Vegetarische Hundekeks f\u00fcr Ihre liebsten Begleiter \ud83d\ude42 verena Gr\u00fcnwald vegetarische Hundekeks Hunde brauchen vegetarische Komponenten im Futter, um gesund zu bleiben. Das empfindliche Verdauungssystem wird damit ausreichend versorgt und in Balance gehalten. Aus diesem Grund hat DIG IN DOG eine eigene vegetarische Produktlinie entwickelt. Und, weil es so gut schmeckt, dass es ihnen die Hunde<\/p>\n<p class=\"more-link\"><a href=\"https:\/\/www.verenagruenwald.com\/WP\/marketing\/dig-in-dog\/\" class=\"themebutton\">Read More<\/a><\/p>\n","protected":false},"author":1,"featured_media":0,"parent":1495,"menu_order":0,"comment_status":"closed","ping_status":"closed","template":"","meta":[],"_links":{"self":[{"href":"https:\/\/www.verenagruenwald.com\/WP\/wp-json\/wp\/v2\/pages\/931"}],"collection":[{"href":"https:\/\/www.verenagruenwald.com\/WP\/wp-json\/wp\/v2\/pages"}],"about":[{"href":"https:\/\/www.verenagruenwald.com\/WP\/wp-json\/wp\/v2\/types\/page"}],"author":[{"embeddable":true,"href":"https:\/\/www.verenagruenwald.com\/WP\/wp-json\/wp\/v2\/users\/1"}],"replies":[{"embeddable":true,"href":"https:\/\/www.verenagruenwald.com\/WP\/wp-json\/wp\/v2\/comments?post=931"}],"version-history":[{"count":17,"href":"https:\/\/www.verenagruenwald.com\/WP\/wp-json\/wp\/v2\/pages\/931\/revisions"}],"predecessor-version":[{"id":2278,"href":"https:\/\/www.verenagruenwald.com\/WP\/wp-json\/wp\/v2\/pages\/931\/revisions\/2278"}],"up":[{"embeddable":true,"href":"https:\/\/www.verenagruenwald.com\/WP\/wp-json\/wp\/v2\/pages\/1495"}],"wp:attachment":[{"href":"https:\/\/www.verenagruenwald.com\/WP\/wp-json\/wp\/v2\/media?parent=931"}],"curies":[{"name":"wp","href":"https:\/\/api.w.org\/{rel}","templated":true}]}}