{"id":911,"date":"2023-04-04T13:50:02","date_gmt":"2023-04-04T11:50:02","guid":{"rendered":"https:\/\/www.verenagruenwald.com\/WP\/?page_id=911"},"modified":"2025-03-31T15:35:55","modified_gmt":"2025-03-31T13:35:55","slug":"dekorateur-vgw","status":"publish","type":"page","link":"https:\/\/www.verenagruenwald.com\/WP\/verena-gruenwald\/dekorateur-vgw\/","title":{"rendered":"Dekorateur VGW"},"content":{"rendered":"\n<p class=\"has-luminous-vivid-orange-color has-text-color\" style=\"font-size:25px\"><strong>Schaufensterdekoration \/ Innenraumdekoration <\/strong><\/p>\n\n\n\n<div class=\"wp-block-image is-style-rounded\"><figure class=\"alignright size-full is-resized\"><img loading=\"lazy\" src=\"http:\/\/www.verenagruenwald.com\/WP\/wp-content\/Deko-Flowers-B7.jpg\" alt=\"\" class=\"wp-image-914\" width=\"201\" height=\"259\" srcset=\"https:\/\/www.verenagruenwald.com\/WP\/wp-content\/Deko-Flowers-B7.jpg 558w, https:\/\/www.verenagruenwald.com\/WP\/wp-content\/Deko-Flowers-B7-233x300.jpg 233w\" sizes=\"(max-width: 201px) 100vw, 201px\" \/><\/figure><\/div>\n\n\n\n<p><mark style=\"background-color:rgba(0, 0, 0, 0)\" class=\"has-inline-color has-white-color\">verena Gr\u00fcnwald<\/mark><\/p>\n\n\n\n<ul><li>Als Visitenkarten f\u00fcr Ihren Shop<\/li><li>Als das 24 Stunden \/ 365 Tage- Werbemittel des Einzelhandels<\/li><li>Als&nbsp; Verzauberungsfl\u00e4che f\u00fcr den zuk\u00fcnftigen Kunden<\/li><li>Als kreative, individuelle Pr\u00e4sentationsfl\u00e4che f\u00fcr Ihr Warenangebot<\/li><li>Als das Mittel, dass Ihren Kunden in den Laden bringt<\/li><\/ul>\n\n\n\n<p>Ich habe eine Leidenschaft f\u00fcr&#8217;s Gestalten und Pr\u00e4sentieren, f\u00fcr Hervorheben und Verlocken. N\u00fctzen Sie Ihre wunderbare \u2013 und meist einzige \u2013 Werbem\u00f6glichkeiten, um Ihren Kunden anzusprechen. Ich helfe Ihnen gerne \ud83d\ude42<\/p>\n\n\n\n<div class=\"wp-block-image is-style-rounded\"><figure class=\"alignleft size-full is-resized\"><img loading=\"lazy\" src=\"http:\/\/www.verenagruenwald.com\/WP\/wp-content\/Deko-Winter-Beach-5.jpg\" alt=\"\" class=\"wp-image-923\" width=\"230\" height=\"194\" srcset=\"https:\/\/www.verenagruenwald.com\/WP\/wp-content\/Deko-Winter-Beach-5.jpg 748w, https:\/\/www.verenagruenwald.com\/WP\/wp-content\/Deko-Winter-Beach-5-300x254.jpg 300w\" sizes=\"(max-width: 230px) 100vw, 230px\" \/><\/figure><\/div>\n\n\n\n<ul><li>Beim Entwerfen und Umsetzen Ihrer Pr\u00e4sentationsideen im Schaufenster und im Shop<\/li><li>Beim Gestalten und Pr\u00e4sentieren Ihres liebevoll ausgesuchten Warensortiments<\/li><li>Beim Verf\u00fchren, Verzaubern und Verlocken Ihres zuk\u00fcnftigen Kunden<\/li><\/ul>\n\n\n\n<p>Mein Team und ich dekorieren und pflegen Ihr\/e Schaufenster, vorrangig nach Ihren Budgetm\u00f6glichkeiten und gerne auch mit bereits bestehendem Dekorationsmittelbestand. Auf Wunsch entwerfen wir Ihre Vision(en) und schulen Ihre Mitarbeiter f\u00fcr die Umsetzung.<\/p>\n\n\n\n<p class=\"has-luminous-vivid-orange-color has-text-color has-medium-font-size\"><strong>Verena Gr\u00fcnwald<\/strong><\/p>\n\n\n\n<p class=\"has-luminous-vivid-orange-color has-text-color has-medium-font-size\"><strong><a href=\"https:\/\/www.verenagruenwald.com\/WP\/kontakt\/\" data-type=\"URL\" data-id=\"https:\/\/www.verenagruenwald.com\/WP\/kontakt\/\" target=\"_blank\" rel=\"noreferrer noopener\">Kontakt<\/a><\/strong><\/p>\n\n\n\n<p><mark style=\"background-color:rgba(0, 0, 0, 0)\" class=\"has-inline-color has-white-color\">Dekorationsbeispiele<\/mark><\/p>\n\n\n\n<figure class=\"wp-block-gallery has-nested-images columns-default is-cropped\">\n<figure class=\"wp-block-image size-full is-style-default\"><img loading=\"lazy\" width=\"709\" height=\"573\" data-id=\"920\"  src=\"http:\/\/www.verenagruenwald.com\/WP\/wp-content\/Deko-Flowers-A2.jpg\" alt=\"\" class=\"wp-image-920\" srcset=\"https:\/\/www.verenagruenwald.com\/WP\/wp-content\/Deko-Flowers-A2.jpg 709w, https:\/\/www.verenagruenwald.com\/WP\/wp-content\/Deko-Flowers-A2-300x242.jpg 300w\" sizes=\"(max-width: 709px) 100vw, 709px\" \/><\/figure>\n\n\n\n<figure class=\"wp-block-image size-full is-style-default\"><img loading=\"lazy\" width=\"577\" height=\"573\" data-id=\"913\"  src=\"http:\/\/www.verenagruenwald.com\/WP\/wp-content\/Deko-Flowers-A3_p.jpg\" alt=\"\" class=\"wp-image-913\" srcset=\"https:\/\/www.verenagruenwald.com\/WP\/wp-content\/Deko-Flowers-A3_p.jpg 577w, https:\/\/www.verenagruenwald.com\/WP\/wp-content\/Deko-Flowers-A3_p-300x298.jpg 300w, https:\/\/www.verenagruenwald.com\/WP\/wp-content\/Deko-Flowers-A3_p-150x150.jpg 150w, https:\/\/www.verenagruenwald.com\/WP\/wp-content\/Deko-Flowers-A3_p-120x120.jpg 120w, https:\/\/www.verenagruenwald.com\/WP\/wp-content\/Deko-Flowers-A3_p-105x105.jpg 105w\" sizes=\"(max-width: 577px) 100vw, 577px\" \/><\/figure>\n\n\n\n<figure class=\"wp-block-image size-full is-style-default\"><img loading=\"lazy\" width=\"718\" height=\"668\" data-id=\"917\"  src=\"http:\/\/www.verenagruenwald.com\/WP\/wp-content\/Deko-Winter-Beach-4_p.jpg\" alt=\"\" class=\"wp-image-917\" srcset=\"https:\/\/www.verenagruenwald.com\/WP\/wp-content\/Deko-Winter-Beach-4_p.jpg 718w, https:\/\/www.verenagruenwald.com\/WP\/wp-content\/Deko-Winter-Beach-4_p-300x279.jpg 300w\" sizes=\"(max-width: 718px) 100vw, 718px\" \/><\/figure>\n\n\n\n<figure class=\"wp-block-image size-full is-style-default\"><img loading=\"lazy\" width=\"683\" height=\"595\" data-id=\"918\"  src=\"http:\/\/www.verenagruenwald.com\/WP\/wp-content\/Deko-Fall-4_p.jpg\" alt=\"\" class=\"wp-image-918\" srcset=\"https:\/\/www.verenagruenwald.com\/WP\/wp-content\/Deko-Fall-4_p.jpg 683w, https:\/\/www.verenagruenwald.com\/WP\/wp-content\/Deko-Fall-4_p-300x261.jpg 300w\" sizes=\"(max-width: 683px) 100vw, 683px\" \/><\/figure>\n\n\n\n<figure class=\"wp-block-image size-full is-style-default\"><img loading=\"lazy\" width=\"759\" height=\"591\" data-id=\"924\"  src=\"http:\/\/www.verenagruenwald.com\/WP\/wp-content\/Deko-Fall-8.jpg\" alt=\"\" class=\"wp-image-924\" srcset=\"https:\/\/www.verenagruenwald.com\/WP\/wp-content\/Deko-Fall-8.jpg 759w, https:\/\/www.verenagruenwald.com\/WP\/wp-content\/Deko-Fall-8-300x234.jpg 300w\" sizes=\"(max-width: 759px) 100vw, 759px\" \/><\/figure>\n\n\n\n<figure class=\"wp-block-image size-full is-style-default\"><img loading=\"lazy\" width=\"708\" height=\"692\" data-id=\"922\"  src=\"http:\/\/www.verenagruenwald.com\/WP\/wp-content\/Deko-Future-3.jpg\" alt=\"\" class=\"wp-image-922\" srcset=\"https:\/\/www.verenagruenwald.com\/WP\/wp-content\/Deko-Future-3.jpg 708w, https:\/\/www.verenagruenwald.com\/WP\/wp-content\/Deko-Future-3-300x293.jpg 300w\" sizes=\"(max-width: 708px) 100vw, 708px\" \/><\/figure>\n\n\n\n<figure class=\"wp-block-image size-full is-style-default\"><img loading=\"lazy\" width=\"746\" height=\"730\" data-id=\"921\"  src=\"http:\/\/www.verenagruenwald.com\/WP\/wp-content\/Deko-Future-4_p-1.jpg\" alt=\"\" class=\"wp-image-921\" srcset=\"https:\/\/www.verenagruenwald.com\/WP\/wp-content\/Deko-Future-4_p-1.jpg 746w, https:\/\/www.verenagruenwald.com\/WP\/wp-content\/Deko-Future-4_p-1-300x294.jpg 300w\" sizes=\"(max-width: 746px) 100vw, 746px\" \/><\/figure>\n\n\n\n<figure class=\"wp-block-image size-full is-style-default\"><img loading=\"lazy\" width=\"887\" height=\"689\" data-id=\"919\"  src=\"http:\/\/www.verenagruenwald.com\/WP\/wp-content\/Deko-X-Mas.jpg\" alt=\"\" class=\"wp-image-919\" srcset=\"https:\/\/www.verenagruenwald.com\/WP\/wp-content\/Deko-X-Mas.jpg 887w, https:\/\/www.verenagruenwald.com\/WP\/wp-content\/Deko-X-Mas-300x233.jpg 300w, https:\/\/www.verenagruenwald.com\/WP\/wp-content\/Deko-X-Mas-768x597.jpg 768w\" sizes=\"(max-width: 887px) 100vw, 887px\" \/><\/figure>\n\n\n\n<figure class=\"wp-block-image size-full is-style-default\"><img loading=\"lazy\" width=\"653\" height=\"645\" data-id=\"925\"  src=\"http:\/\/www.verenagruenwald.com\/WP\/wp-content\/Deko-halloween1.jpg\" alt=\"\" class=\"wp-image-925\" srcset=\"https:\/\/www.verenagruenwald.com\/WP\/wp-content\/Deko-halloween1.jpg 653w, https:\/\/www.verenagruenwald.com\/WP\/wp-content\/Deko-halloween1-300x296.jpg 300w, https:\/\/www.verenagruenwald.com\/WP\/wp-content\/Deko-halloween1-120x120.jpg 120w, https:\/\/www.verenagruenwald.com\/WP\/wp-content\/Deko-halloween1-105x105.jpg 105w\" sizes=\"(max-width: 653px) 100vw, 653px\" \/><\/figure>\n<\/figure>\n","protected":false},"excerpt":{"rendered":"<p>Schaufensterdekoration \/ Innenraumdekoration verena Gr\u00fcnwald Als Visitenkarten f\u00fcr Ihren Shop Als das 24 Stunden \/ 365 Tage- Werbemittel des Einzelhandels Als&nbsp; Verzauberungsfl\u00e4che f\u00fcr den zuk\u00fcnftigen Kunden Als kreative, individuelle Pr\u00e4sentationsfl\u00e4che f\u00fcr Ihr Warenangebot Als das Mittel, dass Ihren Kunden in den Laden bringt Ich habe eine Leidenschaft f\u00fcr&#8217;s Gestalten und Pr\u00e4sentieren, f\u00fcr Hervorheben und Verlocken.<\/p>\n<p class=\"more-link\"><a href=\"https:\/\/www.verenagruenwald.com\/WP\/verena-gruenwald\/dekorateur-vgw\/\" class=\"themebutton\">Read More<\/a><\/p>\n","protected":false},"author":1,"featured_media":0,"parent":93,"menu_order":0,"comment_status":"closed","ping_status":"closed","template":"","meta":[],"_links":{"self":[{"href":"https:\/\/www.verenagruenwald.com\/WP\/wp-json\/wp\/v2\/pages\/911"}],"collection":[{"href":"https:\/\/www.verenagruenwald.com\/WP\/wp-json\/wp\/v2\/pages"}],"about":[{"href":"https:\/\/www.verenagruenwald.com\/WP\/wp-json\/wp\/v2\/types\/page"}],"author":[{"embeddable":true,"href":"https:\/\/www.verenagruenwald.com\/WP\/wp-json\/wp\/v2\/users\/1"}],"replies":[{"embeddable":true,"href":"https:\/\/www.verenagruenwald.com\/WP\/wp-json\/wp\/v2\/comments?post=911"}],"version-history":[{"count":10,"href":"https:\/\/www.verenagruenwald.com\/WP\/wp-json\/wp\/v2\/pages\/911\/revisions"}],"predecessor-version":[{"id":2237,"href":"https:\/\/www.verenagruenwald.com\/WP\/wp-json\/wp\/v2\/pages\/911\/revisions\/2237"}],"up":[{"embeddable":true,"href":"https:\/\/www.verenagruenwald.com\/WP\/wp-json\/wp\/v2\/pages\/93"}],"wp:attachment":[{"href":"https:\/\/www.verenagruenwald.com\/WP\/wp-json\/wp\/v2\/media?parent=911"}],"curies":[{"name":"wp","href":"https:\/\/api.w.org\/{rel}","templated":true}]}}