{"id":455,"date":"2023-03-21T14:06:51","date_gmt":"2023-03-21T13:06:51","guid":{"rendered":"https:\/\/www.verenagruenwald.com\/WP\/?page_id=455"},"modified":"2025-02-28T10:58:44","modified_gmt":"2025-02-28T09:58:44","slug":"impressum","status":"publish","type":"page","link":"https:\/\/www.verenagruenwald.com\/WP\/impressum\/","title":{"rendered":"Impressum"},"content":{"rendered":"\n<p>Mag. Verena Gr\u00fcnwald<br><a href=\"mailto:vgruenwald@be-co.at\">vgruenwald@be-co.at<\/a><br><a href=\"tel:+06766849838\">+43 676 684 98 38<\/a><br>A-1040 Wien, Kolschitzkygasse 7\/12<br>ATU 5604830<\/p>\n\n\n\n<p><a rel=\"noreferrer noopener\" href=\"https:\/\/verenagruenwald.com\" target=\"_blank\">https:\/\/verenagruenwald.com<\/a><br><a href=\"https:\/\/be-co.at\">https:\/\/be-co.at<\/a><\/p>\n\n\n\n<p><strong>Datenschutzerkl\u00e4rung<\/strong><br>Wir legen gro\u00dfen Wert auf den Schutz Ihrer Daten. Um Sie in vollem Umfang \u00fcber die Verwendung personenbezogener Daten zu informieren, bitten wir Sie die folgenden Datenschutzhinweise zur Kenntnis zu nehmen.<br><br><strong>Pers\u00f6nliche Daten<\/strong><br>Pers\u00f6nliche Daten, die Sie auf dieser Website elektronisch \u00fcbermitteln, wie zum Beispiel Ihren Namen, E-Mail-Adresse, Adresse oder andere pers\u00f6nlichen Angaben, werden von uns nur zum jeweils angegebenen Zweck verwendet, sicher verwahrt und nicht an Dritte weitergegeben. Der Provider erhebt und speichert automatisch Informationen am Webserver wie verwendeter Browser, Betriebssystem, Verweisseite, IP-Adresse, Uhrzeit des Zugriffs usw. Diese Daten k\u00f6nnen ohne Pr\u00fcfung weiterer Datenquellen keinen bestimmten Personen zugeordnet werden und wir werten diese Daten auch nicht weiter aus solange keine rechtswidrige Nutzung unserer Webseite vorliegt.<br><br><strong>Datenschutzerkl\u00e4rung f\u00fcr die Nutzung von Google Analytics<\/strong><br>Diese Website benutzt Google Analytics, einen Webanalysedienst der Google Inc. (\u201eGoogle\u201c). Google Analytics verwendet sog. \u201eCookies\u201c, Textdateien, die auf Ihrem Computer gespeichert werden und die eine Analyse der Benutzung der Website durch Sie erm\u00f6glichen. Die durch den Cookie erzeugten Informationen \u00fcber Ihre Benutzung dieser Website werden in der Regel an einen Server von Google in den USA \u00fcbertragen und dort gespeichert. Im Falle der Aktivierung der IP-Anonymisierung auf dieser Webseite, wird Ihre IP-Adresse von Google jedoch innerhalb von Mitgliedstaaten der Europ\u00e4ischen Union oder in anderen Vertragsstaaten des Abkommens \u00fcber den Europ\u00e4ischen Wirtschaftsraum zuvor gek\u00fcrzt. Nur in Ausnahmef\u00e4llen wird die volle IP-Adresse an einen Server von Google in den USA \u00fcbertragen und dort gek\u00fcrzt. Im Auftrag des Betreibers dieser Website wird Google diese Informationen benutzen, um Ihre Nutzung der Website auszuwerten, um Reports \u00fcber die Websiteaktivit\u00e4ten zusammenzustellen und um weitere mit der Websitenutzung und der Internetnutzung verbundene Dienstleistungen gegen\u00fcber dem Websitebetreiber zu erbringen. Die im Rahmen von Google Analytics von Ihrem Browser \u00fcbermittelte IP-Adresse wird nicht mit anderen Daten von Google zusammengef\u00fchrt. Sie k\u00f6nnen die Speicherung der Cookies durch eine entsprechende Einstellung Ihrer Browser-Software verhindern; wir weisen Sie jedoch darauf hin, dass Sie in diesem Fall gegebenenfalls nicht s\u00e4mtliche Funktionen dieser Website vollumf\u00e4nglich werden nutzen k\u00f6nnen. Sie k\u00f6nnen dar\u00fcber hinaus die Erfassung der durch das Cookie erzeugten und auf Ihre Nutzung der Website bezogenen Daten (inkl. Ihrer IP-Adresse) an Google sowie die Verarbeitung dieser Daten durch Google verhindern, indem sie das unter dem folgenden Link (http:\/\/tools.google.com\/dlpage\/gaoptout?hl=de) verf\u00fcgbare Browser-Plugin herunterladen und installieren.<br>N\u00e4here Informationen zu Nutzungsbedingungen und Datenschutz finden Sie unter http:\/\/www.google.com\/analytics\/terms\/de.html bzw. unter https:\/\/support.google.com\/analytics\/answer\/6004245?hl=de. Wir weisen Sie darauf hin, dass auf dieser Webseite Google Analytics um den Code \u201egat._anonymizeIp();\u201c erweitert wurde, um eine anonymisierte Erfassung von IP-Adressen (sog. IP-Masking) zu gew\u00e4hrleisten.<br><br><strong>Google Maps<\/strong><br>Diese Webseite verwendet Google Maps f\u00fcr die Darstellung von Karteninformationen. Bei der Nutzung von Google Maps werden von Google auch Daten \u00fcber die Nutzung der Maps-Funktionen durch Besucher der Webseiten erhoben, verarbeitet und genutzt. N\u00e4here Informationen \u00fcber die Datenverarbeitung durch Google k\u00f6nnen Sie den Datenschutzhinweisen von Google auf https:\/\/www.google.at\/intl\/de\/policies\/privacy entnehmen. Dort k\u00f6nnen Sie im Datenschutzcenter auch Ihre Einstellungen ver\u00e4ndern, so dass Sie Ihre Daten verwalten und sch\u00fctzen k\u00f6nnen.<br><br><strong>Datenschutzerkl\u00e4rung f\u00fcr die Nutzung von Facebook<\/strong><br>Auf unseren Seiten sind Plugins des sozialen Netzwerks Facebook, 1601 South California Avenue, Palo Alto, CA 94304, USA integriert. Die Facebook-Plugins erkennen Sie an dem Facebook-Logo oder dem \u201eLike-Button\u201c (\u201eGef\u00e4llt mir\u201c) auf unserer Seite. Eine \u00dcbersicht \u00fcber die Facebook-Plugins finden Sie hier: https:\/\/developers.facebook.com\/docs\/plugins.<br>Wenn Sie unsere Seiten besuchen, wird \u00fcber das Plugin eine direkte Verbindung zwischen Ihrem Browser und dem Facebook-Server hergestellt. Facebook erh\u00e4lt dadurch die Information, dass Sie mit Ihrer IP-Adresse unsere Seite besucht haben. Wenn Sie den Facebook \u201eLike-Button\u201c anklicken w\u00e4hrend Sie in Ihrem Facebook-Account eingeloggt sind, k\u00f6nnen Sie die Inhalte unserer Seiten auf Ihrem Facebook-Profil verlinken. Dadurch kann Facebook den Besuch unserer Seiten Ihrem Benutzerkonto zuordnen. Wir weisen darauf hin, dass wir als Anbieter der Seiten keine Kenntnis vom Inhalt der \u00fcbermittelten Daten sowie deren Nutzung durch Facebook erhalten. Weitere Informationen hierzu finden Sie in der Datenschutzerkl\u00e4rung von Facebook unter https:\/\/www.facebook.com\/policy.php Wenn Sie nicht w\u00fcnschen, dass Facebook den Besuch unserer Seiten Ihrem Facebook- Nutzerkonto zuordnen kann, loggen Sie sich bitte aus Ihrem Facebook-Benutzerkonto aus.<br><br><strong>Datenschutzerkl\u00e4rung f\u00fcr die Nutzung von Google+<\/strong><br>Mithilfe der Google +1-Schaltfl\u00e4che k\u00f6nnen Sie Informationen weltweit ver\u00f6ffentlichen. \u00dcber die Google +1-Schaltfl\u00e4che erhalten Sie und andere Nutzer personalisierte Inhalte von Google und unseren Partnern. Google speichert sowohl die Information, dass Sie f\u00fcr einen Inhalt +1 gegeben haben, als auch Informationen \u00fcber die Seite, die Sie beim Klicken auf +1 angesehen haben. Ihre +1 k\u00f6nnen als Hinweise zusammen mit Ihrem Profilnamen und Ihrem Foto in Google-Diensten, wie etwa in Suchergebnissen oder in Ihrem Google-Profil, oder an anderen Stellen auf Websites und Anzeigen im Internet eingeblendet werden.<br>Google zeichnet Informationen \u00fcber Ihre +1-Aktivit\u00e4ten auf, um die Google-Dienste f\u00fcr Sie und andere zu verbessern. Um die Google +1- Schaltfl\u00e4che verwenden zu k\u00f6nnen, ben\u00f6tigen Sie ein weltweit sichtbares, \u00f6ffentliches Google-Profil, das zumindest den f\u00fcr das Profil gew\u00e4hlten Namen enthalten muss. Dieser Name wird in allen Google- Diensten verwendet. In manchen F\u00e4llen kann dieser Name auch einen anderen Namen ersetzen, den Sie beim Teilen von Inhalten \u00fcber Ihr Google-Konto verwendet haben. Die Identit\u00e4t Ihres Google-Profils kann Nutzern angezeigt werden, die Ihre E-Mail-Adresse kennen oder \u00fcber andere identifizierende Informationen von Ihnen verf\u00fcgen.<br>Neben den oben erl\u00e4uterten Verwendungszwecken werden die von Ihnen bereitgestellten Informationen gem\u00e4\u00df den geltenden Google-Datenschutzbestimmungen genutzt. Google ver\u00f6ffentlicht m\u00f6glicherweise zusammengefasste Statistiken \u00fcber die +1-Aktivit\u00e4ten der Nutzer bzw. gibt diese an Nutzer und Partner weiter, wie etwa Publisher, Inserenten oder verbundene Websites.<br><br><strong>Datenschutzerkl\u00e4rung f\u00fcr die Nutzung von Instagram<\/strong><br>Auf unserer Webseite sind Funktionen des Dienstes Instagram eingebunden. Diese Funktionen werden angeboten durch die Instagram Inc., 1601 Willow Road, Menlo Park, CA, 94025, USA integriert. Wenn Sie in Ihren Instagram-Account eingeloggt sind, k\u00f6nnen Sie durch Anklicken des Instagram-Buttons die Inhalte unserer Seiten mit Ihrem Instagram-Profil verlinken. Dadurch kann Instagram den Besuch unserer Seiten Ihrem Benutzerkonto zuordnen. Wir weisen darauf hin, dass wir als Anbieter der Seiten keine Kenntnis vom Inhalt der \u00fcbermittelten Daten sowie deren Nutzung durch Instagram erhalten. Weitere Informationen hierzu finden Sie in der Datenschutzerkl\u00e4rung von Instagram auf https:\/\/www.instagram.com\/about\/legal\/privacy.<br><br><strong>Auskunftsrecht<\/strong><br>Sie haben jederzeit das Recht auf Auskunft \u00fcber die bez\u00fcglich Ihrer Person gespeicherten Daten, deren Herkunft und Empf\u00e4nger sowie den Zweck der Speicherung.<\/p>\n","protected":false},"excerpt":{"rendered":"<p>Mag. Verena Gr\u00fcnwaldvgruenwald@be-co.at+43 676 684 98 38A-1040 Wien, Kolschitzkygasse 7\/12ATU 5604830 https:\/\/verenagruenwald.comhttps:\/\/be-co.at Datenschutzerkl\u00e4rungWir legen gro\u00dfen Wert auf den Schutz Ihrer Daten. Um Sie in vollem Umfang \u00fcber die Verwendung personenbezogener Daten zu informieren, bitten wir Sie die folgenden Datenschutzhinweise zur Kenntnis zu nehmen. Pers\u00f6nliche DatenPers\u00f6nliche Daten, die Sie auf dieser Website elektronisch \u00fcbermitteln, wie zum<\/p>\n<p class=\"more-link\"><a href=\"https:\/\/www.verenagruenwald.com\/WP\/impressum\/\" class=\"themebutton\">Read More<\/a><\/p>\n","protected":false},"author":1,"featured_media":0,"parent":0,"menu_order":0,"comment_status":"closed","ping_status":"closed","template":"","meta":[],"_links":{"self":[{"href":"https:\/\/www.verenagruenwald.com\/WP\/wp-json\/wp\/v2\/pages\/455"}],"collection":[{"href":"https:\/\/www.verenagruenwald.com\/WP\/wp-json\/wp\/v2\/pages"}],"about":[{"href":"https:\/\/www.verenagruenwald.com\/WP\/wp-json\/wp\/v2\/types\/page"}],"author":[{"embeddable":true,"href":"https:\/\/www.verenagruenwald.com\/WP\/wp-json\/wp\/v2\/users\/1"}],"replies":[{"embeddable":true,"href":"https:\/\/www.verenagruenwald.com\/WP\/wp-json\/wp\/v2\/comments?post=455"}],"version-history":[{"count":2,"href":"https:\/\/www.verenagruenwald.com\/WP\/wp-json\/wp\/v2\/pages\/455\/revisions"}],"predecessor-version":[{"id":2037,"href":"https:\/\/www.verenagruenwald.com\/WP\/wp-json\/wp\/v2\/pages\/455\/revisions\/2037"}],"wp:attachment":[{"href":"https:\/\/www.verenagruenwald.com\/WP\/wp-json\/wp\/v2\/media?parent=455"}],"curies":[{"name":"wp","href":"https:\/\/api.w.org\/{rel}","templated":true}]}}