{"id":451,"date":"2023-03-21T14:03:34","date_gmt":"2023-03-21T13:03:34","guid":{"rendered":"https:\/\/www.verenagruenwald.com\/WP\/?page_id=451"},"modified":"2025-03-31T21:01:26","modified_gmt":"2025-03-31T19:01:26","slug":"re-organisation","status":"publish","type":"page","link":"https:\/\/www.verenagruenwald.com\/WP\/be-co\/beratungen-be-co\/re-organisation\/","title":{"rendered":"Re-Organisation"},"content":{"rendered":"\n<p style=\"font-size:15px\">Manchmal braucht ein Unternehmen eine neue Struktur, um am Puls der Zeit &#8211; und damit wettbewerbsf\u00e4hig &#8211; zu bleiben. Reorganisation ist prinzipiell in gewissen Zeitabschnitten ein sehr gutes Tool, weil Ver\u00e4nderung und Weiterentwicklung eines Unternehmens nie aufh\u00f6ren sollen. Auch hilft es die Betriebsblindheit auf einem minimalen Ma\u00df zu halten, sowie die mittel- bis langfristigen Strategieziele zu \u00fcberarbeiten. <\/p>\n\n\n\n<p><mark style=\"background-color:rgba(0, 0, 0, 0)\" class=\"has-inline-color has-white-color\">Verena gr\u00fcnwald be-co Reorganisation<\/mark><\/p>\n\n\n\n<p style=\"font-size:15px\">Be-Co kann Sie bei diesen zyklischen Anforderungen in den folgenden Bereichen unterst\u00fctzen: <\/p>\n\n\n\n<p><\/p>\n\n\n\n<p class=\"has-medium-font-size\"><strong><mark style=\"background-color:rgba(0, 0, 0, 0)\" class=\"has-inline-color has-luminous-vivid-orange-color\">Marketing, Social Media und Content Planung <\/mark><\/strong><\/p>\n\n\n\n<div class=\"wp-block-image is-style-default\"><figure class=\"alignleft size-full is-resized\"><img loading=\"lazy\" src=\"http:\/\/www.verenagruenwald.com\/WP\/wp-content\/social-media-content-marketing-be-co-Verena-Gruenwald.png\" alt=\"\" class=\"wp-image-478\" width=\"358\" height=\"280\" srcset=\"https:\/\/www.verenagruenwald.com\/WP\/wp-content\/social-media-content-marketing-be-co-Verena-Gruenwald.png 523w, https:\/\/www.verenagruenwald.com\/WP\/wp-content\/social-media-content-marketing-be-co-Verena-Gruenwald-300x235.png 300w\" sizes=\"(max-width: 358px) 100vw, 358px\" \/><\/figure><\/div>\n\n\n\n<p style=\"font-size:15px\">Eine <strong><mark style=\"background-color:rgba(0, 0, 0, 0)\" class=\"has-inline-color has-luminous-vivid-orange-color\">aussagekr\u00e4ftige und aktuell gehaltene Website<\/mark><\/strong>, mehrere Postings pro Woche auf ein bis zwei <strong><mark style=\"background-color:rgba(0, 0, 0, 0)\" class=\"has-inline-color has-luminous-vivid-orange-color\">Social<\/mark> <mark style=\"background-color:rgba(0, 0, 0, 0)\" class=\"has-inline-color has-luminous-vivid-orange-color\">Media-Kan\u00e4len<\/mark><\/strong>, w\u00f6chentlich oder monatlich erstellte Newsletter und Blogbeitr\u00e4ge &#8211; das alles geh\u00f6rt heutzutage zum Marketing und zum &#8222;Kundenservice&#8220; ganz selbstverst\u00e4ndlich dazu, wenn man wettbewerbsf\u00e4hig bleiben m\u00f6chte. Doch was tun, wenn man weder die zeitlichen Kapazit\u00e4ten noch das Talent zum Texten und Gestalten von Social Media-Beitr\u00e4gen hat?<br><br>Mein <mark style=\"background-color:rgba(0, 0, 0, 0)\" class=\"has-inline-color has-luminous-vivid-orange-color\"><strong>Social-Media-Content-Angebot<\/strong> <\/mark>umfasst die strategische Planung und textliche Erstellung von<\/p>\n\n\n\n<div class=\"wp-block-columns\">\n<div class=\"wp-block-column\" style=\"flex-basis:100%\">\n<ul style=\"font-size:15px\"><li>strategische Websiteplanung und Re-Organisation<\/li><li>strategische Social Media Marketing Planung<\/li><li>strategische Content Planung<\/li><li>Zusammenf\u00fchrung mit ev. bestehender Marketing-Strategie des Unternehmens<\/li><\/ul>\n<\/div>\n<\/div>\n\n\n\n<p class=\"has-medium-font-size\"><strong><mark style=\"background-color:rgba(0, 0, 0, 0)\" class=\"has-inline-color has-luminous-vivid-orange-color\">Controlling und Finanzstrategie<\/mark><\/strong><\/p>\n\n\n\n<div class=\"wp-block-image is-style-default\"><figure class=\"alignleft size-large is-resized\"><img loading=\"lazy\" src=\"http:\/\/www.verenagruenwald.com\/WP\/wp-content\/Monatseinnahmenplanung-taschenrechner-1024x683.jpg\" alt=\"\" class=\"wp-image-1139\" width=\"357\" height=\"238\" srcset=\"https:\/\/www.verenagruenwald.com\/WP\/wp-content\/Monatseinnahmenplanung-taschenrechner-1024x683.jpg 1024w, https:\/\/www.verenagruenwald.com\/WP\/wp-content\/Monatseinnahmenplanung-taschenrechner-300x200.jpg 300w, https:\/\/www.verenagruenwald.com\/WP\/wp-content\/Monatseinnahmenplanung-taschenrechner-768x512.jpg 768w, https:\/\/www.verenagruenwald.com\/WP\/wp-content\/Monatseinnahmenplanung-taschenrechner-1536x1024.jpg 1536w, https:\/\/www.verenagruenwald.com\/WP\/wp-content\/Monatseinnahmenplanung-taschenrechner-570x380.jpg 570w, https:\/\/www.verenagruenwald.com\/WP\/wp-content\/Monatseinnahmenplanung-taschenrechner-380x254.jpg 380w, https:\/\/www.verenagruenwald.com\/WP\/wp-content\/Monatseinnahmenplanung-taschenrechner-285x190.jpg 285w, https:\/\/www.verenagruenwald.com\/WP\/wp-content\/Monatseinnahmenplanung-taschenrechner.jpg 1920w\" sizes=\"(max-width: 357px) 100vw, 357px\" \/><\/figure><\/div>\n\n\n\n<p style=\"font-size:15px\">Von Zeit zu Zeit sollte auch bei Klein- und Mittelbetrieben mit \u00fcberschaubarer Buchhaltung ein Controlling der Ist-Ausgaben durchgef\u00fchrt werden, damit diverse &#8218;Finanzleichen&#8216;, wie \u00fcberteuerte Versicherungen, nicht mehr ben\u00f6tige Abonnements, usw. ausgemerzt werden k\u00f6nnen. Auch gilt es eine <strong><mark style=\"background-color:rgba(0, 0, 0, 0)\" class=\"has-inline-color has-luminous-vivid-orange-color\">strategische Finanzplanung<\/mark><\/strong> zu erstellen oder eine bestehende zu \u00fcberarbeiten, um gen\u00fcgen R\u00fccklagen zu lukrieren, die gerade in den vorherrschenden, unruhigen Zeiten manchmal der Schl\u00fcssel zwischen \u00dcberleben oder Untergang sind. <\/p>\n\n\n\n<p style=\"font-size:15px\">Hierbei sollte auf den Unterschied zwischen Bilanzbuchhaltung und Kostenrechnung ein Auge gehalten werden, um auch mittelfristig Gewinnzuw\u00e4chse verzeichnen zu k\u00f6nnen. Hierbei hilft eine <strong><mark style=\"background-color:rgba(0, 0, 0, 0)\" class=\"has-inline-color has-luminous-vivid-orange-color\">Soll-Ist-Analyse<\/mark><\/strong> und eine darauf aufbauende <strong><mark style=\"background-color:rgba(0, 0, 0, 0)\" class=\"has-inline-color has-luminous-vivid-orange-color\">Finanzplanung f\u00fcr eine mittel- und langfristige Unternehmensplanung.<\/mark><\/strong> <\/p>\n\n\n\n<p><mark style=\"background-color:rgba(0, 0, 0, 0)\" class=\"has-inline-color has-white-color\">Verena gr\u00fcnwald Be co Re organisation <\/mark><\/p>\n\n\n\n<p class=\"has-medium-font-size\"><strong><mark style=\"background-color:rgba(0, 0, 0, 0)\" class=\"has-inline-color has-luminous-vivid-orange-color\">Personalmanagement und F\u00fchrung von Mitarbeitern<\/mark><\/strong><\/p>\n\n\n\n<div class=\"wp-block-image is-style-default\"><figure class=\"alignleft size-large is-resized\"><img loading=\"lazy\" src=\"http:\/\/www.verenagruenwald.com\/WP\/wp-content\/teamwork-2198961_1280-1024x682.png\" alt=\"\" class=\"wp-image-1137\" width=\"358\" height=\"238\" srcset=\"https:\/\/www.verenagruenwald.com\/WP\/wp-content\/teamwork-2198961_1280-1024x682.png 1024w, https:\/\/www.verenagruenwald.com\/WP\/wp-content\/teamwork-2198961_1280-300x200.png 300w, https:\/\/www.verenagruenwald.com\/WP\/wp-content\/teamwork-2198961_1280-768x512.png 768w, https:\/\/www.verenagruenwald.com\/WP\/wp-content\/teamwork-2198961_1280-570x380.png 570w, https:\/\/www.verenagruenwald.com\/WP\/wp-content\/teamwork-2198961_1280-380x254.png 380w, https:\/\/www.verenagruenwald.com\/WP\/wp-content\/teamwork-2198961_1280-285x190.png 285w, https:\/\/www.verenagruenwald.com\/WP\/wp-content\/teamwork-2198961_1280.png 1280w\" sizes=\"(max-width: 358px) 100vw, 358px\" \/><\/figure><\/div>\n\n\n\n<p style=\"font-size:15px\">Mitarbeiter sind das wichtigste Gut eines Unternehmens. Aus dem Grund sollte man darauf achten, dass es meinem wichtigsten Tool auch gut geht, so dass es nicht nur Spa\u00df an seiner T\u00e4tigkeit hat, sondern auch im Unternehmen verbleibt. Gerade in der heutigen Zeit gibt es <strong><mark style=\"background-color:rgba(0, 0, 0, 0)\" class=\"has-inline-color has-luminous-vivid-orange-color\">neue Richtungen, auf die sich das Personalwesen einstellen muss<\/mark><\/strong>, will es \u00fcberlebensf\u00e4hig bleiben: Work-Life-Balance, Burn-Out, Quiet Quitting, Home-Office, Remote Work, Hybrid Work, usw. <\/p>\n\n\n\n<p style=\"font-size:15px\"><strong><mark style=\"background-color:rgba(0, 0, 0, 0)\" class=\"has-inline-color has-luminous-vivid-orange-color\">Welche Art der Personalarbeit funktionert f\u00fcr meinen Unternehmenstyp<\/mark><\/strong>? Wie bleibe ich mit meinen Mitarbeitern in sozialem, beruflichem und kreativem Austausch? Welche Art der Vernetzung und Mobilit\u00e4t ben\u00f6tige ich, um meinen Betrieb zukunftssicher und attraktiv f\u00fcr neue Mitarbeiter*innen zu machen? <\/p>\n\n\n\n<p style=\"font-size:15px\">Alles Fragen, die f\u00fcr einen Klein- und Mittelunternehmen gro\u00dfe Herausforderungen darstellen k\u00f6nnen. Be-Co kann Ihnen dabei mit einer Analyse und strategischen Richtungsplanung helfen. <\/p>\n\n\n\n<p><\/p>\n\n\n\n<p style=\"font-size:18px\"><strong><a href=\"https:\/\/www.verenagruenwald.com\/WP\/kontakt\/\" data-type=\"URL\" data-id=\"https:\/\/www.verenagruenwald.com\/WP\/kontakt\/\" target=\"_blank\" rel=\"noreferrer noopener\">Kontakt Be-Co<\/a><\/strong><\/p>\n","protected":false},"excerpt":{"rendered":"<p>Manchmal braucht ein Unternehmen eine neue Struktur, um am Puls der Zeit &#8211; und damit wettbewerbsf\u00e4hig &#8211; zu bleiben. Reorganisation ist prinzipiell in gewissen Zeitabschnitten ein sehr gutes Tool, weil Ver\u00e4nderung und Weiterentwicklung eines Unternehmens nie aufh\u00f6ren sollen. Auch hilft es die Betriebsblindheit auf einem minimalen Ma\u00df zu halten, sowie die mittel- bis langfristigen Strategieziele<\/p>\n<p class=\"more-link\"><a href=\"https:\/\/www.verenagruenwald.com\/WP\/be-co\/beratungen-be-co\/re-organisation\/\" class=\"themebutton\">Read More<\/a><\/p>\n","protected":false},"author":1,"featured_media":0,"parent":156,"menu_order":0,"comment_status":"closed","ping_status":"closed","template":"","meta":[],"_links":{"self":[{"href":"https:\/\/www.verenagruenwald.com\/WP\/wp-json\/wp\/v2\/pages\/451"}],"collection":[{"href":"https:\/\/www.verenagruenwald.com\/WP\/wp-json\/wp\/v2\/pages"}],"about":[{"href":"https:\/\/www.verenagruenwald.com\/WP\/wp-json\/wp\/v2\/types\/page"}],"author":[{"embeddable":true,"href":"https:\/\/www.verenagruenwald.com\/WP\/wp-json\/wp\/v2\/users\/1"}],"replies":[{"embeddable":true,"href":"https:\/\/www.verenagruenwald.com\/WP\/wp-json\/wp\/v2\/comments?post=451"}],"version-history":[{"count":7,"href":"https:\/\/www.verenagruenwald.com\/WP\/wp-json\/wp\/v2\/pages\/451\/revisions"}],"predecessor-version":[{"id":1443,"href":"https:\/\/www.verenagruenwald.com\/WP\/wp-json\/wp\/v2\/pages\/451\/revisions\/1443"}],"up":[{"embeddable":true,"href":"https:\/\/www.verenagruenwald.com\/WP\/wp-json\/wp\/v2\/pages\/156"}],"wp:attachment":[{"href":"https:\/\/www.verenagruenwald.com\/WP\/wp-json\/wp\/v2\/media?parent=451"}],"curies":[{"name":"wp","href":"https:\/\/api.w.org\/{rel}","templated":true}]}}