{"id":435,"date":"2023-03-21T13:16:52","date_gmt":"2023-03-21T12:16:52","guid":{"rendered":"https:\/\/www.verenagruenwald.com\/WP\/?page_id=435"},"modified":"2025-03-31T21:02:34","modified_gmt":"2025-03-31T19:02:34","slug":"buecher-be-co","status":"publish","type":"page","link":"https:\/\/www.verenagruenwald.com\/WP\/be-co\/buecher-be-co\/","title":{"rendered":"B\u00fccher Be-Co"},"content":{"rendered":"\n<div class=\"wp-block-image is-style-default\"><figure class=\"alignleft size-large is-resized\"><img loading=\"lazy\" src=\"http:\/\/www.verenagruenwald.com\/WP\/wp-content\/Herausforderung-demografischer-Wandel-Verena-Gruenwald-699x1024.jpg\" alt=\"\" class=\"wp-image-436\" width=\"214\" height=\"313\" srcset=\"https:\/\/www.verenagruenwald.com\/WP\/wp-content\/Herausforderung-demografischer-Wandel-Verena-Gruenwald-699x1024.jpg 699w, https:\/\/www.verenagruenwald.com\/WP\/wp-content\/Herausforderung-demografischer-Wandel-Verena-Gruenwald-205x300.jpg 205w, https:\/\/www.verenagruenwald.com\/WP\/wp-content\/Herausforderung-demografischer-Wandel-Verena-Gruenwald-768x1126.jpg 768w, https:\/\/www.verenagruenwald.com\/WP\/wp-content\/Herausforderung-demografischer-Wandel-Verena-Gruenwald-1048x1536.jpg 1048w, https:\/\/www.verenagruenwald.com\/WP\/wp-content\/Herausforderung-demografischer-Wandel-Verena-Gruenwald-1397x2048.jpg 1397w, https:\/\/www.verenagruenwald.com\/WP\/wp-content\/Herausforderung-demografischer-Wandel-Verena-Gruenwald-scaled.jpg 1747w\" sizes=\"(max-width: 214px) 100vw, 214px\" \/><\/figure><\/div>\n\n\n\n<p class=\"has-medium-font-size\"><strong><mark style=\"background-color:rgba(0, 0, 0, 0)\" class=\"has-inline-color has-luminous-vivid-orange-color\">Herausforderung demografischer Wandel<\/mark><\/strong><\/p>\n\n\n\n<p style=\"font-size:18px\"><em><strong>Wege zu einer langfristig erfolgreichen Personalarbeit im Verwaltungsbereich<\/strong><\/em><\/p>\n\n\n\n<p style=\"font-size:15px\">Der demografische Wandel ver\u00e4ndert die Rahmenbedingungen insbesondere personalwirtschaftlicher Arbeit. Es geht zunehmend um die Frage, wie mit &#8222;Alter&#8220; als Entwicklungsfaktor produktiv und zukunftsbezogen umgegangen werden kann. In diesem Buch sollen Entwicklungsm\u00f6glichkeiten sowie konkrete Handlungsvorschl\u00e4ge f\u00fcr die \u00f6ffentliche Verwaltung aufgezeigt werden, um eine langfristige erfolgreiche Personalarbeit zu gew\u00e4hrleisten. Die Schwerpunkte liegen hierbei in den Bereichen Ver\u00e4nderung der Einstellung zum Thema &#8222;Alter&#8220;, gesundheits- und arbeitsplatzverbessernde Ma\u00dfnahmen, Bildungsarbeit und Erfahrungstransfer, Angst- und Krisenmanagement, F\u00fchrung und Motivation \u00e4lterer Mitarbeiter sowie Aufbau einer altersfreundlichen Unternehmenskultur. Das Buch richtet sich an Wirtschaftswissenschaftler, Verantwortliche in der \u00f6ffentlichen Verwaltung und Personalmanager aller Unternehmenstypen. <\/p>\n\n\n\n<p>VDM Verlag Dr. M\u00fcller Aktiengesellschaft &amp; Co. KG, ISBN: 978-3-639-19389-3<\/p>\n","protected":false},"excerpt":{"rendered":"<p>Herausforderung demografischer Wandel Wege zu einer langfristig erfolgreichen Personalarbeit im Verwaltungsbereich Der demografische Wandel ver\u00e4ndert die Rahmenbedingungen insbesondere personalwirtschaftlicher Arbeit. Es geht zunehmend um die Frage, wie mit &#8222;Alter&#8220; als Entwicklungsfaktor produktiv und zukunftsbezogen umgegangen werden kann. In diesem Buch sollen Entwicklungsm\u00f6glichkeiten sowie konkrete Handlungsvorschl\u00e4ge f\u00fcr die \u00f6ffentliche Verwaltung aufgezeigt werden, um eine langfristige erfolgreiche<\/p>\n<p class=\"more-link\"><a href=\"https:\/\/www.verenagruenwald.com\/WP\/be-co\/buecher-be-co\/\" class=\"themebutton\">Read More<\/a><\/p>\n","protected":false},"author":1,"featured_media":0,"parent":96,"menu_order":0,"comment_status":"closed","ping_status":"closed","template":"","meta":[],"_links":{"self":[{"href":"https:\/\/www.verenagruenwald.com\/WP\/wp-json\/wp\/v2\/pages\/435"}],"collection":[{"href":"https:\/\/www.verenagruenwald.com\/WP\/wp-json\/wp\/v2\/pages"}],"about":[{"href":"https:\/\/www.verenagruenwald.com\/WP\/wp-json\/wp\/v2\/types\/page"}],"author":[{"embeddable":true,"href":"https:\/\/www.verenagruenwald.com\/WP\/wp-json\/wp\/v2\/users\/1"}],"replies":[{"embeddable":true,"href":"https:\/\/www.verenagruenwald.com\/WP\/wp-json\/wp\/v2\/comments?post=435"}],"version-history":[{"count":7,"href":"https:\/\/www.verenagruenwald.com\/WP\/wp-json\/wp\/v2\/pages\/435\/revisions"}],"predecessor-version":[{"id":726,"href":"https:\/\/www.verenagruenwald.com\/WP\/wp-json\/wp\/v2\/pages\/435\/revisions\/726"}],"up":[{"embeddable":true,"href":"https:\/\/www.verenagruenwald.com\/WP\/wp-json\/wp\/v2\/pages\/96"}],"wp:attachment":[{"href":"https:\/\/www.verenagruenwald.com\/WP\/wp-json\/wp\/v2\/media?parent=435"}],"curies":[{"name":"wp","href":"https:\/\/api.w.org\/{rel}","templated":true}]}}