{"id":326,"date":"2023-03-16T11:33:56","date_gmt":"2023-03-16T10:33:56","guid":{"rendered":"https:\/\/www.verenagruenwald.com\/WP\/?page_id=326"},"modified":"2023-04-06T09:01:07","modified_gmt":"2023-04-06T07:01:07","slug":"botschaftskarten-sternenkind","status":"publish","type":"page","link":"https:\/\/www.verenagruenwald.com\/WP\/lilome\/orakelkarten\/botschaftskarten-sternenkind\/","title":{"rendered":"Die Bedeutung der BOTSCHAFTSKARTEN von STERNENKIND"},"content":{"rendered":"\n<p style=\"font-size:18px\">Bei den Orakelkarten STERNENKIND von Lilome gibt es gesamt 64 Karten, aufgeteilt in  <\/p>\n\n\n\n<ul style=\"font-size:18px\"><li><strong><mark style=\"background-color:rgba(0, 0, 0, 0)\" class=\"has-inline-color has-black-color\">10 Botschaftskarten<\/mark><\/strong><\/li><li><strong>24 <\/strong><a href=\"https:\/\/www.verenagruenwald.com\/WP\/lilome\/orakelkarten\/taetigkeitskarten-sternenkind\/\" data-type=\"URL\" data-id=\"https:\/\/www.verenagruenwald.com\/WP\/lilome\/orakelkarten\/taetigkeitskarten-sternenkind\/\" target=\"_blank\" rel=\"noreferrer noopener\"><strong>T\u00e4tigkeitskarten<\/strong> <\/a>und<\/li><li><strong>30 <a href=\"https:\/\/www.verenagruenwald.com\/WP\/lilome\/orakelkarten\/liebeskarten-sternenkind\/\" data-type=\"URL\" data-id=\"https:\/\/www.verenagruenwald.com\/WP\/lilome\/orakelkarten\/liebeskarten-sternenkind\/\" target=\"_blank\" rel=\"noreferrer noopener\">Liebeskarten<\/a><\/strong><\/li><\/ul>\n\n\n\n<p style=\"font-size:18px\">die, je nach Legeart verwendet werden k\u00f6nnen. Hier nun die \u00dcbersicht und Detailbeschreibung der Botschaftskarten. <\/p>\n\n\n\n<p><\/p>\n\n\n\n<h2 style=\"font-size:25px\"><mark style=\"background-color:rgba(0, 0, 0, 0)\" class=\"has-inline-color has-vivid-red-color\"><strong>Die Botschaftskarten<\/strong><\/mark><\/h2>\n\n\n\n<p><em>in alphapetischer Reihenfolge<\/em><\/p>\n\n\n\n<div class=\"wp-block-image is-style-default\"><figure class=\"alignleft size-full is-resized\"><img loading=\"lazy\" src=\"http:\/\/www.verenagruenwald.com\/WP\/wp-content\/Achte-auf-die-Warnsignale-70-x-120-inkl.-Rahmen-1.jpg\" alt=\"\" class=\"wp-image-328\" width=\"182\" height=\"312\"\/><\/figure><\/div>\n\n\n\n<p class=\"has-medium-font-size\"><strong><mark style=\"background-color:rgba(0, 0, 0, 0)\" class=\"has-inline-color has-vivid-red-color\">Achte auf die Warnsignale<\/mark><\/strong><\/p>\n\n\n\n<p style=\"font-size:18px\"><em><strong>Die Zeichen warnen dich<\/strong><\/em><\/p>\n\n\n\n<p style=\"font-size:18px\"><strong>Etwas an einer Beziehung stimmt nicht. Folge deiner Intuition und agiere nicht blind aufgrund deiner Emotionen.<\/strong><\/p>\n\n\n\n<p style=\"font-size:18px\">Diese Karte ist eine Warnung, auf deine Gef\u00fchle zu achten. Es ist ein Hinweis, dass etwas es ungesunde Aspekte in einer Beziehung, wie z.B. Unehrlichkeit, Respektlosigkeit, Koketterie, Mangel an Integrit\u00e4t oder Suchtverhalten. Wisse: Der grundlegende Charakter eines Menschen zeigt sich in der Art, wie der- oder diejenige mit anderen Personen umgeht. &nbsp;Lass nicht zu, dass die Emotionen dich blind machen. Folge deiner Intuition.<\/p>\n\n\n\n<p><\/p>\n\n\n\n<p><mark style=\"background-color:rgba(0, 0, 0, 0)\" class=\"has-inline-color has-white-color\">Orakelkarten Sternenkind Lilome<\/mark><\/p>\n\n\n\n<div class=\"wp-block-image is-style-default\"><figure class=\"alignleft size-large is-resized\"><img loading=\"lazy\" src=\"http:\/\/www.verenagruenwald.com\/WP\/wp-content\/beglueckende-veraenderungen-70-x-120-inkl.-Rahmen-598x1024.jpg\" alt=\"\" class=\"wp-image-329\" width=\"187\" height=\"320\"\/><\/figure><\/div>\n\n\n\n<p class=\"has-medium-font-size\"><strong><mark style=\"background-color:rgba(0, 0, 0, 0)\" class=\"has-inline-color has-vivid-red-color\">Begl\u00fcckende Ver\u00e4nderungen<\/mark><\/strong><\/p>\n\n\n\n<p style=\"font-size:18px\"><em><strong>Wunderbare Neuerungen stehen dir bevor<\/strong><\/em><\/p>\n\n\n\n<p style=\"font-size:18px\"><strong>Egal, um was es sich handelt &#8211; Beziehung, Berufswechsel oder neues Heim- das alles kann jetzt in dein Leben kommen. Diese Gelegenheiten sind darauf ausgerichtet, dir Gl\u00fcck zu bringen, auch wenn es am Anfang nicht so scheinen mag.<\/strong><\/p>\n\n\n\n<p style=\"font-size:18px\">Diese Karte ist zu dir gekommen, um dich auf begl\u00fcckende Ver\u00e4nderungen vorzubereiten, die jetzt in dein Leben kommen k\u00f6nnen. &nbsp;Hei\u00dfe diese neuen Ereignisse willkommen, auch wenn sie zun\u00e4chst be\u00e4ngstigend oder unm\u00f6glich erscheinen m\u00f6gen. M\u00f6glicherweise verlangt es von dir einen gro\u00dfen Vertrauensvorschuss. Aber lasse die \u00c4ngste los und folge deinem Herzen. Alles wird gut.<\/p>\n\n\n\n<p><\/p>\n\n\n\n<p><mark style=\"background-color:rgba(0, 0, 0, 0)\" class=\"has-inline-color has-white-color\">Orakelkarten Sternenkind von Lilome<\/mark><\/p>\n\n\n\n<div class=\"wp-block-image is-style-default\"><figure class=\"alignleft size-large is-resized\"><img loading=\"lazy\" src=\"http:\/\/www.verenagruenwald.com\/WP\/wp-content\/Ende-udn-Anfang-70-x-120-inkl.-Rahmen-598x1024.jpg\" alt=\"\" class=\"wp-image-330\" width=\"191\" height=\"327\" srcset=\"https:\/\/www.verenagruenwald.com\/WP\/wp-content\/Ende-udn-Anfang-70-x-120-inkl.-Rahmen-598x1024.jpg 598w, https:\/\/www.verenagruenwald.com\/WP\/wp-content\/Ende-udn-Anfang-70-x-120-inkl.-Rahmen-175x300.jpg 175w, https:\/\/www.verenagruenwald.com\/WP\/wp-content\/Ende-udn-Anfang-70-x-120-inkl.-Rahmen-768x1316.jpg 768w, https:\/\/www.verenagruenwald.com\/WP\/wp-content\/Ende-udn-Anfang-70-x-120-inkl.-Rahmen.jpg 827w\" sizes=\"(max-width: 191px) 100vw, 191px\" \/><\/figure><\/div>\n\n\n\n<p class=\"has-medium-font-size\"><strong><mark style=\"background-color:rgba(0, 0, 0, 0)\" class=\"has-inline-color has-vivid-red-color\">Ende und Anfang<\/mark><\/strong><\/p>\n\n\n\n<p style=\"font-size:18px\"><em><strong>Damit etwas Neues entstehen kann, muss etwas Altes zu Ende gehen<\/strong><\/em><\/p>\n\n\n\n<p style=\"font-size:18px\"><strong>F\u00fcrchte dich nicht. Nicht immer muss ein Abschied mit Schmerz oder Trauer einhergehen. Manches Ende ist auch eine Erleichterung, wenn man sie endlich aus seinem Leben verabschieden kann.<\/strong><\/p>\n\n\n\n<p style=\"font-size:18px\">In K\u00fcrze wird es in deinem Leben eine Ver\u00e4nderung geben. Diese kann, muss aber nicht schmerzhaft sein. F\u00fcrchte dich also nicht. Vielleicht handelt es sich dabei nur um alte Programmierungen, die du leichten Herzens loslassen kannst, denn sie behindern nur dein Vorw\u00e4rtskommen. Beachte die umliegenden Karten, um herauszufinden, welches Thema es sein k\u00f6nnte.<\/p>\n\n\n\n<p><\/p>\n\n\n\n<p><mark style=\"background-color:rgba(0, 0, 0, 0)\" class=\"has-inline-color has-white-color\">Orakelkarten Sternenkind Lilome<\/mark><\/p>\n\n\n\n<div class=\"wp-block-image is-style-default\"><figure class=\"alignleft size-large is-resized\"><img loading=\"lazy\" src=\"http:\/\/www.verenagruenwald.com\/WP\/wp-content\/Fuelle-70-x-120-inkl.-Rahmen-598x1024.jpg\" alt=\"\" class=\"wp-image-331\" width=\"186\" height=\"318\" srcset=\"https:\/\/www.verenagruenwald.com\/WP\/wp-content\/Fuelle-70-x-120-inkl.-Rahmen-598x1024.jpg 598w, https:\/\/www.verenagruenwald.com\/WP\/wp-content\/Fuelle-70-x-120-inkl.-Rahmen-175x300.jpg 175w, https:\/\/www.verenagruenwald.com\/WP\/wp-content\/Fuelle-70-x-120-inkl.-Rahmen-768x1316.jpg 768w, https:\/\/www.verenagruenwald.com\/WP\/wp-content\/Fuelle-70-x-120-inkl.-Rahmen.jpg 827w\" sizes=\"(max-width: 186px) 100vw, 186px\" \/><\/figure><\/div>\n\n\n\n<p class=\"has-medium-font-size\"><strong><mark style=\"background-color:rgba(0, 0, 0, 0)\" class=\"has-inline-color has-vivid-red-color\">F\u00fclle<\/mark><\/strong><\/p>\n\n\n\n<p style=\"font-size:18px\"><em><strong>Gro\u00dfe F\u00fclle wird in Form von Wohlstand, Gesundheit, Liebe und Ideen in dein Leben kommen<\/strong><\/em><\/p>\n\n\n\n<p style=\"font-size:18px\"><strong>Deshalb lade sie ein, indem du weise in positive, erf\u00fcllende Gedanken investiert. Bedenke auch, f\u00fcr alle M\u00f6glichkeiten offenzubleiben, denn die Erf\u00fcllung kann auf sehr unterschiedlichen, aber immer f\u00fcr dich perfekten Wegen zu dir kommen.<\/strong><\/p>\n\n\n\n<p style=\"font-size:18px\">Gro\u00dfe F\u00fclle wird in dein Leben kommen, wenn du die n\u00f6tigen Schritte daf\u00fcr jetzt vornimmst. Das funktioniert einfach durch das Gesetz der Anziehung, bei der jeder Gedanke eine Investition ist, die sofortige Dividenden aussch\u00fcttet. Investiere also weise und stimme deine Gedanken und Energien auf eine h\u00f6here Frequenz ein, um das anzuziehen, was du dir w\u00fcnschst.<\/p>\n\n\n\n<p><\/p>\n\n\n\n<p><mark style=\"background-color:rgba(0, 0, 0, 0)\" class=\"has-inline-color has-white-color\">Orakelkarten Sternenkind Lilome<\/mark><\/p>\n\n\n\n<div class=\"wp-block-image is-style-default\"><figure class=\"alignleft size-large is-resized\"><img loading=\"lazy\" src=\"http:\/\/www.verenagruenwald.com\/WP\/wp-content\/Gelegenheit-70-x-120-inkl.-Rahmen-598x1024.jpg\" alt=\"\" class=\"wp-image-332\" width=\"182\" height=\"312\" srcset=\"https:\/\/www.verenagruenwald.com\/WP\/wp-content\/Gelegenheit-70-x-120-inkl.-Rahmen-598x1024.jpg 598w, https:\/\/www.verenagruenwald.com\/WP\/wp-content\/Gelegenheit-70-x-120-inkl.-Rahmen-175x300.jpg 175w, https:\/\/www.verenagruenwald.com\/WP\/wp-content\/Gelegenheit-70-x-120-inkl.-Rahmen-768x1316.jpg 768w, https:\/\/www.verenagruenwald.com\/WP\/wp-content\/Gelegenheit-70-x-120-inkl.-Rahmen.jpg 827w\" sizes=\"(max-width: 182px) 100vw, 182px\" \/><\/figure><\/div>\n\n\n\n<p class=\"has-medium-font-size\"><strong><mark style=\"background-color:rgba(0, 0, 0, 0)\" class=\"has-inline-color has-vivid-red-color\">Gelegenheit<\/mark><\/strong><\/p>\n\n\n\n<p style=\"font-size:18px\"><em><strong>Sehr bald wirst du positives Wachstum und Expansion erfahren<\/strong><\/em><\/p>\n\n\n\n<p style=\"font-size:18px\"><strong>Das Universum arbeitet bereits hinter den Kulissen, um die letzten Barrieren f\u00fcr die perfekte Gelegenheit zu entfernen. Mache den Schritt, wenn die Chance wie ein Samen gleich, aus der Dunkelheit der Erde in frischem Gr\u00fcn an die helle Oberfl\u00e4che bricht.<\/strong><\/p>\n\n\n\n<p style=\"font-size:18px\">Diese Karte ist zu dir gekommen, um dir mitzuteilen, dass es nicht mehr lange dauert. Das Universum hat deine Gebete geh\u00f6rt und arbeitet bereits, um die die T\u00fcr zu der perfekten Gelegenheit zu \u00f6ffnen. M\u00f6glicherweise kannst du die Ergebnisse noch nicht erkennen, aber habe Vertrauen. Alles wird sich zu deinen Gunsten entwickeln.<\/p>\n\n\n\n<p><\/p>\n\n\n\n<p><mark style=\"background-color:rgba(0, 0, 0, 0)\" class=\"has-inline-color has-white-color\">Orakelkarten Sternenkind Lilome<\/mark><\/p>\n\n\n\n<div class=\"wp-block-image is-style-default\"><figure class=\"alignleft size-large is-resized\"><img loading=\"lazy\" src=\"http:\/\/www.verenagruenwald.com\/WP\/wp-content\/In-naher-Zukunft-70-x-120-inkl.-Rahmen-598x1024.jpg\" alt=\"\" class=\"wp-image-333\" width=\"180\" height=\"309\" srcset=\"https:\/\/www.verenagruenwald.com\/WP\/wp-content\/In-naher-Zukunft-70-x-120-inkl.-Rahmen-598x1024.jpg 598w, https:\/\/www.verenagruenwald.com\/WP\/wp-content\/In-naher-Zukunft-70-x-120-inkl.-Rahmen-175x300.jpg 175w, https:\/\/www.verenagruenwald.com\/WP\/wp-content\/In-naher-Zukunft-70-x-120-inkl.-Rahmen-768x1316.jpg 768w, https:\/\/www.verenagruenwald.com\/WP\/wp-content\/In-naher-Zukunft-70-x-120-inkl.-Rahmen.jpg 827w\" sizes=\"(max-width: 180px) 100vw, 180px\" \/><\/figure><\/div>\n\n\n\n<p class=\"has-medium-font-size\"><strong><mark style=\"background-color:rgba(0, 0, 0, 0)\" class=\"has-inline-color has-vivid-red-color\">In naher Zukunft<\/mark><\/strong><\/p>\n\n\n\n<p style=\"font-size:18px\"><em><strong>Die Situation, der deine Frage gilt, wird in den n\u00e4chsten Monaten eintreten<\/strong><\/em><\/p>\n\n\n\n<p><strong>Habe Geduld, denn alles l\u00e4uft in die richtige Richtung, auch wenn es zwischenzeitlich vielleicht nicht so scheinen mag.<\/strong><\/p>\n\n\n\n<p style=\"font-size:18px\">Deine W\u00fcnsche wurden geh\u00f6rt und an ihrer Verwirklichung wird gearbeitet. \u00dcbe dich also in Geduld, denn in den n\u00e4chsten Monaten wird es so weit sein. Bleibe optimistisch, k\u00fcmmere dich gut um dich selbst und arbeite im Sinne der Erf\u00fcllung, auch wenn vielleicht unvorhersehbare Faktoren auftauchen k\u00f6nnen, die scheinbar gar nicht in die richtige Richtung weisen. Doch alles ist gut. Vertraue darauf, dass sich alles in deinem Sinne und zu deinem Besten entwickeln wird.<\/p>\n\n\n\n<p><\/p>\n\n\n\n<p><mark style=\"background-color:rgba(0, 0, 0, 0)\" class=\"has-inline-color has-white-color\">Orakelkarten Sternenkind Lilome<\/mark><\/p>\n\n\n\n<div class=\"wp-block-image is-style-default\"><figure class=\"alignleft size-large is-resized\"><img loading=\"lazy\" src=\"http:\/\/www.verenagruenwald.com\/WP\/wp-content\/Ja-70-x-120-inkl.-Rahmen-598x1024.jpg\" alt=\"\" class=\"wp-image-334\" width=\"191\" height=\"327\" srcset=\"https:\/\/www.verenagruenwald.com\/WP\/wp-content\/Ja-70-x-120-inkl.-Rahmen-598x1024.jpg 598w, https:\/\/www.verenagruenwald.com\/WP\/wp-content\/Ja-70-x-120-inkl.-Rahmen-175x300.jpg 175w, https:\/\/www.verenagruenwald.com\/WP\/wp-content\/Ja-70-x-120-inkl.-Rahmen-768x1316.jpg 768w, https:\/\/www.verenagruenwald.com\/WP\/wp-content\/Ja-70-x-120-inkl.-Rahmen.jpg 827w\" sizes=\"(max-width: 191px) 100vw, 191px\" \/><\/figure><\/div>\n\n\n\n<p class=\"has-medium-font-size\"><strong><mark style=\"background-color:rgba(0, 0, 0, 0)\" class=\"has-inline-color has-vivid-red-color\">Ja<\/mark><\/strong><\/p>\n\n\n\n<p style=\"font-size:18px\"><em><strong>Die Antwort auf deine Frage ist Ja<\/strong><\/em><\/p>\n\n\n\n<p style=\"font-size:18px\"><strong>Du brauchst nicht mehr nach weiteren Optionen zu suchen. Die Entscheidung, die du getroffen hast, ist die richtige. Gehe voran und treibe deine Pl\u00e4ne mutig voran.<\/strong><\/p>\n\n\n\n<p style=\"font-size:18px\">Wenn du danach gefragt hast, ob die Entscheidung, die du getroffen hast, richtig ist, dann kann dich diese Karte beruhigen. Da du die richtige Wahl f\u00fcr deine Entwicklung und dein pers\u00f6nliches Wachstum getroffen hast, solltest du deine Pl\u00e4ne vorantreiben. Zwar k\u00f6nnen sich deine Entscheidungen als Herausforderung erweisen, dich ev. entmutigen oder auch trauriger Natur sein, aber gehe sie lebensbejahend und mit Selbstliebe an. Bitte andere dabei um Unterst\u00fctzung, wenn du diese ben\u00f6tigst.<\/p>\n\n\n\n<p><\/p>\n\n\n\n<p><mark style=\"background-color:rgba(0, 0, 0, 0)\" class=\"has-inline-color has-white-color\">Orakelkarten Sternenkind Lilome<\/mark><\/p>\n\n\n\n<div class=\"wp-block-image is-style-default\"><figure class=\"alignleft size-large is-resized\"><img loading=\"lazy\" src=\"http:\/\/www.verenagruenwald.com\/WP\/wp-content\/nein-70-x-120-inkl.-Rahmen-598x1024.jpg\" alt=\"\" class=\"wp-image-335\" width=\"180\" height=\"308\" srcset=\"https:\/\/www.verenagruenwald.com\/WP\/wp-content\/nein-70-x-120-inkl.-Rahmen-598x1024.jpg 598w, https:\/\/www.verenagruenwald.com\/WP\/wp-content\/nein-70-x-120-inkl.-Rahmen-175x300.jpg 175w, https:\/\/www.verenagruenwald.com\/WP\/wp-content\/nein-70-x-120-inkl.-Rahmen-768x1316.jpg 768w, https:\/\/www.verenagruenwald.com\/WP\/wp-content\/nein-70-x-120-inkl.-Rahmen.jpg 827w\" sizes=\"(max-width: 180px) 100vw, 180px\" \/><\/figure><\/div>\n\n\n\n<p class=\"has-medium-font-size\"><strong><mark style=\"background-color:rgba(0, 0, 0, 0)\" class=\"has-inline-color has-vivid-red-color\">Nein<\/mark><\/strong><\/p>\n\n\n\n<p style=\"font-size:18px\"><em><strong>Die Antwort auf deine Frage ist Nein<\/strong><\/em><\/p>\n\n\n\n<p style=\"font-size:18px\"><strong>Aber mach dir keine Sorgen. Bald wirst du erkennen, warum dies die perfekte Antwort war, und kannst die Sache hiermit abschlie\u00dfen.<\/strong><\/p>\n\n\n\n<p style=\"font-size:18px\">Diese Karte ist zu dir gekommen, um dir mitzuteilen, dass die Antwort auf deine Frage \u201eNein\u201c lautet. Doch das muss nicht immer etwas Negatives sein, denn manchmal wissen wir die Antwort bereits, trauen sie uns aber nicht, zu ihr zu stehen, aus Gr\u00fcnden der Erziehung oder gesellschaftlichen Norm. Entweder du kannst die Sache jetzt loslassen, weil sie dich nicht dorthin bringt, wo du hin geh\u00f6rst oder du kannst die alten Programmierungen abstreifen, denn du brauchst dich nicht mehr mit dem F\u00fcr und Wider zu qu\u00e4len.<\/p>\n\n\n\n<p><\/p>\n\n\n\n<p><mark style=\"background-color:rgba(0, 0, 0, 0)\" class=\"has-inline-color has-white-color\">Orakelkarten Sternenkind Lilome<\/mark><\/p>\n\n\n\n<div class=\"wp-block-image is-style-default\"><figure class=\"alignleft size-large is-resized\"><img loading=\"lazy\" src=\"http:\/\/www.verenagruenwald.com\/WP\/wp-content\/taeuschung-70-x-120-inkl.-Rahmen-598x1024.jpg\" alt=\"\" class=\"wp-image-336\" width=\"183\" height=\"313\" srcset=\"https:\/\/www.verenagruenwald.com\/WP\/wp-content\/taeuschung-70-x-120-inkl.-Rahmen-598x1024.jpg 598w, https:\/\/www.verenagruenwald.com\/WP\/wp-content\/taeuschung-70-x-120-inkl.-Rahmen-175x300.jpg 175w, https:\/\/www.verenagruenwald.com\/WP\/wp-content\/taeuschung-70-x-120-inkl.-Rahmen-768x1316.jpg 768w, https:\/\/www.verenagruenwald.com\/WP\/wp-content\/taeuschung-70-x-120-inkl.-Rahmen.jpg 827w\" sizes=\"(max-width: 183px) 100vw, 183px\" \/><\/figure><\/div>\n\n\n\n<p class=\"has-medium-font-size\"><strong><mark style=\"background-color:rgba(0, 0, 0, 0)\" class=\"has-inline-color has-vivid-red-color\">T\u00e4uschung<\/mark><\/strong><\/p>\n\n\n\n<p style=\"font-size:18px\"><em><strong>Jemand in deinem Umfeld verbirgt sein wahres Selbst hinter einer Maske<\/strong><\/em><\/p>\n\n\n\n<p style=\"font-size:18px\"><strong>In einer Situation oder einer Beziehung herrscht eine andere Wahrheit vor, als dir bewusst ist. Diese Karte soll dich vor T\u00e4uschungen warnen &#8211; auch vor derjenigen, dich selbst hinter Masken zu verstecken. <\/strong><\/p>\n\n\n\n<p style=\"font-size:18px\">Die Karte versteht sich als Warnung, um dir zu helfen, dein eigenes Herz vor Entt\u00e4uschung zu sch\u00fctzen, entweder durch die Taten anderer oder \u00fcber dich selbst. Tr\u00e4gst du in diveresen Bereichen deines Lebens eine Maske? Verstecke dich nicht, nur weil es einfacher oder h\u00f6flicher erscheint, sondern sei zu 100 %ig du selbst. Vertraue und liebe dich, so wie du bist, und sei dir deinem einzigartigen Ich in jedem Moment bewusst.<\/p>\n\n\n\n<p><\/p>\n\n\n\n<p><mark style=\"background-color:rgba(0, 0, 0, 0)\" class=\"has-inline-color has-white-color\">Orakelkarten Sternenkind Lilome<\/mark><\/p>\n\n\n\n<div class=\"wp-block-image is-style-default\"><figure class=\"alignleft size-large is-resized\"><img loading=\"lazy\" src=\"http:\/\/www.verenagruenwald.com\/WP\/wp-content\/verlust-70-x-120-inkl.-Rahmen-598x1024.jpg\" alt=\"\" class=\"wp-image-337\" width=\"178\" height=\"305\" srcset=\"https:\/\/www.verenagruenwald.com\/WP\/wp-content\/verlust-70-x-120-inkl.-Rahmen-598x1024.jpg 598w, https:\/\/www.verenagruenwald.com\/WP\/wp-content\/verlust-70-x-120-inkl.-Rahmen-175x300.jpg 175w, https:\/\/www.verenagruenwald.com\/WP\/wp-content\/verlust-70-x-120-inkl.-Rahmen-768x1316.jpg 768w, https:\/\/www.verenagruenwald.com\/WP\/wp-content\/verlust-70-x-120-inkl.-Rahmen.jpg 827w\" sizes=\"(max-width: 178px) 100vw, 178px\" \/><\/figure><\/div>\n\n\n\n<p class=\"has-medium-font-size\"><mark style=\"background-color:rgba(0, 0, 0, 0)\" class=\"has-inline-color has-vivid-red-color\"><strong>Verlust<\/strong><\/mark><\/p>\n\n\n\n<p style=\"font-size:18px\"><em><strong>Zweifel, Angst und Verlust umgeben dich, die jedoch nur alte Programmierungen sind<\/strong><\/em><\/p>\n\n\n\n<p style=\"font-size:18px\"><strong>Keine Angst vor dieser Karte. Sie ist zu dir gekommen, damit du dich mit diesem Gef\u00fchl auseinandersetzt und dich davon verabschiedest. Auch kann diese Karte andere \u201anegative\u2018 Karten abschw\u00e4chen. Achte also auf n\u00e4chstgelegenen Karten.<\/strong><\/p>\n\n\n\n<p style=\"font-size:18px\">Vielleicht wirst du von Zweifeln oder \u00c4ngsten gerade \u201eaufgefressen\u201c, wie die Maus sich durch den K\u00e4se frisst. Vielleicht musstest du auch in letzter Zeit finanzielle Verluste hinnehmen und wei\u00dft nun nicht genau, wie du diese wieder ausmerzen sollst. Diese Karte verk\u00f6rpert auch den nagenden Zweifel, dass etwas oder jemand dich sehr belastet und dir Stress verursacht. F\u00fcrchte dich jedoch nicht vor dieser Karte. Sie ist genau dazu da, um dir diese \u00c4ngste aufzuzeigen, dich mit ihnen zu besch\u00e4ftigen und sie besser kennenzulernen. Dieses \u201eHinschauen\u201c lohnt sich, denn oft stecken hinter \u00c4ngsten auch alte Programmierungen, die du durch deine erlebte Entwicklung jetzt eigentlich schon loslassen kannst. Sie sind nur noch Altlasten, die dich fr\u00fcher in Angst und Zweifel gest\u00fcrzt haben, dich heute jedoch nur noch mit ihrer leeren H\u00fclle und der Gewohnheit qu\u00e4len. Lass sie los und hinter dir. Du brauchst sie nicht mehr. Achte auch auf umliegende Karten: Was geht in Verlust? Wenn es sich um eine \u201anegative\u2018 Karte handelt, dann vermindert die Verlust-Karte die Wirkung der anderen Karte.<\/p>\n\n\n\n<p><\/p>\n\n\n\n<p><\/p>\n","protected":false},"excerpt":{"rendered":"<p>Bei den Orakelkarten STERNENKIND von Lilome gibt es gesamt 64 Karten, aufgeteilt in 10 Botschaftskarten 24 T\u00e4tigkeitskarten und 30 Liebeskarten die, je nach Legeart verwendet werden k\u00f6nnen. Hier nun die \u00dcbersicht und Detailbeschreibung der Botschaftskarten. Die Botschaftskarten in alphapetischer Reihenfolge Achte auf die Warnsignale Die Zeichen warnen dich Etwas an einer Beziehung stimmt nicht. Folge<\/p>\n<p class=\"more-link\"><a href=\"https:\/\/www.verenagruenwald.com\/WP\/lilome\/orakelkarten\/botschaftskarten-sternenkind\/\" class=\"themebutton\">Read More<\/a><\/p>\n","protected":false},"author":1,"featured_media":0,"parent":148,"menu_order":0,"comment_status":"closed","ping_status":"closed","template":"","meta":[],"_links":{"self":[{"href":"https:\/\/www.verenagruenwald.com\/WP\/wp-json\/wp\/v2\/pages\/326"}],"collection":[{"href":"https:\/\/www.verenagruenwald.com\/WP\/wp-json\/wp\/v2\/pages"}],"about":[{"href":"https:\/\/www.verenagruenwald.com\/WP\/wp-json\/wp\/v2\/types\/page"}],"author":[{"embeddable":true,"href":"https:\/\/www.verenagruenwald.com\/WP\/wp-json\/wp\/v2\/users\/1"}],"replies":[{"embeddable":true,"href":"https:\/\/www.verenagruenwald.com\/WP\/wp-json\/wp\/v2\/comments?post=326"}],"version-history":[{"count":13,"href":"https:\/\/www.verenagruenwald.com\/WP\/wp-json\/wp\/v2\/pages\/326\/revisions"}],"predecessor-version":[{"id":1037,"href":"https:\/\/www.verenagruenwald.com\/WP\/wp-json\/wp\/v2\/pages\/326\/revisions\/1037"}],"up":[{"embeddable":true,"href":"https:\/\/www.verenagruenwald.com\/WP\/wp-json\/wp\/v2\/pages\/148"}],"wp:attachment":[{"href":"https:\/\/www.verenagruenwald.com\/WP\/wp-json\/wp\/v2\/media?parent=326"}],"curies":[{"name":"wp","href":"https:\/\/api.w.org\/{rel}","templated":true}]}}