{"id":2202,"date":"2025-03-31T15:20:24","date_gmt":"2025-03-31T13:20:24","guid":{"rendered":"https:\/\/www.verenagruenwald.com\/WP\/?page_id=2202"},"modified":"2025-03-31T15:20:24","modified_gmt":"2025-03-31T13:20:24","slug":"arbeitsprobe-von-hashtag-feedback","status":"publish","type":"page","link":"https:\/\/www.verenagruenwald.com\/WP\/arbeitsprobe-von-hashtag-feedback\/","title":{"rendered":"Arbeitsprobe von Hashtag Feedback"},"content":{"rendered":"\n<p><strong><em>Facebook Posts f\u00fcr ALLES APFEL<\/em><\/strong><\/p>\n\n\n\n<figure class=\"wp-block-image size-full\"><img loading=\"lazy\" width=\"538\" height=\"547\" src=\"https:\/\/www.verenagruenwald.com\/WP\/wp-content\/facebook-1-alles-apfel.jpg\" alt=\"\" class=\"wp-image-2203\" srcset=\"https:\/\/www.verenagruenwald.com\/WP\/wp-content\/facebook-1-alles-apfel.jpg 538w, https:\/\/www.verenagruenwald.com\/WP\/wp-content\/facebook-1-alles-apfel-295x300.jpg 295w\" sizes=\"(max-width: 538px) 100vw, 538px\" \/><\/figure>\n\n\n\n<figure class=\"wp-block-image size-full\"><img loading=\"lazy\" width=\"521\" height=\"452\" src=\"https:\/\/www.verenagruenwald.com\/WP\/wp-content\/facebook-2-alles-apfel.jpg\" alt=\"\" class=\"wp-image-2206\" srcset=\"https:\/\/www.verenagruenwald.com\/WP\/wp-content\/facebook-2-alles-apfel.jpg 521w, https:\/\/www.verenagruenwald.com\/WP\/wp-content\/facebook-2-alles-apfel-300x260.jpg 300w\" sizes=\"(max-width: 521px) 100vw, 521px\" \/><\/figure>\n\n\n\n<figure class=\"wp-block-image size-full\"><img loading=\"lazy\" width=\"507\" height=\"519\" src=\"https:\/\/www.verenagruenwald.com\/WP\/wp-content\/facebook-4-alles-apfel.jpg\" alt=\"\" class=\"wp-image-2209\" srcset=\"https:\/\/www.verenagruenwald.com\/WP\/wp-content\/facebook-4-alles-apfel.jpg 507w, https:\/\/www.verenagruenwald.com\/WP\/wp-content\/facebook-4-alles-apfel-293x300.jpg 293w\" sizes=\"(max-width: 507px) 100vw, 507px\" \/><\/figure>\n\n\n\n<p><strong><em>Instagram Posts f\u00fcr ALLES APFEL<\/em><\/strong><\/p>\n\n\n\n<figure class=\"wp-block-image size-full\"><img loading=\"lazy\" width=\"532\" height=\"176\" src=\"https:\/\/www.verenagruenwald.com\/WP\/wp-content\/instagram-1-alles-apfel.jpg\" alt=\"\" class=\"wp-image-2210\" srcset=\"https:\/\/www.verenagruenwald.com\/WP\/wp-content\/instagram-1-alles-apfel.jpg 532w, https:\/\/www.verenagruenwald.com\/WP\/wp-content\/instagram-1-alles-apfel-300x99.jpg 300w\" sizes=\"(max-width: 532px) 100vw, 532px\" \/><\/figure>\n\n\n\n<figure class=\"wp-block-image size-full\"><img loading=\"lazy\" width=\"535\" height=\"195\" src=\"https:\/\/www.verenagruenwald.com\/WP\/wp-content\/instagram-2-alles-apfel.jpg\" alt=\"\" class=\"wp-image-2211\" srcset=\"https:\/\/www.verenagruenwald.com\/WP\/wp-content\/instagram-2-alles-apfel.jpg 535w, https:\/\/www.verenagruenwald.com\/WP\/wp-content\/instagram-2-alles-apfel-300x109.jpg 300w\" sizes=\"(max-width: 535px) 100vw, 535px\" \/><\/figure>\n\n\n\n<figure class=\"wp-block-image size-full\"><img loading=\"lazy\" width=\"517\" height=\"215\" src=\"https:\/\/www.verenagruenwald.com\/WP\/wp-content\/instagram-4-alles-apfel.jpg\" alt=\"\" class=\"wp-image-2213\" srcset=\"https:\/\/www.verenagruenwald.com\/WP\/wp-content\/instagram-4-alles-apfel.jpg 517w, https:\/\/www.verenagruenwald.com\/WP\/wp-content\/instagram-4-alles-apfel-300x125.jpg 300w\" sizes=\"(max-width: 517px) 100vw, 517px\" \/><\/figure>\n\n\n\n<p><strong><em>Instagram Posts f\u00fcr MAMMA MIA<\/em><\/strong><\/p>\n\n\n\n<figure class=\"wp-block-image size-full\"><img loading=\"lazy\" width=\"633\" height=\"235\" src=\"https:\/\/www.verenagruenwald.com\/WP\/wp-content\/instagram-2-mamma-mia.jpg\" alt=\"\" class=\"wp-image-2214\" srcset=\"https:\/\/www.verenagruenwald.com\/WP\/wp-content\/instagram-2-mamma-mia.jpg 633w, https:\/\/www.verenagruenwald.com\/WP\/wp-content\/instagram-2-mamma-mia-300x111.jpg 300w\" sizes=\"(max-width: 633px) 100vw, 633px\" \/><\/figure>\n\n\n\n<figure class=\"wp-block-image size-full\"><img loading=\"lazy\" width=\"647\" height=\"242\" src=\"https:\/\/www.verenagruenwald.com\/WP\/wp-content\/instagram-4-mamma-mia.jpg\" alt=\"\" class=\"wp-image-2216\" srcset=\"https:\/\/www.verenagruenwald.com\/WP\/wp-content\/instagram-4-mamma-mia.jpg 647w, https:\/\/www.verenagruenwald.com\/WP\/wp-content\/instagram-4-mamma-mia-300x112.jpg 300w\" sizes=\"(max-width: 647px) 100vw, 647px\" \/><\/figure>\n\n\n\n<figure class=\"wp-block-image size-full\"><img loading=\"lazy\" width=\"617\" height=\"224\" src=\"https:\/\/www.verenagruenwald.com\/WP\/wp-content\/instagram-6-mamma-mia.jpg\" alt=\"\" class=\"wp-image-2217\" srcset=\"https:\/\/www.verenagruenwald.com\/WP\/wp-content\/instagram-6-mamma-mia.jpg 617w, https:\/\/www.verenagruenwald.com\/WP\/wp-content\/instagram-6-mamma-mia-300x109.jpg 300w\" sizes=\"(max-width: 617px) 100vw, 617px\" \/><\/figure>\n\n\n\n<figure class=\"wp-block-image size-full\"><img loading=\"lazy\" width=\"615\" height=\"213\" src=\"https:\/\/www.verenagruenwald.com\/WP\/wp-content\/instragram-5-mamma-mia.jpg\" alt=\"\" class=\"wp-image-2204\" srcset=\"https:\/\/www.verenagruenwald.com\/WP\/wp-content\/instragram-5-mamma-mia.jpg 615w, https:\/\/www.verenagruenwald.com\/WP\/wp-content\/instragram-5-mamma-mia-300x104.jpg 300w\" sizes=\"(max-width: 615px) 100vw, 615px\" \/><\/figure>\n\n\n\n<p><em><strong>Geschichte f\u00fcr MAMMA MIA &#8211; Magazin<\/strong><\/em><\/p>\n\n\n\n<p><strong>Kiki f\u00e4hrt ins Sommercamp<\/strong><\/p>\n\n\n\n<p>Kiki war schrecklich aufgeregt. Sie hatte gerade erfahren, dass sie zum ersten Mal in ein Sommercamp mitfahren konnte. Und was noch viel besser war, ihre Freundin Klara w\u00fcrde auch dort sein! Dar\u00fcber war Kiki schon sehr froh. Vielleicht h\u00e4tte sie sich sonst unter alle den vielen fremden Kindern ganz einsam gef\u00fchlt? Aber so w\u00fcrde es eine ganz tolle Sache werden.<\/p>\n\n\n\n<p>Was sie in dem Sommercamp wohl so alles machen w\u00fcrden? W\u00fcrden sie schwimmen gehen und wandern und ganz viele lustige Spiele spielen. G\u00e4be es da vielleicht auch Pferde, auf denen sie reiten konnten? Das w\u00fcrde Kiki ganz besonders gefallen! Sie liebte Pferde \u00fcber alles und hatte schon immer einmal auf einem Pferd sitzen wollen. Ob das sehr schwer war? Hoffentlich fiel sie nur nicht hinunter!<\/p>\n\n\n\n<p>Klara hatte ihr auch etwas von einem Lagerfeuer erz\u00e4hlt und Brot, den man auf d\u00fcnnen St\u00f6ckchen \u00fcber dem offenen Feuer braten konnte. Und Lieder, die man lernte und Malstunden und Floss fahren auf dem Wasser und und und. \u00dcbermorgen sollte es schon los gehen und Kiki konnte es gar nicht mehr erwarten.<\/p>\n\n\n\n<p>Aber jetzt hie\u00df es einmal ihren Badeanzug und ihr Strandtuch, ihre Wanderschuhe und ihr Lieblings-T-Shirt zusammen zu suchen und ihren Rucksack zu packen. Was brauchte man denn noch alles auf so einem Sommercamp?<\/p>\n\n\n\n<p>Kiki drehte sich alles im Kopf und aus dem Grund beschloss sie sich eine Liste zu machen, damit sie auch nichts verga\u00df. Und das war eine sehr gute Idee, denn so wanderten auch die Regenjacke und das gerade begonnene Bilderbuch mit in den Rucksack, damit sie am Abend etwas zum Lesen hatte.<\/p>\n\n\n\n<h5>Ganz zum Schluss packte sie noch ihr Mamma Mia Bio Family Shampoo &amp; Bad und die Bio Wind und Wetter Creme in ihren Rucksack.<\/h5>\n\n\n\n<p>Endlich hatte sie alles gepackt und war bereit. Am liebsten w\u00e4re sie sofort los gefahren, aber leider musste sie jetzt noch zwei Mal schlafen, bevor es endlich zu diesem aufregenden Abenteuer gehen w\u00fcrde! Aber, wie schon ihre Mama immer gesagt hatte: die Vorfreude ist noch immer die gr\u00f6\u00dfte Freude!<\/p>\n\n\n\n<p><\/p>\n\n\n\n<p><\/p>\n\n\n\n<p><strong><em>Instagram f\u00fcr Intercoiffeur Mayer &#8211; MENSCH MAYER<\/em><\/strong><\/p>\n\n\n\n<figure class=\"wp-block-image size-full\"><img loading=\"lazy\" width=\"642\" height=\"232\" src=\"https:\/\/www.verenagruenwald.com\/WP\/wp-content\/instagram-1-mensch-mayer.jpg\" alt=\"\" class=\"wp-image-2218\" srcset=\"https:\/\/www.verenagruenwald.com\/WP\/wp-content\/instagram-1-mensch-mayer.jpg 642w, https:\/\/www.verenagruenwald.com\/WP\/wp-content\/instagram-1-mensch-mayer-300x108.jpg 300w\" sizes=\"(max-width: 642px) 100vw, 642px\" \/><\/figure>\n\n\n\n<figure class=\"wp-block-image size-full\"><img loading=\"lazy\" width=\"644\" height=\"225\" src=\"https:\/\/www.verenagruenwald.com\/WP\/wp-content\/instagram-2-mensch-mayer.jpg\" alt=\"\" class=\"wp-image-2219\" srcset=\"https:\/\/www.verenagruenwald.com\/WP\/wp-content\/instagram-2-mensch-mayer.jpg 644w, https:\/\/www.verenagruenwald.com\/WP\/wp-content\/instagram-2-mensch-mayer-300x105.jpg 300w\" sizes=\"(max-width: 644px) 100vw, 644px\" \/><\/figure>\n\n\n\n<figure class=\"wp-block-image size-full\"><img loading=\"lazy\" width=\"632\" height=\"229\" src=\"https:\/\/www.verenagruenwald.com\/WP\/wp-content\/instagram-3-mensch-mayer.jpg\" alt=\"\" class=\"wp-image-2220\" srcset=\"https:\/\/www.verenagruenwald.com\/WP\/wp-content\/instagram-3-mensch-mayer.jpg 632w, https:\/\/www.verenagruenwald.com\/WP\/wp-content\/instagram-3-mensch-mayer-300x109.jpg 300w\" sizes=\"(max-width: 632px) 100vw, 632px\" \/><\/figure>\n\n\n\n<figure class=\"wp-block-image size-full\"><img loading=\"lazy\" width=\"654\" height=\"208\" src=\"https:\/\/www.verenagruenwald.com\/WP\/wp-content\/instagram-4-mensch-mayer.jpg\" alt=\"\" class=\"wp-image-2221\" srcset=\"https:\/\/www.verenagruenwald.com\/WP\/wp-content\/instagram-4-mensch-mayer.jpg 654w, https:\/\/www.verenagruenwald.com\/WP\/wp-content\/instagram-4-mensch-mayer-300x95.jpg 300w\" sizes=\"(max-width: 654px) 100vw, 654px\" \/><\/figure>\n\n\n\n<p><strong><em>Facebook Posts f\u00fcr Intercoiffeur Mayer &#8211; MENSCH MAYER<\/em><\/strong><\/p>\n\n\n\n<figure class=\"wp-block-image size-full\"><img loading=\"lazy\" width=\"614\" height=\"545\" src=\"https:\/\/www.verenagruenwald.com\/WP\/wp-content\/facebook-4-mensch-mayer.jpg\" alt=\"\" class=\"wp-image-2222\" srcset=\"https:\/\/www.verenagruenwald.com\/WP\/wp-content\/facebook-4-mensch-mayer.jpg 614w, https:\/\/www.verenagruenwald.com\/WP\/wp-content\/facebook-4-mensch-mayer-300x266.jpg 300w\" sizes=\"(max-width: 614px) 100vw, 614px\" \/><\/figure>\n\n\n\n<figure class=\"wp-block-image size-full\"><img loading=\"lazy\" width=\"636\" height=\"485\" src=\"https:\/\/www.verenagruenwald.com\/WP\/wp-content\/facebook-1-mensch-mayer.jpg\" alt=\"\" class=\"wp-image-2223\" srcset=\"https:\/\/www.verenagruenwald.com\/WP\/wp-content\/facebook-1-mensch-mayer.jpg 636w, https:\/\/www.verenagruenwald.com\/WP\/wp-content\/facebook-1-mensch-mayer-300x229.jpg 300w\" sizes=\"(max-width: 636px) 100vw, 636px\" \/><\/figure>\n\n\n\n<figure class=\"wp-block-image size-full\"><img loading=\"lazy\" width=\"644\" height=\"543\" src=\"https:\/\/www.verenagruenwald.com\/WP\/wp-content\/facebook-2-mensch-mayer.jpg\" alt=\"\" class=\"wp-image-2225\" srcset=\"https:\/\/www.verenagruenwald.com\/WP\/wp-content\/facebook-2-mensch-mayer.jpg 644w, https:\/\/www.verenagruenwald.com\/WP\/wp-content\/facebook-2-mensch-mayer-300x253.jpg 300w\" sizes=\"(max-width: 644px) 100vw, 644px\" \/><\/figure>\n","protected":false},"excerpt":{"rendered":"<p>Facebook Posts f\u00fcr ALLES APFEL Instagram Posts f\u00fcr ALLES APFEL Instagram Posts f\u00fcr MAMMA MIA Geschichte f\u00fcr MAMMA MIA &#8211; Magazin Kiki f\u00e4hrt ins Sommercamp Kiki war schrecklich aufgeregt. Sie hatte gerade erfahren, dass sie zum ersten Mal in ein Sommercamp mitfahren konnte. Und was noch viel besser war, ihre Freundin Klara w\u00fcrde auch dort<\/p>\n<p class=\"more-link\"><a href=\"https:\/\/www.verenagruenwald.com\/WP\/arbeitsprobe-von-hashtag-feedback\/\" class=\"themebutton\">Read More<\/a><\/p>\n","protected":false},"author":1,"featured_media":0,"parent":0,"menu_order":0,"comment_status":"closed","ping_status":"closed","template":"","meta":[],"_links":{"self":[{"href":"https:\/\/www.verenagruenwald.com\/WP\/wp-json\/wp\/v2\/pages\/2202"}],"collection":[{"href":"https:\/\/www.verenagruenwald.com\/WP\/wp-json\/wp\/v2\/pages"}],"about":[{"href":"https:\/\/www.verenagruenwald.com\/WP\/wp-json\/wp\/v2\/types\/page"}],"author":[{"embeddable":true,"href":"https:\/\/www.verenagruenwald.com\/WP\/wp-json\/wp\/v2\/users\/1"}],"replies":[{"embeddable":true,"href":"https:\/\/www.verenagruenwald.com\/WP\/wp-json\/wp\/v2\/comments?post=2202"}],"version-history":[{"count":1,"href":"https:\/\/www.verenagruenwald.com\/WP\/wp-json\/wp\/v2\/pages\/2202\/revisions"}],"predecessor-version":[{"id":2227,"href":"https:\/\/www.verenagruenwald.com\/WP\/wp-json\/wp\/v2\/pages\/2202\/revisions\/2227"}],"wp:attachment":[{"href":"https:\/\/www.verenagruenwald.com\/WP\/wp-json\/wp\/v2\/media?parent=2202"}],"curies":[{"name":"wp","href":"https:\/\/api.w.org\/{rel}","templated":true}]}}