{"id":1890,"date":"2025-02-26T17:27:33","date_gmt":"2025-02-26T16:27:33","guid":{"rendered":"https:\/\/www.verenagruenwald.com\/WP\/?page_id=1890"},"modified":"2025-03-31T16:12:18","modified_gmt":"2025-03-31T14:12:18","slug":"work-experience-vgw-event-gastro-und-hotellerie","status":"publish","type":"page","link":"https:\/\/www.verenagruenwald.com\/WP\/work-experience-vgw-event-gastro-und-hotellerie\/","title":{"rendered":"Work Experience VGW Event, Gastro und Hotellerie"},"content":{"rendered":"\n<div class=\"wp-block-media-text alignwide is-stacked-on-mobile\" style=\"grid-template-columns:15% auto\"><figure class=\"wp-block-media-text__media\"><img loading=\"lazy\" width=\"275\" height=\"183\" src=\"https:\/\/www.verenagruenwald.com\/WP\/wp-content\/logo-booking-com.png\" alt=\"\" class=\"wp-image-1891 size-full\"\/><\/figure><div class=\"wp-block-media-text__content\">\n<p class=\"has-medium-font-size\"><strong><a href=\"https:\/\/www.booking.com\/hotel\/at\/cosy-appartement-close-to-city.de.html?label=gen173nr-1BCAsoDkIeY29zeS1hcHBhcnRlbWVudC1jbG9zZS10by1jaXR5SDNYBGgOiAEBmAEHuAEYyAEP2AEB6AEBiAIBqAIEuALGxKq_BsACAdICJDlhNmJlNmMyLTEyODgtNDQ0Zi1hNzU0LWZlOGJlYzc1MjRkONgCBeACAQ&amp;sid=e5c610b80fa5062c1559d60d0ee396c8&amp;dist=0&amp;keep_landing=1&amp;sb_price_type=total&amp;type=total&amp;\" target=\"_blank\" rel=\"noreferrer noopener\">2019 &#8211; 2024 booking.com<\/a><\/strong><\/p>\n<\/div><\/div>\n\n\n\n<ul><li>Vermietung Ferienappartement auf selbst\u00e4ndiger Basis<\/li><\/ul>\n\n\n\n<div class=\"wp-block-media-text alignwide is-stacked-on-mobile\" style=\"grid-template-columns:15% auto\"><figure class=\"wp-block-media-text__media\"><img loading=\"lazy\" width=\"250\" height=\"126\" src=\"http:\/\/www.verenagruenwald.com\/WP\/wp-content\/weinviertler-festspiele.jpg\" alt=\"\" class=\"wp-image-1687 size-full\"\/><\/figure><div class=\"wp-block-media-text__content\">\n<p class=\"has-medium-font-size\"><strong><a href=\"https:\/\/www.verenagruenwald.com\/WP\/arbeitsprobe-weinviertler-festspiele\/\" target=\"_blank\" rel=\"noreferrer noopener\">2020 Weinviertler Festspiele<\/a><\/strong><\/p>\n<\/div><\/div>\n\n\n\n<ul><li>Eventmanagement<\/li><li>Location-Organisation und Betreuung vor Ort (Tschechien)<\/li><li>Vertragsabwicklung mit den K\u00fcnstlern, Musikern, Orchestern<\/li><li>Planung und Ablauf der Veranstaltung inkl. Premierenfeier<\/li><li>Planung und Organisation vom Cateringdorf vor der Location<\/li><li>Organisation der Prober\u00e4umlichkeiten<\/li><li>Organisation f\u00fcr Unterk\u00fcnfte der K\u00fcnstler in Wien und in Tschechien<\/li><li>Personalmanagement f\u00fcr betreuendes Personal, wie Assistenten, Fahrer, Caterer, Ordner, Make-up Artist, Friseure, u.a.<\/li><li>Erstellung und Organisation von Probenpl\u00e4nen, Abl\u00e4ufen und Fahrdiensten<\/li><li>Vorbereitung f\u00fcr den Steuerberater<\/li><li>Corona-Beauftragter<\/li><\/ul>\n\n\n\n<div class=\"wp-block-media-text alignwide is-stacked-on-mobile\" style=\"grid-template-columns:15% auto\"><figure class=\"wp-block-media-text__media\"><img loading=\"lazy\" width=\"462\" height=\"90\" src=\"https:\/\/www.verenagruenwald.com\/WP\/wp-content\/wimdu-logo.png\" alt=\"\" class=\"wp-image-1892 size-full\" srcset=\"https:\/\/www.verenagruenwald.com\/WP\/wp-content\/wimdu-logo.png 462w, https:\/\/www.verenagruenwald.com\/WP\/wp-content\/wimdu-logo-300x58.png 300w\" sizes=\"(max-width: 462px) 100vw, 462px\" \/><\/figure><div class=\"wp-block-media-text__content\">\n<p class=\"has-medium-font-size\"><strong>2014 &#8211; 2018 Wimdu<\/strong><\/p>\n<\/div><\/div>\n\n\n\n<ul><li>Vermietung Ferienappartement <\/li><\/ul>\n\n\n\n<div class=\"wp-block-media-text alignwide is-stacked-on-mobile\" style=\"grid-template-columns:20% auto\"><figure class=\"wp-block-media-text__media\"><img loading=\"lazy\" width=\"200\" height=\"77\" src=\"https:\/\/www.verenagruenwald.com\/WP\/wp-content\/BADEWANDL-KG.jpg\" alt=\"\" class=\"wp-image-1893 size-full\"\/><\/figure><div class=\"wp-block-media-text__content\">\n<p class=\"has-medium-font-size\"><strong>2015 &#8211; 2018 Badewandl KG<\/strong><\/p>\n<\/div><\/div>\n\n\n\n<ul><li>Eventorganisation<\/li><li>Service, Bar, Schank f\u00fcr diverse Schwimmveranstaltungen im Hallenbad Floridsdorf<\/li><li>Aufbau und Social Media Betreuung f\u00fcr \u201eGasthaus zur Zahnradbahn\u201c<\/li><\/ul>\n\n\n\n<div class=\"wp-block-media-text alignwide is-stacked-on-mobile\" style=\"grid-template-columns:15% auto\"><figure class=\"wp-block-media-text__media\"><img loading=\"lazy\" width=\"220\" height=\"229\" src=\"https:\/\/www.verenagruenwald.com\/WP\/wp-content\/mq-daily-logo.png\" alt=\"\" class=\"wp-image-1894 size-full\"\/><\/figure><div class=\"wp-block-media-text__content\">\n<p class=\"has-medium-font-size\"><strong>2013 \/ 2014 MQ Daily &#8211; Winter im MQ<\/strong><\/p>\n<\/div><\/div>\n\n\n\n<ul><li>Eventorganisation und Betreuung<\/li><\/ul>\n\n\n\n<div class=\"wp-block-media-text alignwide is-stacked-on-mobile\" style=\"grid-template-columns:18% auto\"><figure class=\"wp-block-media-text__media\"><img loading=\"lazy\" width=\"463\" height=\"109\" src=\"https:\/\/www.verenagruenwald.com\/WP\/wp-content\/logo-majestic-imperator-lang.jpg\" alt=\"\" class=\"wp-image-1895 size-full\" srcset=\"https:\/\/www.verenagruenwald.com\/WP\/wp-content\/logo-majestic-imperator-lang.jpg 463w, https:\/\/www.verenagruenwald.com\/WP\/wp-content\/logo-majestic-imperator-lang-300x71.jpg 300w\" sizes=\"(max-width: 463px) 100vw, 463px\" \/><\/figure><div class=\"wp-block-media-text__content\">\n<p class=\"has-medium-font-size\"><strong>2011 &#8211; 2012 Majestic Imperator Train de Luxe<\/strong><\/p>\n<\/div><\/div>\n\n\n\n<ul><li>Eventmanagement<\/li><li>Projektleitung Kundenveranstaltung und Promotion<\/li><\/ul>\n\n\n\n<div class=\"wp-block-media-text alignwide is-stacked-on-mobile\" style=\"grid-template-columns:17% auto\"><figure class=\"wp-block-media-text__media\"><img loading=\"lazy\" width=\"469\" height=\"107\" src=\"http:\/\/www.verenagruenwald.com\/WP\/wp-content\/kurier-logo-1.png\" alt=\"\" class=\"wp-image-1854 size-full\" srcset=\"https:\/\/www.verenagruenwald.com\/WP\/wp-content\/kurier-logo-1.png 469w, https:\/\/www.verenagruenwald.com\/WP\/wp-content\/kurier-logo-1-300x68.png 300w\" sizes=\"(max-width: 469px) 100vw, 469px\" \/><\/figure><div class=\"wp-block-media-text__content\">\n<p class=\"has-medium-font-size\"><strong>2001 &#8211; 2010 Kurier Marketing<\/strong><\/p>\n<\/div><\/div>\n\n\n\n<ul><li>Romy-Filmpreis: Projektleitung f\u00fcr Stimmauswertung, inkl. Personalmanagement<\/li><li>Betreuung sowie Projektleitung f\u00fcr div. Veranstaltungen inkl. Personalmanagement<ul><li>CA-Tennis Trophy Stadthalle<\/li><\/ul><ul><li>Wiener Seniorenmesse Rathaus<\/li><\/ul><ul><li>Veranstaltungen und Kundenevents sowie Buchpr\u00e4sentationen im Theater Ronacher, Raimundtheater, Naturhistorisches Museum, Ottakringer Brauerei, Hofburg, Palazzo Wien, Volkstheater, Eden Bar, Gartenbaukino, Musikvereinssaal u.a.<\/li><\/ul><\/li><li>Aktion \u201eGegen Fahrraddiebstahl\u201c in Zusammenarbeit mit der Wiener Polizei an diversen Standorten in Wien<\/li><\/ul>\n\n\n\n<div class=\"wp-block-media-text alignwide is-stacked-on-mobile\" style=\"grid-template-columns:15% auto\"><figure class=\"wp-block-media-text__media\"><img loading=\"lazy\" width=\"225\" height=\"225\" src=\"https:\/\/www.verenagruenwald.com\/WP\/wp-content\/Mondrian-logo-la.png\" alt=\"\" class=\"wp-image-1896 size-full\" srcset=\"https:\/\/www.verenagruenwald.com\/WP\/wp-content\/Mondrian-logo-la.png 225w, https:\/\/www.verenagruenwald.com\/WP\/wp-content\/Mondrian-logo-la-150x150.png 150w, https:\/\/www.verenagruenwald.com\/WP\/wp-content\/Mondrian-logo-la-120x120.png 120w, https:\/\/www.verenagruenwald.com\/WP\/wp-content\/Mondrian-logo-la-105x105.png 105w\" sizes=\"(max-width: 225px) 100vw, 225px\" \/><\/figure><div class=\"wp-block-media-text__content\">\n<p class=\"has-medium-font-size\"><strong>1999 &#8211; 2000 Hotel Mondrian, Los Angeles<\/strong><\/p>\n<\/div><\/div>\n\n\n\n<ul><li>Gesch\u00e4ftsf\u00fchrer Gift Shop plus Eventbetreuung im Hotel<\/li><li>Verkauf, Betreuung, Lagerhaltung, Personalmanagement, Tages- bzw. Abendleitung inkl. Veranstaltungsbetreuung<\/li><\/ul>\n\n\n\n<div class=\"wp-block-media-text alignwide is-stacked-on-mobile\" style=\"grid-template-columns:15% auto\"><figure class=\"wp-block-media-text__media\"><img loading=\"lazy\" width=\"504\" height=\"141\" src=\"http:\/\/www.verenagruenwald.com\/WP\/wp-content\/winterwerbung-logo.jpg\" alt=\"\" class=\"wp-image-1692 size-full\" srcset=\"https:\/\/www.verenagruenwald.com\/WP\/wp-content\/winterwerbung-logo.jpg 504w, https:\/\/www.verenagruenwald.com\/WP\/wp-content\/winterwerbung-logo-300x84.jpg 300w, https:\/\/www.verenagruenwald.com\/WP\/wp-content\/winterwerbung-logo-380x107.jpg 380w\" sizes=\"(max-width: 504px) 100vw, 504px\" \/><\/figure><div class=\"wp-block-media-text__content\">\n<p class=\"has-medium-font-size\"><strong>1999 WinterWerbung GmbH<\/strong><\/p>\n<\/div><\/div>\n\n\n\n<ul><li>Gewerberechtlicher Gesch\u00e4ftsf\u00fchrer f\u00fcr Gastronomie bei der Nordischen Schiweltmeisterschaft in Schladming<\/li><\/ul>\n\n\n\n<div class=\"wp-block-media-text alignwide is-stacked-on-mobile\" style=\"grid-template-columns:17% auto\"><figure class=\"wp-block-media-text__media\"><img loading=\"lazy\" width=\"149\" height=\"131\" src=\"https:\/\/www.verenagruenwald.com\/WP\/wp-content\/Artmayer.jpg\" alt=\"\" class=\"wp-image-1897 size-full\"\/><\/figure><div class=\"wp-block-media-text__content\">\n<p class=\"has-medium-font-size\"><strong>1990 &#8211; 1996 Artmayer GmbH, Werner Prinz GmbH<\/strong><\/p>\n<\/div><\/div>\n\n\n\n<ul><li>Gewerberechtliche Gesch\u00e4ftsf\u00fchrer<\/li><\/ul>\n\n\n\n<div class=\"wp-block-media-text alignwide is-stacked-on-mobile\" style=\"grid-template-columns:15% auto\"><figure class=\"wp-block-media-text__media\"><img loading=\"lazy\" width=\"252\" height=\"200\" src=\"https:\/\/www.verenagruenwald.com\/WP\/wp-content\/segafredo-espresso.jpg\" alt=\"\" class=\"wp-image-1898 size-full\"\/><\/figure><div class=\"wp-block-media-text__content\">\n<p class=\"has-medium-font-size\"><strong>1989 &#8211; 1990 Segafredo am Graben<\/strong><\/p>\n<\/div><\/div>\n\n\n\n<ul><li>Service<\/li><\/ul>\n\n\n\n<div class=\"wp-block-media-text alignwide is-stacked-on-mobile\" style=\"grid-template-columns:15% auto\"><figure class=\"wp-block-media-text__media\"><img loading=\"lazy\" width=\"1024\" height=\"427\" src=\"http:\/\/www.verenagruenwald.com\/WP\/wp-content\/logo-mapitom-1024x427.jpg\" alt=\"\" class=\"wp-image-1899 size-full\" srcset=\"https:\/\/www.verenagruenwald.com\/WP\/wp-content\/logo-mapitom-1024x427.jpg 1024w, https:\/\/www.verenagruenwald.com\/WP\/wp-content\/logo-mapitom-300x125.jpg 300w, https:\/\/www.verenagruenwald.com\/WP\/wp-content\/logo-mapitom-768x320.jpg 768w, https:\/\/www.verenagruenwald.com\/WP\/wp-content\/logo-mapitom-1536x641.jpg 1536w, https:\/\/www.verenagruenwald.com\/WP\/wp-content\/logo-mapitom.jpg 1759w\" sizes=\"(max-width: 1024px) 100vw, 1024px\" \/><\/figure><div class=\"wp-block-media-text__content\">\n<p class=\"has-medium-font-size\"><strong>1987 &#8211; 1989 MaPitom<\/strong><\/p>\n<\/div><\/div>\n\n\n\n<ul><li>Service, Bar und Tagesleitung<\/li><\/ul>\n\n\n\n<div class=\"wp-block-media-text alignwide is-stacked-on-mobile\" style=\"grid-template-columns:15% auto\"><figure class=\"wp-block-media-text__media\"><img loading=\"lazy\" width=\"869\" height=\"559\" src=\"https:\/\/www.verenagruenwald.com\/WP\/wp-content\/hotel-am-stephansplatz-logo.jpg\" alt=\"\" class=\"wp-image-1900 size-full\" srcset=\"https:\/\/www.verenagruenwald.com\/WP\/wp-content\/hotel-am-stephansplatz-logo.jpg 869w, https:\/\/www.verenagruenwald.com\/WP\/wp-content\/hotel-am-stephansplatz-logo-300x193.jpg 300w, https:\/\/www.verenagruenwald.com\/WP\/wp-content\/hotel-am-stephansplatz-logo-768x494.jpg 768w\" sizes=\"(max-width: 869px) 100vw, 869px\" \/><\/figure><div class=\"wp-block-media-text__content\">\n<p class=\"has-medium-font-size\"><strong>1985 Hotel am Stephansplatz<\/strong><\/p>\n<\/div><\/div>\n\n\n\n<ul><li>Praktika Service, Bar, K\u00fcche<\/li><\/ul>\n","protected":false},"excerpt":{"rendered":"<p>2019 &#8211; 2024 booking.com Vermietung Ferienappartement auf selbst\u00e4ndiger Basis 2020 Weinviertler Festspiele Eventmanagement Location-Organisation und Betreuung vor Ort (Tschechien) Vertragsabwicklung mit den K\u00fcnstlern, Musikern, Orchestern Planung und Ablauf der Veranstaltung inkl. Premierenfeier Planung und Organisation vom Cateringdorf vor der Location Organisation der Prober\u00e4umlichkeiten Organisation f\u00fcr Unterk\u00fcnfte der K\u00fcnstler in Wien und in Tschechien Personalmanagement f\u00fcr<\/p>\n<p class=\"more-link\"><a href=\"https:\/\/www.verenagruenwald.com\/WP\/work-experience-vgw-event-gastro-und-hotellerie\/\" class=\"themebutton\">Read More<\/a><\/p>\n","protected":false},"author":1,"featured_media":0,"parent":0,"menu_order":0,"comment_status":"closed","ping_status":"closed","template":"","meta":[],"_links":{"self":[{"href":"https:\/\/www.verenagruenwald.com\/WP\/wp-json\/wp\/v2\/pages\/1890"}],"collection":[{"href":"https:\/\/www.verenagruenwald.com\/WP\/wp-json\/wp\/v2\/pages"}],"about":[{"href":"https:\/\/www.verenagruenwald.com\/WP\/wp-json\/wp\/v2\/types\/page"}],"author":[{"embeddable":true,"href":"https:\/\/www.verenagruenwald.com\/WP\/wp-json\/wp\/v2\/users\/1"}],"replies":[{"embeddable":true,"href":"https:\/\/www.verenagruenwald.com\/WP\/wp-json\/wp\/v2\/comments?post=1890"}],"version-history":[{"count":3,"href":"https:\/\/www.verenagruenwald.com\/WP\/wp-json\/wp\/v2\/pages\/1890\/revisions"}],"predecessor-version":[{"id":2269,"href":"https:\/\/www.verenagruenwald.com\/WP\/wp-json\/wp\/v2\/pages\/1890\/revisions\/2269"}],"wp:attachment":[{"href":"https:\/\/www.verenagruenwald.com\/WP\/wp-json\/wp\/v2\/media?parent=1890"}],"curies":[{"name":"wp","href":"https:\/\/api.w.org\/{rel}","templated":true}]}}