{"id":1851,"date":"2025-02-26T16:35:04","date_gmt":"2025-02-26T15:35:04","guid":{"rendered":"https:\/\/www.verenagruenwald.com\/WP\/?page_id=1851"},"modified":"2025-03-31T21:47:55","modified_gmt":"2025-03-31T19:47:55","slug":"work-experience-vgw-film-theater-medien","status":"publish","type":"page","link":"https:\/\/www.verenagruenwald.com\/WP\/work-experience-vgw-film-theater-medien\/","title":{"rendered":"Work Experience VGW Film, Theater, Medien"},"content":{"rendered":"\n<div class=\"wp-block-media-text alignwide is-stacked-on-mobile\" style=\"grid-template-columns:15% auto\"><figure class=\"wp-block-media-text__media\"><img loading=\"lazy\" width=\"255\" height=\"144\" src=\"https:\/\/www.verenagruenwald.com\/WP\/wp-content\/Logo-VGW-Ausschnitt-1.jpg\" alt=\"\" class=\"wp-image-1864 size-full\"\/><\/figure><div class=\"wp-block-media-text__content\">\n<p class=\"has-medium-font-size\"><strong><a href=\"https:\/\/lilome.at\/WP\/verena-gruenwald-buecher\/\" target=\"_blank\" rel=\"noreferrer noopener\">2025 Verena Gr\u00fcnwald<\/a><\/strong><\/p>\n<\/div><\/div>\n\n\n\n<ul><li>Ver\u00f6ffentlichung biografischer Roman &#8222;Schicksalsfrauen&#8220; &#8211; geplant Mai 2025<\/li><li>Ver\u00f6ffentlichung Roman &#8222;Sonnenstern&#8220; &#8211; geplant Juni 2025<\/li><\/ul>\n\n\n\n<div class=\"wp-block-media-text alignwide is-stacked-on-mobile\" style=\"grid-template-columns:15% auto\"><figure class=\"wp-block-media-text__media\"><img loading=\"lazy\" width=\"400\" height=\"400\" src=\"https:\/\/www.verenagruenwald.com\/WP\/wp-content\/Chloe-Silva-Logo-400-x-400.jpg\" alt=\"\" class=\"wp-image-1863 size-full\" srcset=\"https:\/\/www.verenagruenwald.com\/WP\/wp-content\/Chloe-Silva-Logo-400-x-400.jpg 400w, https:\/\/www.verenagruenwald.com\/WP\/wp-content\/Chloe-Silva-Logo-400-x-400-300x300.jpg 300w, https:\/\/www.verenagruenwald.com\/WP\/wp-content\/Chloe-Silva-Logo-400-x-400-150x150.jpg 150w, https:\/\/www.verenagruenwald.com\/WP\/wp-content\/Chloe-Silva-Logo-400-x-400-120x120.jpg 120w, https:\/\/www.verenagruenwald.com\/WP\/wp-content\/Chloe-Silva-Logo-400-x-400-105x105.jpg 105w, https:\/\/www.verenagruenwald.com\/WP\/wp-content\/Chloe-Silva-Logo-400-x-400-380x380.jpg 380w, https:\/\/www.verenagruenwald.com\/WP\/wp-content\/Chloe-Silva-Logo-400-x-400-285x285.jpg 285w\" sizes=\"(max-width: 400px) 100vw, 400px\" \/><\/figure><div class=\"wp-block-media-text__content\">\n<p class=\"has-medium-font-size\"><strong><a href=\"https:\/\/lilome.at\/WP\/chloe-silva-buecher\/\" target=\"_blank\" rel=\"noreferrer noopener\">2025 Chloe Silva<\/a><\/strong><\/p>\n<\/div><\/div>\n\n\n\n<ul><li>Ver\u00f6ffentlichung Roman &#8222;Be my Valentine &#8211; Blitzlichtgewitterherzschlag&#8220; unter dem Synonym Chloe Silva<\/li><\/ul>\n\n\n\n<div class=\"wp-block-media-text alignwide is-stacked-on-mobile\" style=\"grid-template-columns:15% auto\"><figure class=\"wp-block-media-text__media\"><img loading=\"lazy\" width=\"1024\" height=\"1024\" src=\"https:\/\/www.verenagruenwald.com\/WP\/wp-content\/Logo-Lilome-von-Martin-1024x1024.png\" alt=\"\" class=\"wp-image-1859 size-full\" srcset=\"https:\/\/www.verenagruenwald.com\/WP\/wp-content\/Logo-Lilome-von-Martin-1024x1024.png 1024w, https:\/\/www.verenagruenwald.com\/WP\/wp-content\/Logo-Lilome-von-Martin-300x300.png 300w, https:\/\/www.verenagruenwald.com\/WP\/wp-content\/Logo-Lilome-von-Martin-150x150.png 150w, https:\/\/www.verenagruenwald.com\/WP\/wp-content\/Logo-Lilome-von-Martin-768x768.png 768w, https:\/\/www.verenagruenwald.com\/WP\/wp-content\/Logo-Lilome-von-Martin-1536x1536.png 1536w, https:\/\/www.verenagruenwald.com\/WP\/wp-content\/Logo-Lilome-von-Martin-2048x2048.png 2048w, https:\/\/www.verenagruenwald.com\/WP\/wp-content\/Logo-Lilome-von-Martin-120x120.png 120w, https:\/\/www.verenagruenwald.com\/WP\/wp-content\/Logo-Lilome-von-Martin-105x105.png 105w, https:\/\/www.verenagruenwald.com\/WP\/wp-content\/Logo-Lilome-von-Martin-570x570.png 570w, https:\/\/www.verenagruenwald.com\/WP\/wp-content\/Logo-Lilome-von-Martin-380x380.png 380w, https:\/\/www.verenagruenwald.com\/WP\/wp-content\/Logo-Lilome-von-Martin-285x285.png 285w\" sizes=\"(max-width: 1024px) 100vw, 1024px\" \/><\/figure><div class=\"wp-block-media-text__content\">\n<p class=\"has-medium-font-size\"><strong><a href=\"https:\/\/lilome.at\/WP\/\" target=\"_blank\" rel=\"noreferrer noopener\">seit 2024 Lilome Verlag<\/a><\/strong><\/p>\n<\/div><\/div>\n\n\n\n<ul><li>diverse Publikationen E-Book und Print<\/li><li>Sternenkind &#8211; Orakelkarten Publikation<\/li><li>Vorbereitung basisches Kochbuch &#8211; Ver\u00f6ffentlichung geplant Weihnachten 2025<\/li><\/ul>\n\n\n\n<div class=\"wp-block-media-text alignwide is-stacked-on-mobile\" style=\"grid-template-columns:15% auto\"><figure class=\"wp-block-media-text__media\"><img loading=\"lazy\" width=\"185\" height=\"187\" src=\"https:\/\/www.verenagruenwald.com\/WP\/wp-content\/Logo-Buch-Wien.jpg\" alt=\"\" class=\"wp-image-1860 size-full\" srcset=\"https:\/\/www.verenagruenwald.com\/WP\/wp-content\/Logo-Buch-Wien.jpg 185w, https:\/\/www.verenagruenwald.com\/WP\/wp-content\/Logo-Buch-Wien-120x120.jpg 120w, https:\/\/www.verenagruenwald.com\/WP\/wp-content\/Logo-Buch-Wien-105x105.jpg 105w\" sizes=\"(max-width: 185px) 100vw, 185px\" \/><\/figure><div class=\"wp-block-media-text__content\">\n<p class=\"has-medium-font-size\"><strong><a href=\"https:\/\/www.verenagruenwald.com\/WP\/buch-wien-2021\/\" target=\"_blank\" rel=\"noreferrer noopener\">2021 Buch Wien <\/a><\/strong><\/p>\n<\/div><\/div>\n\n\n\n<ul><li>Lesung im Rahmen der Buch Wien &#8222;Meeresgl\u00fcck&#8220; von Synonym Julie Goldblum<\/li><\/ul>\n\n\n\n<div class=\"wp-block-media-text alignwide is-stacked-on-mobile\" style=\"grid-template-columns:15% auto\"><figure class=\"wp-block-media-text__media\"><img loading=\"lazy\" width=\"399\" height=\"312\" src=\"https:\/\/www.verenagruenwald.com\/WP\/wp-content\/jULIE-gOLDBLUM-LOGO-NEU-GOLD-WEISS-400x400-cut.jpg\" alt=\"\" class=\"wp-image-1862 size-full\" srcset=\"https:\/\/www.verenagruenwald.com\/WP\/wp-content\/jULIE-gOLDBLUM-LOGO-NEU-GOLD-WEISS-400x400-cut.jpg 399w, https:\/\/www.verenagruenwald.com\/WP\/wp-content\/jULIE-gOLDBLUM-LOGO-NEU-GOLD-WEISS-400x400-cut-300x235.jpg 300w\" sizes=\"(max-width: 399px) 100vw, 399px\" \/><\/figure><div class=\"wp-block-media-text__content\">\n<p class=\"has-medium-font-size\"><strong><a href=\"https:\/\/lilome.at\/WP\/unsere-autoren\/julie-goldblum-buecher\/\" target=\"_blank\" rel=\"noreferrer noopener\">2019 &#8211; heute Julie Goldblum<\/a><\/strong><\/p>\n<\/div><\/div>\n\n\n\n<ul><li>Ver\u00f6ffentlichung Romanserie &#8222;Meeresgl\u00fcck&#8220;, bestehend aus 3 B\u00e4nden unter dem Synonym Julie Goldblum<\/li><\/ul>\n\n\n\n<div class=\"wp-block-media-text alignwide is-stacked-on-mobile\" style=\"grid-template-columns:15% auto\"><figure class=\"wp-block-media-text__media\"><img loading=\"lazy\" width=\"255\" height=\"144\" src=\"http:\/\/www.verenagruenwald.com\/WP\/wp-content\/Logo-VGW-Ausschnitt-1.jpg\" alt=\"\" class=\"wp-image-1864 size-full\"\/><\/figure><div class=\"wp-block-media-text__content\">\n<p class=\"has-medium-font-size\"><strong><a href=\"https:\/\/www.verenagruenwald.com\/WP\/be-co\/buecher-be-co\/\" target=\"_blank\" rel=\"noreferrer noopener\">2019 Verena Gr\u00fcnwald<\/a><\/strong><\/p>\n<\/div><\/div>\n\n\n\n<ul><li>Fachbuch Ver\u00f6ffentlichung &#8222;Herausforderung demografischer Wandel&#8220; von Verena Gr\u00fcnwald<\/li><\/ul>\n\n\n\n<div class=\"wp-block-media-text alignwide is-stacked-on-mobile\" style=\"grid-template-columns:19% auto\"><figure class=\"wp-block-media-text__media\"><img loading=\"lazy\" width=\"1024\" height=\"284\" src=\"https:\/\/www.verenagruenwald.com\/WP\/wp-content\/logo-socult-1024x284.jpg\" alt=\"\" class=\"wp-image-1852 size-full\" srcset=\"https:\/\/www.verenagruenwald.com\/WP\/wp-content\/logo-socult-1024x284.jpg 1024w, https:\/\/www.verenagruenwald.com\/WP\/wp-content\/logo-socult-300x83.jpg 300w, https:\/\/www.verenagruenwald.com\/WP\/wp-content\/logo-socult-768x213.jpg 768w, https:\/\/www.verenagruenwald.com\/WP\/wp-content\/logo-socult-1536x426.jpg 1536w, https:\/\/www.verenagruenwald.com\/WP\/wp-content\/logo-socult-2048x568.jpg 2048w\" sizes=\"(max-width: 1024px) 100vw, 1024px\" \/><\/figure><div class=\"wp-block-media-text__content\">\n<p class=\"has-medium-font-size\"><strong>2019 &#8211; 2010 SoCult, Kulturf\u00f6rderprogramm von Socius<\/strong><\/p>\n<\/div><\/div>\n\n\n\n<ul><li>Regief\u00fchrung f\u00fcr das St\u00fcck \u201eDie Psyche meiner Frau\u201c<\/li><li>\u00dcberarbeitung und Adaptierung der Fassung aus dem Jahr 1956<\/li><li>Schauspieler&nbsp;<\/li><\/ul>\n\n\n\n<div class=\"wp-block-media-text alignwide is-stacked-on-mobile\" style=\"grid-template-columns:20% auto\"><figure class=\"wp-block-media-text__media\"><img loading=\"lazy\" width=\"825\" height=\"233\" src=\"http:\/\/www.verenagruenwald.com\/WP\/wp-content\/logo-poweryoga.jpg\" alt=\"\" class=\"wp-image-1823 size-full\" srcset=\"https:\/\/www.verenagruenwald.com\/WP\/wp-content\/logo-poweryoga.jpg 825w, https:\/\/www.verenagruenwald.com\/WP\/wp-content\/logo-poweryoga-300x85.jpg 300w, https:\/\/www.verenagruenwald.com\/WP\/wp-content\/logo-poweryoga-768x217.jpg 768w, https:\/\/www.verenagruenwald.com\/WP\/wp-content\/logo-poweryoga-380x107.jpg 380w\" sizes=\"(max-width: 825px) 100vw, 825px\" \/><\/figure><div class=\"wp-block-media-text__content\">\n<p class=\"has-medium-font-size\"><strong><a href=\"https:\/\/www.verenagruenwald.com\/WP\/arbeitsprobe-poweryoga\/\" target=\"_blank\" rel=\"noreferrer noopener\">2016 &#8211; 2018 poweryoga<\/a><\/strong><\/p>\n<\/div><\/div>\n\n\n\n<ul><li>Erstellung und Bearbeitung Fotomaterial plus Bearbeitung mit Photoshop<\/li><li>Erstellung und Bearbeitung von Videomaterial plus Bearbeitung mit Movie Maker<\/li><\/ul>\n\n\n\n<div class=\"wp-block-media-text alignwide is-stacked-on-mobile\" style=\"grid-template-columns:19% auto\"><figure class=\"wp-block-media-text__media\"><img loading=\"lazy\" width=\"386\" height=\"98\" src=\"http:\/\/www.verenagruenwald.com\/WP\/wp-content\/die-theaterspinnen.jpg\" alt=\"\" class=\"wp-image-1824 size-full\" srcset=\"https:\/\/www.verenagruenwald.com\/WP\/wp-content\/die-theaterspinnen.jpg 386w, https:\/\/www.verenagruenwald.com\/WP\/wp-content\/die-theaterspinnen-300x76.jpg 300w\" sizes=\"(max-width: 386px) 100vw, 386px\" \/><\/figure><div class=\"wp-block-media-text__content\">\n<p class=\"has-medium-font-size\"><strong><a href=\"https:\/\/www.verenagruenwald.com\/WP\/arbeitsprobe-die-theaterspinnen\/\" target=\"_blank\" rel=\"noreferrer noopener\">2015 &#8211; 2016 Die Theaterspinnen<\/a><\/strong><\/p>\n<\/div><\/div>\n\n\n\n<ul><li>Schauspieler im St\u00fcck \u201eSturm im Gurkenglas\u201c<\/li><\/ul>\n\n\n\n<div class=\"wp-block-media-text alignwide is-stacked-on-mobile\" style=\"grid-template-columns:18% auto\"><figure class=\"wp-block-media-text__media\"><img loading=\"lazy\" width=\"279\" height=\"77\" src=\"https:\/\/www.verenagruenwald.com\/WP\/wp-content\/Telecomputing.jpg\" alt=\"\" class=\"wp-image-1853 size-full\"\/><\/figure><div class=\"wp-block-media-text__content\">\n<p class=\"has-medium-font-size\"><strong>2012 TeleComputing Norway<\/strong>, <strong>in Zusammenarbeit mit Alinea Partners Consulting GmbH<\/strong><\/p>\n<\/div><\/div>\n\n\n\n<ul><li>Storyboard-Erstellung f\u00fcr Imagefilm<\/li><\/ul>\n\n\n\n<div class=\"wp-block-media-text alignwide is-stacked-on-mobile\" style=\"grid-template-columns:15% auto\"><figure class=\"wp-block-media-text__media\"><img loading=\"lazy\" width=\"224\" height=\"225\" src=\"https:\/\/www.verenagruenwald.com\/WP\/wp-content\/saas-plaza.png\" alt=\"\" class=\"wp-image-1957 size-full\" srcset=\"https:\/\/www.verenagruenwald.com\/WP\/wp-content\/saas-plaza.png 224w, https:\/\/www.verenagruenwald.com\/WP\/wp-content\/saas-plaza-150x150.png 150w, https:\/\/www.verenagruenwald.com\/WP\/wp-content\/saas-plaza-120x120.png 120w, https:\/\/www.verenagruenwald.com\/WP\/wp-content\/saas-plaza-105x105.png 105w\" sizes=\"(max-width: 224px) 100vw, 224px\" \/><\/figure><div class=\"wp-block-media-text__content\">\n<p class=\"has-medium-font-size\"><strong>2011-2012 SaaS Plaza, NL<\/strong>, <strong>in Zusammenarbeit mit Alinea Partners Consulting GmbH<\/strong><\/p>\n<\/div><\/div>\n\n\n\n<ul><li>Storyboard-Erstellung, Schnitt und Endfertigung Imagevideo<\/li><\/ul>\n\n\n\n<div class=\"wp-block-media-text alignwide is-stacked-on-mobile\" style=\"grid-template-columns:16% auto\"><figure class=\"wp-block-media-text__media\"><img loading=\"lazy\" width=\"469\" height=\"107\" src=\"http:\/\/www.verenagruenwald.com\/WP\/wp-content\/kurier-logo-1.png\" alt=\"\" class=\"wp-image-1854 size-full\" srcset=\"https:\/\/www.verenagruenwald.com\/WP\/wp-content\/kurier-logo-1.png 469w, https:\/\/www.verenagruenwald.com\/WP\/wp-content\/kurier-logo-1-300x68.png 300w\" sizes=\"(max-width: 469px) 100vw, 469px\" \/><\/figure><div class=\"wp-block-media-text__content\">\n<p class=\"has-medium-font-size\"><strong><a href=\"https:\/\/www.verenagruenwald.com\/WP\/arbeitsprobe-kurier-karriere\/\" target=\"_blank\" rel=\"noreferrer noopener\">2003 &#8211; 2004 Karriere Kurier<\/a><\/strong><\/p>\n<\/div><\/div>\n\n\n\n<ul><li>Redaktionelle Beitr\u00e4ge f\u00fcr den Karrierekurier<\/li><\/ul>\n\n\n\n<div class=\"wp-block-media-text alignwide is-stacked-on-mobile\" style=\"grid-template-columns:15% auto\"><figure class=\"wp-block-media-text__media\"><img loading=\"lazy\" width=\"308\" height=\"164\" src=\"http:\/\/www.verenagruenwald.com\/WP\/wp-content\/stoertebeker-festspiele.png\" alt=\"\" class=\"wp-image-1724 size-full\" srcset=\"https:\/\/www.verenagruenwald.com\/WP\/wp-content\/stoertebeker-festspiele.png 308w, https:\/\/www.verenagruenwald.com\/WP\/wp-content\/stoertebeker-festspiele-300x160.png 300w\" sizes=\"(max-width: 308px) 100vw, 308px\" \/><\/figure><div class=\"wp-block-media-text__content\">\n<p class=\"has-medium-font-size\"><strong><a href=\"https:\/\/www.verenagruenwald.com\/WP\/arbeitsprobe-stoertebeker-festspiele\/\" target=\"_blank\" rel=\"noreferrer noopener\">2000 \/ 2002 &#8211; 2013 St\u00f6rtebeker Festspiele GmbH &amp; Co.KG<\/a><\/strong><\/p>\n<\/div><\/div>\n\n\n\n<ul><li>Spielleiter, Regieassistenz, Leiter Statisterie<\/li><li>Organisationsplanung und Projektleitung<\/li><li>Koordinator Schauspieler, Reiter, Stunt, Kost\u00fcm, Maske, B\u00fchnenbau, Requisite, Pyrotechnik<\/li><li>Leitung und Abendspielleitung<\/li><\/ul>\n\n\n\n<div class=\"wp-block-media-text alignwide is-stacked-on-mobile\" style=\"grid-template-columns:15% auto\"><figure class=\"wp-block-media-text__media\"><img loading=\"lazy\" width=\"225\" height=\"225\" src=\"https:\/\/www.verenagruenwald.com\/WP\/wp-content\/open-acting-academy-hamburg-1.jpg\" alt=\"\" class=\"wp-image-1855 size-full\" srcset=\"https:\/\/www.verenagruenwald.com\/WP\/wp-content\/open-acting-academy-hamburg-1.jpg 225w, https:\/\/www.verenagruenwald.com\/WP\/wp-content\/open-acting-academy-hamburg-1-150x150.jpg 150w, https:\/\/www.verenagruenwald.com\/WP\/wp-content\/open-acting-academy-hamburg-1-120x120.jpg 120w, https:\/\/www.verenagruenwald.com\/WP\/wp-content\/open-acting-academy-hamburg-1-105x105.jpg 105w\" sizes=\"(max-width: 225px) 100vw, 225px\" \/><\/figure><div class=\"wp-block-media-text__content\">\n<p class=\"has-medium-font-size\"><strong>2005 &#8211; 2006 Open Acting Academy Hamburg &#8211; Wien <\/strong><\/p>\n<\/div><\/div>\n\n\n\n<ul><li>Konzepterstellung Schauspielschule f\u00fcr Zweigniederlassung Hamburg<\/li><\/ul>\n\n\n\n<div class=\"wp-block-media-text alignwide is-stacked-on-mobile\" style=\"grid-template-columns:21% auto\"><figure class=\"wp-block-media-text__media\"><img loading=\"lazy\" width=\"471\" height=\"126\" src=\"https:\/\/www.verenagruenwald.com\/WP\/wp-content\/gerd-zimmermann-logo.jpg\" alt=\"\" class=\"wp-image-1856 size-full\" srcset=\"https:\/\/www.verenagruenwald.com\/WP\/wp-content\/gerd-zimmermann-logo.jpg 471w, https:\/\/www.verenagruenwald.com\/WP\/wp-content\/gerd-zimmermann-logo-300x80.jpg 300w\" sizes=\"(max-width: 471px) 100vw, 471px\" \/><\/figure><div class=\"wp-block-media-text__content\">\n<p class=\"has-medium-font-size\"><strong>1998 &#8211; 2000 Gerd Zimmermann Productions, INC., Los Angeles<\/strong><\/p>\n<\/div><\/div>\n\n\n\n<ul><li>Produktionsassistenz f\u00fcr diverse Produktion \u00d6 \u2013 US<\/li><li>Organisation Opernballgast f\u00fcr Richard Lugner<\/li><li>Erstellung und Bearbeitung diverses Drehbuchvorlagen f\u00fcr Daily Soaps, Traumschiff, Schwarzwaldklinik, u.a.<\/li><\/ul>\n\n\n\n<div class=\"wp-block-media-text alignwide is-stacked-on-mobile\" style=\"grid-template-columns:15% auto\"><figure class=\"wp-block-media-text__media\"><img loading=\"lazy\" width=\"251\" height=\"201\" src=\"http:\/\/www.verenagruenwald.com\/WP\/wp-content\/noen.png\" alt=\"\" class=\"wp-image-1832 size-full\"\/><\/figure><div class=\"wp-block-media-text__content\">\n<p class=\"has-medium-font-size\"><strong>1998 &#8211; 2000 N\u00d6N \/ Wiener Blatt<\/strong><\/p>\n<\/div><\/div>\n\n\n\n<ul><li>Erstellung eigener Comicserie inkl. Publikation (Ansichten aus dem Aquarium)<\/li><\/ul>\n\n\n\n<div class=\"wp-block-media-text alignwide is-stacked-on-mobile\" style=\"grid-template-columns:15% auto\"><figure class=\"wp-block-media-text__media\"><img loading=\"lazy\" width=\"214\" height=\"228\" src=\"http:\/\/www.verenagruenwald.com\/WP\/wp-content\/logo-act-and-fun-schwarz-weiss.jpg\" alt=\"\" class=\"wp-image-1761 size-full\"\/><\/figure><div class=\"wp-block-media-text__content\">\n<p class=\"has-medium-font-size\"><strong>1<a href=\"https:\/\/www.verenagruenwald.com\/WP\/arbeitsprobe-act-fun\/\" target=\"_blank\" rel=\"noreferrer noopener\">997 &#8211; 1999 Act &amp; Fun &#8211; das schauspielstudio<\/a><\/strong><\/p>\n<\/div><\/div>\n\n\n\n<ul><li>Konzepterstellung Schauspielschule sowie Umsetzung und Betreuung f\u00fcr die Hauptniederlassung in Wien<\/li><\/ul>\n\n\n\n<div class=\"wp-block-media-text alignwide is-stacked-on-mobile\" style=\"grid-template-columns:15% auto\"><figure class=\"wp-block-media-text__media\"><img loading=\"lazy\" width=\"1024\" height=\"713\" src=\"http:\/\/www.verenagruenwald.com\/WP\/wp-content\/logo-groove-district-1024x713.jpg\" alt=\"\" class=\"wp-image-1826 size-full\" srcset=\"https:\/\/www.verenagruenwald.com\/WP\/wp-content\/logo-groove-district-1024x713.jpg 1024w, https:\/\/www.verenagruenwald.com\/WP\/wp-content\/logo-groove-district-300x209.jpg 300w, https:\/\/www.verenagruenwald.com\/WP\/wp-content\/logo-groove-district-768x535.jpg 768w, https:\/\/www.verenagruenwald.com\/WP\/wp-content\/logo-groove-district.jpg 1493w\" sizes=\"(max-width: 1024px) 100vw, 1024px\" \/><\/figure><div class=\"wp-block-media-text__content\">\n<p class=\"has-medium-font-size\"><strong>1997 &#8211; 1998 Groove District, label bofo<\/strong><\/p>\n<\/div><\/div>\n\n\n\n<ul><li>Erstellung Musikvideo inkl. Storyboard, Regie und Schnitt f\u00fcr \u201eNewborn\u201c<\/li><li>Erstellung und Bearbeitung von Fotomaterial f\u00fcr CD-Pr\u00e4sentation<\/li><\/ul>\n\n\n\n<div class=\"wp-block-media-text alignwide is-stacked-on-mobile\" style=\"grid-template-columns:15% auto\"><figure class=\"wp-block-media-text__media\"><img loading=\"lazy\" width=\"1024\" height=\"801\" src=\"https:\/\/www.verenagruenwald.com\/WP\/wp-content\/logo-kleinschek-1024x801.jpg\" alt=\"\" class=\"wp-image-1857 size-full\" srcset=\"https:\/\/www.verenagruenwald.com\/WP\/wp-content\/logo-kleinschek-1024x801.jpg 1024w, https:\/\/www.verenagruenwald.com\/WP\/wp-content\/logo-kleinschek-300x235.jpg 300w, https:\/\/www.verenagruenwald.com\/WP\/wp-content\/logo-kleinschek-768x601.jpg 768w, https:\/\/www.verenagruenwald.com\/WP\/wp-content\/logo-kleinschek-1536x1202.jpg 1536w, https:\/\/www.verenagruenwald.com\/WP\/wp-content\/logo-kleinschek-2048x1602.jpg 2048w\" sizes=\"(max-width: 1024px) 100vw, 1024px\" \/><\/figure><div class=\"wp-block-media-text__content\">\n<p class=\"has-medium-font-size\"><strong>1994 &#8211; 1998 \/ 1999 Filmproduktion Kleinschek<\/strong><\/p>\n<\/div><\/div>\n\n\n\n<ul><li>Aufnahemleiter und Produktionsassistent f\u00fcr Werbe- und Imagefilme f\u00fcr Ford, \u00d6lz, Persil, Danone, Teekanne, \u00d6sterr. Volksbanken, Shell Helix, Lenzing Lyocell, u.a.&nbsp;<\/li><li>Abtastung (16 mm, 35 mm), Filmschnitt, Tonstudio-Arbeiten<\/li><li>Post Production, Locationsuche, Castingbetreuung<\/li><\/ul>\n\n\n\n<div class=\"wp-block-media-text alignwide is-stacked-on-mobile\" style=\"grid-template-columns:15% auto\"><figure class=\"wp-block-media-text__media\"><img loading=\"lazy\" width=\"225\" height=\"225\" src=\"http:\/\/www.verenagruenwald.com\/WP\/wp-content\/bazar.png\" alt=\"\" class=\"wp-image-1858 size-full\" srcset=\"https:\/\/www.verenagruenwald.com\/WP\/wp-content\/bazar.png 225w, https:\/\/www.verenagruenwald.com\/WP\/wp-content\/bazar-150x150.png 150w, https:\/\/www.verenagruenwald.com\/WP\/wp-content\/bazar-120x120.png 120w, https:\/\/www.verenagruenwald.com\/WP\/wp-content\/bazar-105x105.png 105w\" sizes=\"(max-width: 225px) 100vw, 225px\" \/><\/figure><div class=\"wp-block-media-text__content\">\n<p class=\"has-medium-font-size\"><strong>1992 Bazar<\/strong><\/p>\n<\/div><\/div>\n\n\n\n<ul><li>Akquisitation von Klein- und Raumanzeigen<\/li><li>Anzeigendisposition, Druckereivorbereitung und Statistik<\/li><\/ul>\n\n\n\n<div class=\"wp-block-media-text alignwide is-stacked-on-mobile\" style=\"grid-template-columns:15% auto\"><figure class=\"wp-block-media-text__media\"><img loading=\"lazy\" width=\"296\" height=\"168\" src=\"https:\/\/www.verenagruenwald.com\/WP\/wp-content\/Wiener-Models.jpg\" alt=\"\" class=\"wp-image-1871 size-full\"\/><\/figure><div class=\"wp-block-media-text__content\">\n<p class=\"has-medium-font-size\"><strong>1983 &#8211; 1986 Wiener Models<\/strong>, <strong>ehem. Wiener Modelsekretariat<\/strong><\/p>\n<\/div><\/div>\n\n\n\n<ul><li>T\u00e4tigkeit als Model f\u00fcr Print und Werbefilm<\/li><\/ul>\n","protected":false},"excerpt":{"rendered":"<p>2025 Verena Gr\u00fcnwald Ver\u00f6ffentlichung biografischer Roman &#8222;Schicksalsfrauen&#8220; &#8211; geplant Mai 2025 Ver\u00f6ffentlichung Roman &#8222;Sonnenstern&#8220; &#8211; geplant Juni 2025 2025 Chloe Silva Ver\u00f6ffentlichung Roman &#8222;Be my Valentine &#8211; Blitzlichtgewitterherzschlag&#8220; unter dem Synonym Chloe Silva seit 2024 Lilome Verlag diverse Publikationen E-Book und Print Sternenkind &#8211; Orakelkarten Publikation Vorbereitung basisches Kochbuch &#8211; Ver\u00f6ffentlichung geplant Weihnachten 2025 2021<\/p>\n<p class=\"more-link\"><a href=\"https:\/\/www.verenagruenwald.com\/WP\/work-experience-vgw-film-theater-medien\/\" class=\"themebutton\">Read More<\/a><\/p>\n","protected":false},"author":1,"featured_media":0,"parent":0,"menu_order":0,"comment_status":"closed","ping_status":"closed","template":"","meta":[],"_links":{"self":[{"href":"https:\/\/www.verenagruenwald.com\/WP\/wp-json\/wp\/v2\/pages\/1851"}],"collection":[{"href":"https:\/\/www.verenagruenwald.com\/WP\/wp-json\/wp\/v2\/pages"}],"about":[{"href":"https:\/\/www.verenagruenwald.com\/WP\/wp-json\/wp\/v2\/types\/page"}],"author":[{"embeddable":true,"href":"https:\/\/www.verenagruenwald.com\/WP\/wp-json\/wp\/v2\/users\/1"}],"replies":[{"embeddable":true,"href":"https:\/\/www.verenagruenwald.com\/WP\/wp-json\/wp\/v2\/comments?post=1851"}],"version-history":[{"count":14,"href":"https:\/\/www.verenagruenwald.com\/WP\/wp-json\/wp\/v2\/pages\/1851\/revisions"}],"predecessor-version":[{"id":2324,"href":"https:\/\/www.verenagruenwald.com\/WP\/wp-json\/wp\/v2\/pages\/1851\/revisions\/2324"}],"wp:attachment":[{"href":"https:\/\/www.verenagruenwald.com\/WP\/wp-json\/wp\/v2\/media?parent=1851"}],"curies":[{"name":"wp","href":"https:\/\/api.w.org\/{rel}","templated":true}]}}