{"id":1723,"date":"2025-02-20T18:47:45","date_gmt":"2025-02-20T17:47:45","guid":{"rendered":"https:\/\/www.verenagruenwald.com\/WP\/?page_id=1723"},"modified":"2025-03-31T20:05:14","modified_gmt":"2025-03-31T18:05:14","slug":"work-experience-hr","status":"publish","type":"page","link":"https:\/\/www.verenagruenwald.com\/WP\/work-experience-hr\/","title":{"rendered":"Work Experience HR"},"content":{"rendered":"\n<div class=\"wp-block-media-text alignwide is-stacked-on-mobile\" style=\"grid-template-columns:24% auto\"><figure class=\"wp-block-media-text__media\"><img loading=\"lazy\" width=\"259\" height=\"194\" src=\"http:\/\/www.verenagruenwald.com\/WP\/wp-content\/bertram-k.png\" alt=\"\" class=\"wp-image-1684 size-full\"\/><\/figure><div class=\"wp-block-media-text__content\">\n<p class=\"has-medium-font-size\"><strong>2021 &#8211; heute<\/strong> <strong><a href=\"https:\/\/www.bertramk.com\/\" target=\"_blank\" rel=\"noreferrer noopener\">Bertram Kainzner PhD <\/a><\/strong><\/p>\n<\/div><\/div>\n\n\n\n<ul><li>Personalbeschaffung<\/li><li>Personalverwaltung (Arbeitsvertr\u00e4ge, Urlaub, Krankmeldungen, Gehaltszahlung, Personalstatistik)<\/li><li>Entgeltmanagement und Vorbereitung f\u00fcr die Lohnverrechnung<\/li><li>Personalcontrolling<\/li><li>Krisenmanagement<\/li><\/ul>\n\n\n\n<p><\/p>\n\n\n\n<div class=\"wp-block-media-text alignwide is-stacked-on-mobile\" style=\"grid-template-columns:28% auto\"><figure class=\"wp-block-media-text__media\"><img loading=\"lazy\" width=\"357\" height=\"141\" src=\"http:\/\/www.verenagruenwald.com\/WP\/wp-content\/evologic-logo.png\" alt=\"\" class=\"wp-image-1688 size-full\" srcset=\"https:\/\/www.verenagruenwald.com\/WP\/wp-content\/evologic-logo.png 357w, https:\/\/www.verenagruenwald.com\/WP\/wp-content\/evologic-logo-300x118.png 300w\" sizes=\"(max-width: 357px) 100vw, 357px\" \/><\/figure><div class=\"wp-block-media-text__content\">\n<p class=\"has-medium-font-size\"><strong>2018 &#8211; 2020 Evologic Technologies GmbH<\/strong><\/p>\n<\/div><\/div>\n\n\n\n<ul><li>Personalbeschaffung<\/li><li>Personalverwaltung (Arbeitsvertr\u00e4ge, Urlaub, Krankmeldungen, Gehaltszahlung, Personalstatistik)<\/li><li>Entgeltmanagement und Vorbereitung f\u00fcr die Lohnverrechnung<\/li><li>Personalcontrolling<\/li><li>Mitarbeitergespr\u00e4chsf\u00fchrung<\/li><li>K\u00fcndigungsmanagement und Outplacement<\/li><li>Unternehmenskultur<\/li><\/ul>\n\n\n\n<p><\/p>\n\n\n\n<div class=\"wp-block-media-text alignwide is-stacked-on-mobile\" style=\"grid-template-columns:25% auto\"><figure class=\"wp-block-media-text__media\"><img loading=\"lazy\" width=\"250\" height=\"126\" src=\"http:\/\/www.verenagruenwald.com\/WP\/wp-content\/weinviertler-festspiele.jpg\" alt=\"\" class=\"wp-image-1687 size-full\"\/><\/figure><div class=\"wp-block-media-text__content\">\n<p class=\"has-medium-font-size\"><strong>2020 Weinviertler Festspiele<\/strong><\/p>\n<\/div><\/div>\n\n\n\n<ul><li>Personalplanung<\/li><li>Personalbeschaffung<\/li><li>Personalverwaltung (Arbeitsvertr\u00e4ge, Urlaub, Krankmeldungen, Gehaltszahlung, Personalstatistik)<\/li><\/ul>\n\n\n\n<p><\/p>\n\n\n\n<div class=\"wp-block-media-text alignwide is-stacked-on-mobile\" style=\"grid-template-columns:27% auto\"><figure class=\"wp-block-media-text__media\"><img loading=\"lazy\" width=\"308\" height=\"164\" src=\"https:\/\/www.verenagruenwald.com\/WP\/wp-content\/stoertebeker-festspiele.png\" alt=\"\" class=\"wp-image-1724 size-full\" srcset=\"https:\/\/www.verenagruenwald.com\/WP\/wp-content\/stoertebeker-festspiele.png 308w, https:\/\/www.verenagruenwald.com\/WP\/wp-content\/stoertebeker-festspiele-300x160.png 300w\" sizes=\"(max-width: 308px) 100vw, 308px\" \/><\/figure><div class=\"wp-block-media-text__content\">\n<p class=\"has-medium-font-size\"><strong>2002 &#8211; 2013 St\u00f6rtebeker Festspiele GmbH &amp; Co KG, Dtld. <\/strong><\/p>\n<\/div><\/div>\n\n\n\n<ul><li>Personalf\u00fchrung<\/li><li>Personalplanung<\/li><li>Personalcontrolling<\/li><li>Mitarbeitermotivation<\/li><li>Krisenmanagement<\/li><li>Mitarbeitergespr\u00e4chsf\u00fchrung<\/li><li>K\u00fcndigungsmanagement und Outplacement<\/li><li>Teambildung&nbsp;und&nbsp; -leitung<\/li><li>Unternehmenskultur<\/li><\/ul>\n\n\n\n<p><\/p>\n\n\n\n<div class=\"wp-block-media-text alignwide is-stacked-on-mobile\" style=\"grid-template-columns:20% auto\"><figure class=\"wp-block-media-text__media\"><img loading=\"lazy\" width=\"330\" height=\"227\" src=\"https:\/\/www.verenagruenwald.com\/WP\/wp-content\/ds-communication-center.png\" alt=\"\" class=\"wp-image-1725 size-full\" srcset=\"https:\/\/www.verenagruenwald.com\/WP\/wp-content\/ds-communication-center.png 330w, https:\/\/www.verenagruenwald.com\/WP\/wp-content\/ds-communication-center-300x206.png 300w\" sizes=\"(max-width: 330px) 100vw, 330px\" \/><\/figure><div class=\"wp-block-media-text__content\">\n<p class=\"has-medium-font-size\"><strong>2007 D+S Communication Center, Dtld. <\/strong><\/p>\n<\/div><\/div>\n\n\n\n<p>Beratung im Bereich<\/p>\n\n\n\n<ul><li>Personalf\u00fchrung<\/li><li>Mitarbeitermotivation<\/li><li>Krisenmanagement<\/li><li>Teambildung&nbsp; und&nbsp; -leitung<\/li><li>Unternehmenskultur<\/li><\/ul>\n\n\n\n<p><\/p>\n\n\n\n<div class=\"wp-block-media-text alignwide is-stacked-on-mobile\" style=\"grid-template-columns:20% auto\"><figure class=\"wp-block-media-text__media\"><img loading=\"lazy\" width=\"420\" height=\"286\" src=\"https:\/\/www.verenagruenwald.com\/WP\/wp-content\/landkreis-ruegen-logo.png\" alt=\"\" class=\"wp-image-1726 size-full\" srcset=\"https:\/\/www.verenagruenwald.com\/WP\/wp-content\/landkreis-ruegen-logo.png 420w, https:\/\/www.verenagruenwald.com\/WP\/wp-content\/landkreis-ruegen-logo-300x204.png 300w\" sizes=\"(max-width: 420px) 100vw, 420px\" \/><\/figure><div class=\"wp-block-media-text__content\">\n<p class=\"has-medium-font-size\"><strong>2006 \/ 2008 Landkreis R\u00fcgen, Dtld. <\/strong><\/p>\n<\/div><\/div>\n\n\n\n<p>Beratung im Bereich<\/p>\n\n\n\n<ul><li>Herausforderung demografischer Wandel<\/li><li>Teambuilding und \u2013leitung<\/li><li>Unternehmenskultur<\/li><\/ul>\n\n\n\n<p><\/p>\n\n\n\n<div class=\"wp-block-media-text alignwide is-stacked-on-mobile\" style=\"grid-template-columns:27% auto\"><figure class=\"wp-block-media-text__media\"><img loading=\"lazy\" width=\"469\" height=\"107\" src=\"https:\/\/www.verenagruenwald.com\/WP\/wp-content\/kurier-logo.png\" alt=\"\" class=\"wp-image-1727 size-full\" srcset=\"https:\/\/www.verenagruenwald.com\/WP\/wp-content\/kurier-logo.png 469w, https:\/\/www.verenagruenwald.com\/WP\/wp-content\/kurier-logo-300x68.png 300w\" sizes=\"(max-width: 469px) 100vw, 469px\" \/><\/figure><div class=\"wp-block-media-text__content\">\n<p class=\"has-medium-font-size\"><strong>2001 &#8211; 2010 Kurier Zeitungsverlag und Druckerei GmbH; Marketing und Eventmanagement<\/strong><\/p>\n<\/div><\/div>\n\n\n\n<ul><li>Personalplanung<\/li><li>Personalcontrolling<\/li><li>Mitarbeitermotivation<\/li><li>Personalf\u00fchrung<\/li><li>Teambildung&nbsp; und&nbsp; -leitung<\/li><\/ul>\n\n\n\n<p><\/p>\n\n\n\n<div class=\"wp-block-media-text alignwide is-stacked-on-mobile\" style=\"grid-template-columns:24% auto\"><figure class=\"wp-block-media-text__media\"><img loading=\"lazy\" width=\"504\" height=\"141\" src=\"http:\/\/www.verenagruenwald.com\/WP\/wp-content\/winterwerbung-logo.jpg\" alt=\"\" class=\"wp-image-1692 size-full\" srcset=\"https:\/\/www.verenagruenwald.com\/WP\/wp-content\/winterwerbung-logo.jpg 504w, https:\/\/www.verenagruenwald.com\/WP\/wp-content\/winterwerbung-logo-300x84.jpg 300w, https:\/\/www.verenagruenwald.com\/WP\/wp-content\/winterwerbung-logo-380x107.jpg 380w\" sizes=\"(max-width: 504px) 100vw, 504px\" \/><\/figure><div class=\"wp-block-media-text__content\">\n<p class=\"has-medium-font-size\"><strong>2000 &#8211; 2001 WinterWerbung, wintersportinfo<\/strong><\/p>\n<\/div><\/div>\n\n\n\n<ul><li>Personalplanung<\/li><li>Personalbeschaffung<\/li><li>Personalverwaltung (Arbeitsvertr\u00e4ge, Urlaub, Krankmeldungen, Gehaltszahlung, Personalstatistik)<\/li><li>Entgeltmanagement und Vorbereitung f\u00fcr die Lohnverrechnung<\/li><li>Personalentwicklung<\/li><li>Personalcontrolling<\/li><li>Mitarbeitermotivation<\/li><li>Krisenmanagement<\/li><li>Mitarbeitergespr\u00e4chsf\u00fchrung<\/li><li>K\u00fcndigungsmanagement und Outplacement<\/li><li>Teambildung&nbsp; und&nbsp; -leitung<\/li><li>Unternehmenskultur<\/li><\/ul>\n","protected":false},"excerpt":{"rendered":"<p>2021 &#8211; heute Bertram Kainzner PhD Personalbeschaffung Personalverwaltung (Arbeitsvertr\u00e4ge, Urlaub, Krankmeldungen, Gehaltszahlung, Personalstatistik) Entgeltmanagement und Vorbereitung f\u00fcr die Lohnverrechnung Personalcontrolling Krisenmanagement 2018 &#8211; 2020 Evologic Technologies GmbH Personalbeschaffung Personalverwaltung (Arbeitsvertr\u00e4ge, Urlaub, Krankmeldungen, Gehaltszahlung, Personalstatistik) Entgeltmanagement und Vorbereitung f\u00fcr die Lohnverrechnung Personalcontrolling Mitarbeitergespr\u00e4chsf\u00fchrung K\u00fcndigungsmanagement und Outplacement Unternehmenskultur 2020 Weinviertler Festspiele Personalplanung Personalbeschaffung Personalverwaltung (Arbeitsvertr\u00e4ge, Urlaub, Krankmeldungen,<\/p>\n<p class=\"more-link\"><a href=\"https:\/\/www.verenagruenwald.com\/WP\/work-experience-hr\/\" class=\"themebutton\">Read More<\/a><\/p>\n","protected":false},"author":1,"featured_media":0,"parent":0,"menu_order":0,"comment_status":"closed","ping_status":"closed","template":"","meta":[],"_links":{"self":[{"href":"https:\/\/www.verenagruenwald.com\/WP\/wp-json\/wp\/v2\/pages\/1723"}],"collection":[{"href":"https:\/\/www.verenagruenwald.com\/WP\/wp-json\/wp\/v2\/pages"}],"about":[{"href":"https:\/\/www.verenagruenwald.com\/WP\/wp-json\/wp\/v2\/types\/page"}],"author":[{"embeddable":true,"href":"https:\/\/www.verenagruenwald.com\/WP\/wp-json\/wp\/v2\/users\/1"}],"replies":[{"embeddable":true,"href":"https:\/\/www.verenagruenwald.com\/WP\/wp-json\/wp\/v2\/comments?post=1723"}],"version-history":[{"count":7,"href":"https:\/\/www.verenagruenwald.com\/WP\/wp-json\/wp\/v2\/pages\/1723\/revisions"}],"predecessor-version":[{"id":2287,"href":"https:\/\/www.verenagruenwald.com\/WP\/wp-json\/wp\/v2\/pages\/1723\/revisions\/2287"}],"wp:attachment":[{"href":"https:\/\/www.verenagruenwald.com\/WP\/wp-json\/wp\/v2\/media?parent=1723"}],"curies":[{"name":"wp","href":"https:\/\/api.w.org\/{rel}","templated":true}]}}