{"id":1683,"date":"2025-02-18T12:35:44","date_gmt":"2025-02-18T11:35:44","guid":{"rendered":"https:\/\/www.verenagruenwald.com\/WP\/?page_id=1683"},"modified":"2025-03-31T20:07:41","modified_gmt":"2025-03-31T18:07:41","slug":"work-experience-fi-co","status":"publish","type":"page","link":"https:\/\/www.verenagruenwald.com\/WP\/work-experience-fi-co\/","title":{"rendered":"Work Experience Fi &#038; Co"},"content":{"rendered":"\n<div class=\"wp-block-media-text alignwide is-stacked-on-mobile\" style=\"grid-template-columns:23% auto\"><figure class=\"wp-block-media-text__media\"><img loading=\"lazy\" width=\"259\" height=\"194\" src=\"https:\/\/www.verenagruenwald.com\/WP\/wp-content\/bertram-k.png\" alt=\"\" class=\"wp-image-1684 size-full\"\/><\/figure><div class=\"wp-block-media-text__content\">\n<p class=\"has-medium-font-size\"> <strong>2021 &#8211; heute<\/strong> <strong><a rel=\"noreferrer noopener\" href=\"https:\/\/www.bertramk.com\/\" target=\"_blank\">Bertram Kainzner GmbH<\/a> <\/strong>      <\/p>\n<\/div><\/div>\n\n\n\n<ul><li>Vorbereitung f\u00fcr den Steuerberater<\/li><li>Finance Analyse und Reorganisation&nbsp;&nbsp;&nbsp;&nbsp;&nbsp;&nbsp;&nbsp;&nbsp;&nbsp;&nbsp;&nbsp;&nbsp;&nbsp;&nbsp;&nbsp;&nbsp;&nbsp;&nbsp;&nbsp;&nbsp;&nbsp;&nbsp;&nbsp;&nbsp;&nbsp;&nbsp;&nbsp;<\/li><li>Cashburn Analyse<\/li><li>Projektkostenrechnung<\/li><li>Rechnungs- und Mahnwesen<\/li><li>Kassaf\u00fchrung und Belegorganisation<\/li><li>Seminare und Pr\u00e4sentationen und Verhandlungen<\/li><\/ul>\n\n\n\n<p><\/p>\n\n\n\n<div class=\"wp-block-media-text alignwide is-stacked-on-mobile\" style=\"grid-template-columns:18% auto\"><figure class=\"wp-block-media-text__media\"><img loading=\"lazy\" width=\"600\" height=\"600\" src=\"https:\/\/www.verenagruenwald.com\/WP\/wp-content\/be-co_Logo_aktuell.png\" alt=\"\" class=\"wp-image-1686 size-full\" srcset=\"https:\/\/www.verenagruenwald.com\/WP\/wp-content\/be-co_Logo_aktuell.png 600w, https:\/\/www.verenagruenwald.com\/WP\/wp-content\/be-co_Logo_aktuell-300x300.png 300w, https:\/\/www.verenagruenwald.com\/WP\/wp-content\/be-co_Logo_aktuell-150x150.png 150w, https:\/\/www.verenagruenwald.com\/WP\/wp-content\/be-co_Logo_aktuell-120x120.png 120w, https:\/\/www.verenagruenwald.com\/WP\/wp-content\/be-co_Logo_aktuell-105x105.png 105w, https:\/\/www.verenagruenwald.com\/WP\/wp-content\/be-co_Logo_aktuell-570x570.png 570w, https:\/\/www.verenagruenwald.com\/WP\/wp-content\/be-co_Logo_aktuell-380x380.png 380w, https:\/\/www.verenagruenwald.com\/WP\/wp-content\/be-co_Logo_aktuell-285x285.png 285w\" sizes=\"(max-width: 600px) 100vw, 600px\" \/><\/figure><div class=\"wp-block-media-text__content\">\n<p class=\"has-medium-font-size\"><strong>2015 &#8211; heute<\/strong> <strong><a rel=\"noreferrer noopener\" href=\"https:\/\/be-co.at\/\" target=\"_blank\">Be-Co Financial Services<\/a>     <\/strong><\/p>\n<\/div><\/div>\n\n\n\n<p><em>vorab <strong>easytaxing easyoffice<\/strong><\/em><\/p>\n\n\n\n<p>T\u00e4tig f\u00fcr:  <em>studio mArtin \/ Duo Wolff \/ Cosy Appartement \u2013 rent a room \/ FeWo Reznicek \/ Jasata \/ Janina Kurzmann \/ Ilse Roch \/ CoWork<\/em><\/p>\n\n\n\n<ul><li>Finanzplanung Businessplan im Bereich Umsatz- und Kostenplanung, Kapital- und Liquidit\u00e4tsplanung sowie Rentabilit\u00e4tsberechnung<\/li><li>Vorbereitungen f\u00fcr den Steuerberater<\/li><li>Cashburn Analysen<\/li><li>Rechnungs- und Mahnwesen<\/li><li>Kassaf\u00fchrung und Belegorganisation<\/li><li>Ust-Quartalsabrechnungen und Jahresabrechnung Einkommenssteuererkl\u00e4rung f\u00fcr KMUs f\u00fcr Einnahmen-Ausgaben-Rechnung<\/li><li>Pr\u00e4sentationen und Verhandlungen<\/li><\/ul>\n\n\n\n<p><\/p>\n\n\n\n<div class=\"wp-block-media-text alignwide is-stacked-on-mobile\" style=\"grid-template-columns:33% auto\"><figure class=\"wp-block-media-text__media\"><img loading=\"lazy\" width=\"250\" height=\"126\" src=\"https:\/\/www.verenagruenwald.com\/WP\/wp-content\/weinviertler-festspiele.jpg\" alt=\"\" class=\"wp-image-1687 size-full\"\/><\/figure><div class=\"wp-block-media-text__content\">\n<p class=\"has-medium-font-size\"><strong>2020<\/strong> <strong>Weinviertler Festspiele      <\/strong><\/p>\n<\/div><\/div>\n\n\n\n<ul><li>Projektkostenrechnung<\/li><li>Vorbereitung f\u00fcr den Steuerberater<\/li><li>Rechnungs- und Mahnwesen<\/li><li>Kassaf\u00fchrung und Belegorganisation<\/li><\/ul>\n\n\n\n<p><\/p>\n\n\n\n<div class=\"wp-block-media-text alignwide is-stacked-on-mobile\" style=\"grid-template-columns:33% auto\"><figure class=\"wp-block-media-text__media\"><img loading=\"lazy\" width=\"357\" height=\"141\" src=\"https:\/\/www.verenagruenwald.com\/WP\/wp-content\/evologic-logo.png\" alt=\"\" class=\"wp-image-1688 size-full\" srcset=\"https:\/\/www.verenagruenwald.com\/WP\/wp-content\/evologic-logo.png 357w, https:\/\/www.verenagruenwald.com\/WP\/wp-content\/evologic-logo-300x118.png 300w\" sizes=\"(max-width: 357px) 100vw, 357px\" \/><\/figure><div class=\"wp-block-media-text__content\">\n<p class=\"has-medium-font-size\"><strong>2018 -2020<\/strong> <strong>Evologic Technologies GmbH     <\/strong><\/p>\n<\/div><\/div>\n\n\n\n<ul><li>Vorbereitung f\u00fcr den Steuerberater<\/li><li>Finance Analyse und Reorganisation&nbsp;&nbsp;&nbsp;&nbsp;&nbsp;&nbsp;&nbsp;&nbsp;&nbsp;&nbsp;&nbsp;&nbsp;&nbsp;&nbsp;&nbsp;&nbsp;&nbsp;&nbsp;&nbsp;&nbsp;&nbsp;&nbsp;&nbsp;&nbsp;&nbsp;&nbsp;&nbsp;<\/li><li>Runway Top Down Berechnung<\/li><li>Cashburn Analyse<\/li><li>Forschungsf\u00f6rderungsabrechnungen und -verteidigung<\/li><li>B2B Wirtschaftsinformation<\/li><li>Rechnungs- und Mahnwesen<\/li><li>Kassaf\u00fchrung und Belegorganisation<\/li><li>Pr\u00e4sentationen<\/li><\/ul>\n\n\n\n<p><\/p>\n\n\n\n<div class=\"wp-block-media-text alignwide is-stacked-on-mobile\" style=\"grid-template-columns:21% auto\"><figure class=\"wp-block-media-text__media\"><img loading=\"lazy\" width=\"498\" height=\"340\" src=\"https:\/\/www.verenagruenwald.com\/WP\/wp-content\/verena-gruenwald-Logo-bearb.png\" alt=\"\" class=\"wp-image-1693 size-full\" srcset=\"https:\/\/www.verenagruenwald.com\/WP\/wp-content\/verena-gruenwald-Logo-bearb.png 498w, https:\/\/www.verenagruenwald.com\/WP\/wp-content\/verena-gruenwald-Logo-bearb-300x205.png 300w\" sizes=\"(max-width: 498px) 100vw, 498px\" \/><\/figure><div class=\"wp-block-media-text__content\">\n<p class=\"has-medium-font-size\"><strong>2007 &#8211; 2015<\/strong> <strong>VGW Consulting     <\/strong><\/p>\n<\/div><\/div>\n\n\n\n<p>T\u00e4tig f\u00fcr: <em>Fly2Sky Bodyflying \/ Sargentbus Budapest\/ Parndorf 2.0 \/ Bertram K education \/ Patrick Anders \/ Microsoft und Cisco in Zusammenarbeit mit Alinea Partners Consulting GmbH<\/em><\/p>\n\n\n\n<ul><li>Finanzplanung Businessplan im Bereich Umsatz- und Kostenplanung, Kapital- und Liquidit\u00e4tsplanung sowie Rentabilit\u00e4tsberechnung<\/li><li>Cashburn Analysen<\/li><li>Finanzanalysen plus Vorbereitung Pr\u00e4sentatiosunterlagen<\/li><li>Pr\u00e4sentationen und Verhandlungen<\/li><\/ul>\n\n\n\n<p><\/p>\n\n\n\n<div class=\"wp-block-media-text alignwide is-stacked-on-mobile\" style=\"grid-template-columns:17% auto\"><figure class=\"wp-block-media-text__media\"><img loading=\"lazy\" width=\"225\" height=\"225\" src=\"https:\/\/www.verenagruenwald.com\/WP\/wp-content\/folgeeins-logo.png\" alt=\"\" class=\"wp-image-1689 size-full\" srcset=\"https:\/\/www.verenagruenwald.com\/WP\/wp-content\/folgeeins-logo.png 225w, https:\/\/www.verenagruenwald.com\/WP\/wp-content\/folgeeins-logo-150x150.png 150w, https:\/\/www.verenagruenwald.com\/WP\/wp-content\/folgeeins-logo-120x120.png 120w, https:\/\/www.verenagruenwald.com\/WP\/wp-content\/folgeeins-logo-105x105.png 105w\" sizes=\"(max-width: 225px) 100vw, 225px\" \/><\/figure><div class=\"wp-block-media-text__content\">\n<p class=\"has-medium-font-size\"><strong>2007-2009<\/strong> <strong>Folgeeins Athena Werbik GmbH     <\/strong><\/p>\n<\/div><\/div>\n\n\n\n<ul><li>Finance Analyse und Reorganisation&nbsp;&nbsp;&nbsp;&nbsp;&nbsp;&nbsp;&nbsp;&nbsp;&nbsp;&nbsp;&nbsp;&nbsp;&nbsp;&nbsp;&nbsp;&nbsp;&nbsp;&nbsp;&nbsp;&nbsp;&nbsp;&nbsp;&nbsp;&nbsp;&nbsp;&nbsp;&nbsp;<\/li><li>Runway Top Down Berechnung<\/li><li>Cashburn Analyse<\/li><li>B2B Wirtschaftsinformation<\/li><li>F\u00f6rderungen im Schulungs- und Seminarbereich<\/li><li>Seminare und Pr\u00e4sentationen<\/li><\/ul>\n\n\n\n<p><\/p>\n\n\n\n<div class=\"wp-block-media-text alignwide is-stacked-on-mobile\" style=\"grid-template-columns:15% auto\"><figure class=\"wp-block-media-text__media\"><img loading=\"lazy\" width=\"800\" height=\"801\" src=\"https:\/\/www.verenagruenwald.com\/WP\/wp-content\/Dun__Bradstreet_Logo.svg_.png\" alt=\"\" class=\"wp-image-1690 size-full\" srcset=\"https:\/\/www.verenagruenwald.com\/WP\/wp-content\/Dun__Bradstreet_Logo.svg_.png 800w, https:\/\/www.verenagruenwald.com\/WP\/wp-content\/Dun__Bradstreet_Logo.svg_-300x300.png 300w, https:\/\/www.verenagruenwald.com\/WP\/wp-content\/Dun__Bradstreet_Logo.svg_-150x150.png 150w, https:\/\/www.verenagruenwald.com\/WP\/wp-content\/Dun__Bradstreet_Logo.svg_-768x769.png 768w, https:\/\/www.verenagruenwald.com\/WP\/wp-content\/Dun__Bradstreet_Logo.svg_-120x120.png 120w, https:\/\/www.verenagruenwald.com\/WP\/wp-content\/Dun__Bradstreet_Logo.svg_-105x105.png 105w, https:\/\/www.verenagruenwald.com\/WP\/wp-content\/Dun__Bradstreet_Logo.svg_-570x570.png 570w, https:\/\/www.verenagruenwald.com\/WP\/wp-content\/Dun__Bradstreet_Logo.svg_-380x380.png 380w, https:\/\/www.verenagruenwald.com\/WP\/wp-content\/Dun__Bradstreet_Logo.svg_-285x285.png 285w\" sizes=\"(max-width: 800px) 100vw, 800px\" \/><\/figure><div class=\"wp-block-media-text__content\">\n<p class=\"has-medium-font-size\"><strong>2001-2008<\/strong> <strong>Dun &amp; Bradstreet Wirtschaftsauskunftei     <\/strong><\/p>\n\n\n\n<p><\/p>\n<\/div><\/div>\n\n\n\n<ul><li>Datenaufbereitung Bilanz und G&amp;V f\u00fcr Wirtschaftsausk\u00fcnfte<\/li><li>Datenerhebung bei diversen Finanz\u00e4mtern Wien und N\u00d6 zu diesem Zwecke<\/li><\/ul>\n\n\n\n<p><\/p>\n\n\n\n<div class=\"wp-block-media-text alignwide is-stacked-on-mobile\" style=\"grid-template-columns:35% auto\"><figure class=\"wp-block-media-text__media\"><img loading=\"lazy\" width=\"504\" height=\"141\" src=\"https:\/\/www.verenagruenwald.com\/WP\/wp-content\/winterwerbung-logo.jpg\" alt=\"\" class=\"wp-image-1692 size-full\" srcset=\"https:\/\/www.verenagruenwald.com\/WP\/wp-content\/winterwerbung-logo.jpg 504w, https:\/\/www.verenagruenwald.com\/WP\/wp-content\/winterwerbung-logo-300x84.jpg 300w, https:\/\/www.verenagruenwald.com\/WP\/wp-content\/winterwerbung-logo-380x107.jpg 380w\" sizes=\"(max-width: 504px) 100vw, 504px\" \/><\/figure><div class=\"wp-block-media-text__content\">\n<p class=\"has-medium-font-size\"><strong>2000-2001<\/strong> <strong>WinterWerbung Gmbh \/ wintersportinfo     <\/strong><\/p>\n\n\n\n<p><\/p>\n<\/div><\/div>\n\n\n\n<ul><li>Finance Analyse und Reorganisation&nbsp;&nbsp;&nbsp;&nbsp;&nbsp;&nbsp;&nbsp;&nbsp;&nbsp;&nbsp;&nbsp;&nbsp;&nbsp;&nbsp;&nbsp;&nbsp;&nbsp;&nbsp;&nbsp;&nbsp;&nbsp;&nbsp;&nbsp;&nbsp;&nbsp;&nbsp;&nbsp;<\/li><li>Runway Top Down Berechnung<\/li><li>Cashburn Analyse<\/li><li>Projektkostenrechnung<\/li><li>Pr\u00e4sentationen<\/li><\/ul>\n","protected":false},"excerpt":{"rendered":"<p>2021 &#8211; heute Bertram Kainzner GmbH Vorbereitung f\u00fcr den Steuerberater Finance Analyse und Reorganisation&nbsp;&nbsp;&nbsp;&nbsp;&nbsp;&nbsp;&nbsp;&nbsp;&nbsp;&nbsp;&nbsp;&nbsp;&nbsp;&nbsp;&nbsp;&nbsp;&nbsp;&nbsp;&nbsp;&nbsp;&nbsp;&nbsp;&nbsp;&nbsp;&nbsp;&nbsp;&nbsp; Cashburn Analyse Projektkostenrechnung Rechnungs- und Mahnwesen Kassaf\u00fchrung und Belegorganisation Seminare und Pr\u00e4sentationen und Verhandlungen 2015 &#8211; heute Be-Co Financial Services vorab easytaxing easyoffice T\u00e4tig f\u00fcr: studio mArtin \/ Duo Wolff \/ Cosy Appartement \u2013 rent a room \/ FeWo Reznicek \/<\/p>\n<p class=\"more-link\"><a href=\"https:\/\/www.verenagruenwald.com\/WP\/work-experience-fi-co\/\" class=\"themebutton\">Read More<\/a><\/p>\n","protected":false},"author":1,"featured_media":0,"parent":0,"menu_order":0,"comment_status":"closed","ping_status":"closed","template":"","meta":[],"_links":{"self":[{"href":"https:\/\/www.verenagruenwald.com\/WP\/wp-json\/wp\/v2\/pages\/1683"}],"collection":[{"href":"https:\/\/www.verenagruenwald.com\/WP\/wp-json\/wp\/v2\/pages"}],"about":[{"href":"https:\/\/www.verenagruenwald.com\/WP\/wp-json\/wp\/v2\/types\/page"}],"author":[{"embeddable":true,"href":"https:\/\/www.verenagruenwald.com\/WP\/wp-json\/wp\/v2\/users\/1"}],"replies":[{"embeddable":true,"href":"https:\/\/www.verenagruenwald.com\/WP\/wp-json\/wp\/v2\/comments?post=1683"}],"version-history":[{"count":4,"href":"https:\/\/www.verenagruenwald.com\/WP\/wp-json\/wp\/v2\/pages\/1683\/revisions"}],"predecessor-version":[{"id":2290,"href":"https:\/\/www.verenagruenwald.com\/WP\/wp-json\/wp\/v2\/pages\/1683\/revisions\/2290"}],"wp:attachment":[{"href":"https:\/\/www.verenagruenwald.com\/WP\/wp-json\/wp\/v2\/media?parent=1683"}],"curies":[{"name":"wp","href":"https:\/\/api.w.org\/{rel}","templated":true}]}}