{"id":160,"date":"2023-03-09T14:57:01","date_gmt":"2023-03-09T13:57:01","guid":{"rendered":"https:\/\/www.verenagruenwald.com\/WP\/?page_id=160"},"modified":"2025-03-31T21:03:35","modified_gmt":"2025-03-31T19:03:35","slug":"finance-controlling","status":"publish","type":"page","link":"https:\/\/www.verenagruenwald.com\/WP\/be-co\/beratungen-be-co\/finance-controlling\/","title":{"rendered":"Finance &#038; Controlling"},"content":{"rendered":"\n<div class=\"wp-block-image is-style-default\"><figure class=\"alignleft size-full is-resized\"><img loading=\"lazy\" src=\"http:\/\/www.verenagruenwald.com\/WP\/wp-content\/Finance-Controlling-be-co-Verena-Gruenwald.jpg\" alt=\"\" class=\"wp-image-472\" width=\"382\" height=\"293\" srcset=\"https:\/\/www.verenagruenwald.com\/WP\/wp-content\/Finance-Controlling-be-co-Verena-Gruenwald.jpg 630w, https:\/\/www.verenagruenwald.com\/WP\/wp-content\/Finance-Controlling-be-co-Verena-Gruenwald-300x230.jpg 300w\" sizes=\"(max-width: 382px) 100vw, 382px\" \/><\/figure><\/div>\n\n\n\n<p style=\"font-size:15px\">F\u00fcr viele Selbst\u00e4ndige geh\u00f6ren <strong><mark style=\"background-color:rgba(0, 0, 0, 0)\" class=\"has-inline-color has-luminous-vivid-orange-color\">die steuerrechtlichen Anforderunge<\/mark>n<\/strong>, die an das Unternehmen gestellt werden, <strong>zu den weniger geliebten Verpflichtungen<\/strong> in ihrem Arbeitsalltag. Denn leider ist es mit der Suche nach einem guten Steuerberater nicht getan. Die Belege geh\u00f6ren aufbereitet, kontrolliert und f\u00fcr etwaige Abgaben, Analysen bzw. Pr\u00fcfungen bearbeitet. Weiters ist es sehr wichtig &#8211; <strong><mark style=\"background-color:rgba(0, 0, 0, 0)\" class=\"has-inline-color has-luminous-vivid-orange-color\">um ein Unternehmen liquide zu halten<\/mark><\/strong> &#8211; rechtzeitig und zeitnah Rechnungen zu legen und die Einnahmen zu kontrollieren.<br><br><strong><mark style=\"background-color:rgba(0, 0, 0, 0)\" class=\"has-inline-color has-luminous-vivid-orange-color\">Im Finanzbereich<\/mark><\/strong> geh\u00f6ren zu einem gesund funktionierenden Unternehmen<\/p>\n\n\n\n<div class=\"wp-block-columns\">\n<div class=\"wp-block-column\" style=\"flex-basis:100%\">\n<ul><li>das fristgerechte Einhalten von gesetzlichen Bestimmungen<\/li><li>die Verf\u00fcgbarkeit von kurz- und mittelfristigem Kapital<\/li><li>eine fundierte Finanzplanung und<\/li><li>ein effizientes Finance Controlling<\/li><\/ul>\n<\/div>\n<\/div>\n\n\n\n<p style=\"font-size:15px\">Aus dem Grund <mark style=\"background-color:rgba(0, 0, 0, 0)\" class=\"has-inline-color has-luminous-vivid-orange-color\"><strong>biete ich Ihnen Unterst\u00fctzung<\/strong> <\/mark>in den Bereichen: <\/p>\n\n\n\n<ul><li>Rechnungslegung, Mahnwesen und invoice payment controlling <\/li><li>Vorbereitung f\u00fcr den Steuerberater <\/li><li>Unterst\u00fctzung bei Besprechungen mit dem Steuerberater und \u00c4mtern <\/li><li>Finance Controlling im Bereich Cashburnberechnung \/ Runway Top Down \/ Personalkosten <\/li><li>Strategische Unternehmensplanung und Organisations(re)strukturierung im Bereich Finanzplanung<\/li><\/ul>\n\n\n\n<p><\/p>\n\n\n\n<p style=\"font-size:18px\"><strong><a href=\"https:\/\/www.verenagruenwald.com\/WP\/kontakt\/\" data-type=\"URL\" data-id=\"https:\/\/www.verenagruenwald.com\/WP\/kontakt\/\" target=\"_blank\" rel=\"noreferrer noopener\">Kontakt Be-Co<\/a><\/strong><\/p>\n","protected":false},"excerpt":{"rendered":"<p>F\u00fcr viele Selbst\u00e4ndige geh\u00f6ren die steuerrechtlichen Anforderungen, die an das Unternehmen gestellt werden, zu den weniger geliebten Verpflichtungen in ihrem Arbeitsalltag. Denn leider ist es mit der Suche nach einem guten Steuerberater nicht getan. Die Belege geh\u00f6ren aufbereitet, kontrolliert und f\u00fcr etwaige Abgaben, Analysen bzw. Pr\u00fcfungen bearbeitet. Weiters ist es sehr wichtig &#8211; um ein<\/p>\n<p class=\"more-link\"><a href=\"https:\/\/www.verenagruenwald.com\/WP\/be-co\/beratungen-be-co\/finance-controlling\/\" class=\"themebutton\">Read More<\/a><\/p>\n","protected":false},"author":1,"featured_media":0,"parent":156,"menu_order":0,"comment_status":"closed","ping_status":"closed","template":"","meta":[],"_links":{"self":[{"href":"https:\/\/www.verenagruenwald.com\/WP\/wp-json\/wp\/v2\/pages\/160"}],"collection":[{"href":"https:\/\/www.verenagruenwald.com\/WP\/wp-json\/wp\/v2\/pages"}],"about":[{"href":"https:\/\/www.verenagruenwald.com\/WP\/wp-json\/wp\/v2\/types\/page"}],"author":[{"embeddable":true,"href":"https:\/\/www.verenagruenwald.com\/WP\/wp-json\/wp\/v2\/users\/1"}],"replies":[{"embeddable":true,"href":"https:\/\/www.verenagruenwald.com\/WP\/wp-json\/wp\/v2\/comments?post=160"}],"version-history":[{"count":9,"href":"https:\/\/www.verenagruenwald.com\/WP\/wp-json\/wp\/v2\/pages\/160\/revisions"}],"predecessor-version":[{"id":1441,"href":"https:\/\/www.verenagruenwald.com\/WP\/wp-json\/wp\/v2\/pages\/160\/revisions\/1441"}],"up":[{"embeddable":true,"href":"https:\/\/www.verenagruenwald.com\/WP\/wp-json\/wp\/v2\/pages\/156"}],"wp:attachment":[{"href":"https:\/\/www.verenagruenwald.com\/WP\/wp-json\/wp\/v2\/media?parent=160"}],"curies":[{"name":"wp","href":"https:\/\/api.w.org\/{rel}","templated":true}]}}