{"id":156,"date":"2023-03-09T14:55:34","date_gmt":"2023-03-09T13:55:34","guid":{"rendered":"https:\/\/www.verenagruenwald.com\/WP\/?page_id=156"},"modified":"2023-05-11T14:38:34","modified_gmt":"2023-05-11T12:38:34","slug":"beratungen-be-co","status":"publish","type":"page","link":"https:\/\/www.verenagruenwald.com\/WP\/be-co\/beratungen-be-co\/","title":{"rendered":"Beratungen Be-Co"},"content":{"rendered":"\n<div class=\"wp-block-image is-style-default\"><figure class=\"alignleft size-full is-resized\"><img loading=\"lazy\" src=\"http:\/\/www.verenagruenwald.com\/WP\/wp-content\/Logo-be-co-verstaerkt.jpg\" alt=\"\" class=\"wp-image-68\" width=\"228\" height=\"192\"\/><\/figure><\/div>\n\n\n\n<p style=\"font-size:18px\">Be-Co bietet folgende Beratungs-Bereiche: <\/p>\n\n\n\n<p class=\"has-medium-font-size\"><strong><a href=\"https:\/\/www.verenagruenwald.com\/WP\/be-co\/beratungen-be-co\/behaviour-communication\/\" data-type=\"URL\" data-id=\"https:\/\/www.verenagruenwald.com\/WP\/be-co\/beratungen-be-co\/behaviour-communication\/\" target=\"_blank\" rel=\"noreferrer noopener\">Behaviour &amp; Communication <\/a><\/strong><\/p>\n\n\n\n<p class=\"has-medium-font-size\"><strong><a href=\"https:\/\/www.verenagruenwald.com\/WP\/be-co\/beratungen-be-co\/finance-controlling\/\" data-type=\"URL\" data-id=\"https:\/\/www.verenagruenwald.com\/WP\/be-co\/beratungen-be-co\/finance-controlling\/\" target=\"_blank\" rel=\"noreferrer noopener\">Finance &amp; Controlling<\/a><\/strong><\/p>\n\n\n\n<p class=\"has-medium-font-size\"><strong><a href=\"https:\/\/www.verenagruenwald.com\/WP\/be-co\/beratungen-be-co\/re-organisation\/\" data-type=\"URL\" data-id=\"https:\/\/www.verenagruenwald.com\/WP\/be-co\/beratungen-be-co\/re-organisation\/\" target=\"_blank\" rel=\"noreferrer noopener\">Re-Organisation<\/a><\/strong><\/p>\n\n\n\n<p style=\"font-size:18px\">F\u00fcr n\u00e4here Informationen klicken Sie einfach auf den Link.<\/p>\n\n\n\n<p><mark style=\"background-color:rgba(0, 0, 0, 0)\" class=\"has-inline-color has-white-color\">be-co Verena Gr\u00fcnwald<\/mark><\/p>\n\n\n\n<p class=\"has-medium-font-size\"><strong><a href=\"https:\/\/www.verenagruenwald.com\/WP\/kontakt\/\" data-type=\"URL\" data-id=\"https:\/\/www.verenagruenwald.com\/WP\/kontakt\/\" target=\"_blank\" rel=\"noreferrer noopener\">Kontakt Be-Co <mark style=\"background-color:rgba(0, 0, 0, 0)\" class=\"has-inline-color has-luminous-vivid-orange-color\"><\/mark><\/a><\/strong><\/p>\n","protected":false},"excerpt":{"rendered":"<p>Be-Co bietet folgende Beratungs-Bereiche: Behaviour &amp; Communication Finance &amp; Controlling Re-Organisation F\u00fcr n\u00e4here Informationen klicken Sie einfach auf den Link. be-co Verena Gr\u00fcnwald Kontakt Be-Co<\/p>\n","protected":false},"author":1,"featured_media":0,"parent":96,"menu_order":0,"comment_status":"closed","ping_status":"closed","template":"","meta":[],"_links":{"self":[{"href":"https:\/\/www.verenagruenwald.com\/WP\/wp-json\/wp\/v2\/pages\/156"}],"collection":[{"href":"https:\/\/www.verenagruenwald.com\/WP\/wp-json\/wp\/v2\/pages"}],"about":[{"href":"https:\/\/www.verenagruenwald.com\/WP\/wp-json\/wp\/v2\/types\/page"}],"author":[{"embeddable":true,"href":"https:\/\/www.verenagruenwald.com\/WP\/wp-json\/wp\/v2\/users\/1"}],"replies":[{"embeddable":true,"href":"https:\/\/www.verenagruenwald.com\/WP\/wp-json\/wp\/v2\/comments?post=156"}],"version-history":[{"count":6,"href":"https:\/\/www.verenagruenwald.com\/WP\/wp-json\/wp\/v2\/pages\/156\/revisions"}],"predecessor-version":[{"id":1438,"href":"https:\/\/www.verenagruenwald.com\/WP\/wp-json\/wp\/v2\/pages\/156\/revisions\/1438"}],"up":[{"embeddable":true,"href":"https:\/\/www.verenagruenwald.com\/WP\/wp-json\/wp\/v2\/pages\/96"}],"wp:attachment":[{"href":"https:\/\/www.verenagruenwald.com\/WP\/wp-json\/wp\/v2\/media?parent=156"}],"curies":[{"name":"wp","href":"https:\/\/api.w.org\/{rel}","templated":true}]}}