{"id":1535,"date":"2025-01-29T21:00:52","date_gmt":"2025-01-29T20:00:52","guid":{"rendered":"https:\/\/www.verenagruenwald.com\/WP\/?page_id=1535"},"modified":"2026-03-20T11:19:27","modified_gmt":"2026-03-20T10:19:27","slug":"event-gastro-hotellerie","status":"publish","type":"page","link":"https:\/\/www.verenagruenwald.com\/WP\/event-gastro-hotellerie\/","title":{"rendered":"Event, Gastro, Hotellerie"},"content":{"rendered":"\n<p class=\"has-text-color\" style=\"color:#e18c0d;font-size:30px;letter-spacing:3px\"><strong>\u00dcBER MICH<\/strong><\/p>\n\n\n\n<div class=\"wp-block-media-text alignwide has-media-on-the-right is-stacked-on-mobile\" style=\"grid-template-columns:auto 30%\"><figure class=\"wp-block-media-text__media\"><img loading=\"lazy\" width=\"988\" height=\"926\" src=\"https:\/\/www.verenagruenwald.com\/WP\/wp-content\/20190215-Evologic_Shooting-136klein-cut-out-3.jpg\" alt=\"\" class=\"wp-image-1636 size-full\" srcset=\"https:\/\/www.verenagruenwald.com\/WP\/wp-content\/20190215-Evologic_Shooting-136klein-cut-out-3.jpg 988w, https:\/\/www.verenagruenwald.com\/WP\/wp-content\/20190215-Evologic_Shooting-136klein-cut-out-3-300x281.jpg 300w, https:\/\/www.verenagruenwald.com\/WP\/wp-content\/20190215-Evologic_Shooting-136klein-cut-out-3-768x720.jpg 768w\" sizes=\"(max-width: 988px) 100vw, 988px\" \/><\/figure><div class=\"wp-block-media-text__content\">\n<p class=\"has-black-color has-text-color has-medium-font-size\">Hallo!<\/p>\n\n\n\n<p><\/p>\n\n\n\n<p>Mein Name ist Verena Gr\u00fcnwald und hier finden Sie alle Informationen, bez\u00fcglich meines beruflichen Werdegangs im Bereich <strong>Eventmanagement, Gastronomie und Hotellerie.<\/strong> Ich war von Anfang an von dieser Branche fasziniert und habe eine regelrechte Liebe dazu entwickelt.  Jemand anderen eine sch\u00f6ne Zeit zu bereiten war und ist f\u00fcr mich wirklich befriedigend. Aus dem Grund ist es bei mir nicht nur bei dem obligatorischen \u201cKellnerirn\u201d in jungen Jahren geblieben. Immer wieder bin ich im Laufe meines Berufslebens in diese Service-Branche zur\u00fcckgekehrt, und habe in diesem Bereich viel \u00fcber Disziplin, Stressresilienz und Professionalit\u00e4t in jeder Lebenslage gelernt. Zur Hotellerie kam ich erst sp\u00e4ter: Eine wirklich witzige und sch\u00f6ne Zeit lang in Los Angeles, und sp\u00e4ter mit meinem eigenen kleinen Unternehmen als Vermieterin eines Ferienappartements in Wien, das ich jetzt schon seit \u00fcber 10 Jahren betreibe.<\/p>\n\n\n\n<p><\/p>\n<\/div><\/div>\n\n\n\n<p class=\"has-text-color\" style=\"color:#e18c0d;font-size:30px;letter-spacing:3px\"><strong>WAS ICH BIETE<\/strong><\/p>\n\n\n\n<p><strong>EVENTMANAGEMENT:<\/strong> Planung, Organisation und Ablaufbetreuung von Veranstaltungen inklusive Personalbeschaffung, &#8211; betreuung und -f\u00fchrung \/ auf Wunsch inklusive Social Media- und Content-Betreuung \/\/ <strong>GASTRONOMIE<\/strong>: gewerberechtlicher Gesch\u00e4ftsf\u00fchrer \/ Betreuung Ferienappartement<\/p>\n\n\n\n<div class=\"wp-block-image\"><figure class=\"aligncenter size-large\"><img loading=\"lazy\" width=\"724\" height=\"1024\" src=\"https:\/\/www.verenagruenwald.com\/WP\/wp-content\/woher-ich-komme-Event2-724x1024.jpg\" alt=\"\" class=\"wp-image-2014\" srcset=\"https:\/\/www.verenagruenwald.com\/WP\/wp-content\/woher-ich-komme-Event2-724x1024.jpg 724w, https:\/\/www.verenagruenwald.com\/WP\/wp-content\/woher-ich-komme-Event2-212x300.jpg 212w, https:\/\/www.verenagruenwald.com\/WP\/wp-content\/woher-ich-komme-Event2-768x1086.jpg 768w, https:\/\/www.verenagruenwald.com\/WP\/wp-content\/woher-ich-komme-Event2-1086x1536.jpg 1086w, https:\/\/www.verenagruenwald.com\/WP\/wp-content\/woher-ich-komme-Event2.jpg 1414w\" sizes=\"(max-width: 724px) 100vw, 724px\" \/><\/figure><\/div>\n\n\n\n<p class=\"has-luminous-vivid-orange-color has-text-color\"><strong><a href=\"https:\/\/www.verenagruenwald.com\/WP\/work-experience-vgw-event-gastro-und-hotellerie\/\" target=\"_blank\" rel=\"noreferrer noopener\">Hier finden Sie n\u00e4here Details zu den einzelnen Unternehmen und Arbeitsbereichen.<\/a><\/strong><\/p>\n\n\n\n<p class=\"has-text-color\" style=\"color:#e18c0d;font-size:30px;letter-spacing:3px\"><strong>AUS- und WEITERBILDUNG<\/strong><\/p>\n\n\n\n<p class=\"has-black-color has-text-color has-medium-font-size\"><strong>Ausbildung:<\/strong><\/p>\n\n\n\n<figure class=\"wp-block-table is-style-regular\"><table><tbody><tr><td>2001 \u2013 2006<\/td><td>WU Wien, Betriebswirtschaft<br>Abschluss Personal- und interdiszipl. Verhaltensmanagement<\/td><\/tr><tr><td>2005 \u2013 2006<\/td><td>Member of Center of Excellence, WU Wien<\/td><\/tr><tr><td>1987 \u2013 1993<\/td><td>WU Wien, Betriebswirtschaft, 1. Abschnitt<\/td><\/tr><tr><td>1973 \u2013 1987<\/td><td>H\u00f6here Bundeslehranstalt f. wirtschaftl. Frauenberufe<br>mit Matura<\/td><\/tr><\/tbody><\/table><\/figure>\n\n\n\n<p class=\"has-black-color has-text-color has-medium-font-size\"><strong>Zertifikate:<\/strong><\/p>\n\n\n\n<figure class=\"wp-block-table is-style-regular\"><table><tbody><tr><td>2001<\/td><td>Gewerbeschein f\u00fcr Handel und Handelsagenten<\/td><\/tr><tr><td>1989<\/td><td>Konzessionspr\u00fcfung f\u00fcr Gastgewerbe und Hotellerie<\/td><\/tr><\/tbody><\/table><\/figure>\n\n\n\n<p class=\"has-luminous-vivid-orange-color has-text-color has-medium-font-size\"><strong><a href=\"https:\/\/www.verenagruenwald.com\/WP\/kontakt\/\">Kontakt zu Mag. Verena Gr\u00fcnwald<\/a><\/strong><\/p>\n\n\n\n<p class=\"has-black-color has-text-color\"><strong>Lebenslauf: <\/strong><\/p>\n\n\n\n<ul class=\"has-luminous-vivid-orange-color has-text-color\"><li><a href=\"https:\/\/www.verenagruenwald.com\/WP\/cv-verena-gruenwald\/\" target=\"_blank\" rel=\"noreferrer noopener\">CV Verena Gr\u00fcnwald (pdf)<\/a><\/li><\/ul>\n\n\n\n<p class=\"has-black-color has-text-color\"><strong>Downloads<\/strong>:<\/p>\n\n\n\n<ul class=\"has-luminous-vivid-orange-color has-text-color\"><li><a href=\"https:\/\/www.verenagruenwald.com\/WP\/portfolio-vgw-event-gastro-hotellerie\/\" target=\"_blank\" rel=\"noreferrer noopener\">Portfolio Event, Gastro und Hotellerie (pdf)<\/a><\/li><li><a href=\"https:\/\/www.verenagruenwald.com\/WP\/portfolio-vgw-gesamt\/\" target=\"_blank\" rel=\"noreferrer noopener\">Portfolio gesamt Verena Gr\u00fcnwald (pdf)<\/a><\/li><\/ul>\n\n\n\n<p class=\"has-black-color has-text-color\"><strong>Diverse Links:<\/strong><\/p>\n\n\n\n<ul class=\"has-luminous-vivid-orange-color has-text-color\"><li><a href=\"https:\/\/www.verenagruenwald.com\/WP\/kontakt\/\" target=\"_blank\" rel=\"noreferrer noopener\">Zertifikate Event, Gastro und Hotellerie (auf Anfrage)<\/a><\/li><li><a href=\"https:\/\/www.verenagruenwald.com\/WP\/kontakt\/\" target=\"_blank\" rel=\"noreferrer noopener\">Zertifikate gesamt (auf Anfrage)<\/a><\/li><li><a rel=\"noreferrer noopener\" href=\"https:\/\/www.verenagruenwald.com\/WP\/work-experience-vgw-event-gastro-und-hotellerie\/\" target=\"_blank\">Arbeitsproben<\/a><\/li><\/ul>\n\n\n\n<p class=\"has-black-color has-text-color\"><strong>Weitere Bereiche:<\/strong><\/p>\n\n\n\n<ul class=\"has-luminous-vivid-orange-color has-text-color\"><li><a href=\"https:\/\/www.verenagruenwald.com\/WP\/finance\/\">Finance &amp; Controlling<\/a><\/li><li><a href=\"https:\/\/www.verenagruenwald.com\/WP\/hr-management\/\">HR-Management<\/a><\/li><li><a href=\"https:\/\/www.verenagruenwald.com\/WP\/consulting\/\">Consulting und Projektmanagement<\/a><\/li><li><a href=\"https:\/\/www.verenagruenwald.com\/WP\/marketing\/\">Marketing und Content<\/a><\/li><li><a href=\"https:\/\/www.verenagruenwald.com\/WP\/film-theater-und-medien\/\">Film, Theater und Medien<\/a><\/li><\/ul>\n\n\n\n<p><\/p>\n","protected":false},"excerpt":{"rendered":"<p>\u00dcBER MICH Hallo! Mein Name ist Verena Gr\u00fcnwald und hier finden Sie alle Informationen, bez\u00fcglich meines beruflichen Werdegangs im Bereich Eventmanagement, Gastronomie und Hotellerie. Ich war von Anfang an von dieser Branche fasziniert und habe eine regelrechte Liebe dazu entwickelt. Jemand anderen eine sch\u00f6ne Zeit zu bereiten war und ist f\u00fcr mich wirklich befriedigend. Aus<\/p>\n<p class=\"more-link\"><a href=\"https:\/\/www.verenagruenwald.com\/WP\/event-gastro-hotellerie\/\" class=\"themebutton\">Read More<\/a><\/p>\n","protected":false},"author":1,"featured_media":0,"parent":0,"menu_order":0,"comment_status":"closed","ping_status":"closed","template":"","meta":[],"_links":{"self":[{"href":"https:\/\/www.verenagruenwald.com\/WP\/wp-json\/wp\/v2\/pages\/1535"}],"collection":[{"href":"https:\/\/www.verenagruenwald.com\/WP\/wp-json\/wp\/v2\/pages"}],"about":[{"href":"https:\/\/www.verenagruenwald.com\/WP\/wp-json\/wp\/v2\/types\/page"}],"author":[{"embeddable":true,"href":"https:\/\/www.verenagruenwald.com\/WP\/wp-json\/wp\/v2\/users\/1"}],"replies":[{"embeddable":true,"href":"https:\/\/www.verenagruenwald.com\/WP\/wp-json\/wp\/v2\/comments?post=1535"}],"version-history":[{"count":15,"href":"https:\/\/www.verenagruenwald.com\/WP\/wp-json\/wp\/v2\/pages\/1535\/revisions"}],"predecessor-version":[{"id":2356,"href":"https:\/\/www.verenagruenwald.com\/WP\/wp-json\/wp\/v2\/pages\/1535\/revisions\/2356"}],"wp:attachment":[{"href":"https:\/\/www.verenagruenwald.com\/WP\/wp-json\/wp\/v2\/media?parent=1535"}],"curies":[{"name":"wp","href":"https:\/\/api.w.org\/{rel}","templated":true}]}}