{"id":1532,"date":"2025-01-29T20:55:37","date_gmt":"2025-01-29T19:55:37","guid":{"rendered":"https:\/\/www.verenagruenwald.com\/WP\/?page_id=1532"},"modified":"2026-03-20T11:18:22","modified_gmt":"2026-03-20T10:18:22","slug":"film-theater-und-medien","status":"publish","type":"page","link":"https:\/\/www.verenagruenwald.com\/WP\/film-theater-und-medien\/","title":{"rendered":"Film, Theater und Medien"},"content":{"rendered":"\n<p class=\"has-text-color\" style=\"color:#e18c0d;font-size:30px;letter-spacing:3px\"><strong>\u00dcBER MICH <\/strong><\/p>\n\n\n\n<div class=\"wp-block-media-text alignwide has-media-on-the-right is-stacked-on-mobile\" style=\"grid-template-columns:auto 28%\"><figure class=\"wp-block-media-text__media\"><img loading=\"lazy\" width=\"1024\" height=\"943\" src=\"https:\/\/www.verenagruenwald.com\/WP\/wp-content\/20190215-Evologic_Shooting-145klein-gefaellt-mir-cut-out-2-1024x943.jpg\" alt=\"\" class=\"wp-image-1631 size-full\" srcset=\"https:\/\/www.verenagruenwald.com\/WP\/wp-content\/20190215-Evologic_Shooting-145klein-gefaellt-mir-cut-out-2-1024x943.jpg 1024w, https:\/\/www.verenagruenwald.com\/WP\/wp-content\/20190215-Evologic_Shooting-145klein-gefaellt-mir-cut-out-2-300x276.jpg 300w, https:\/\/www.verenagruenwald.com\/WP\/wp-content\/20190215-Evologic_Shooting-145klein-gefaellt-mir-cut-out-2-768x707.jpg 768w, https:\/\/www.verenagruenwald.com\/WP\/wp-content\/20190215-Evologic_Shooting-145klein-gefaellt-mir-cut-out-2.jpg 1076w\" sizes=\"(max-width: 1024px) 100vw, 1024px\" \/><\/figure><div class=\"wp-block-media-text__content\">\n<p class=\"has-black-color has-text-color has-medium-font-size\"><strong>Hallo!<\/strong><\/p>\n\n\n\n<p><\/p>\n\n\n\n<p>Mein Name ist Verena Gr\u00fcnwald und hier finden Sie alle Informationen f\u00fcr meinen Werdegang im Bereich <strong>(Werbe)Film, Theater und Medien<\/strong>. Meine kreative Seite hat mich mein ganzes Leben lang begleitet und Aufmerksamkeit gefordert. In Kombination mit dem Bereich Projektmanagement und Marketing habe ich ihr auch oft nachgegeben. So hat es mich neben meinen Wirtschafts- und Consulting-T\u00e4tigkeiten auch in die Branchen Film, Theater und Medien gef\u00fchrt. In den letzten Jahren wurde dann das Schreiben an sich ein immer wichtigerer Teil meines Lebens, der heute ein fixes, zweites &#8211; und sehr geliebtes &#8211; Standbein einnimmt. <\/p>\n<\/div><\/div>\n\n\n\n<p class=\"has-text-color\" style=\"color:#e18c0d;font-size:30px;letter-spacing:3px\"><strong>WAS ICH BIETE<\/strong><\/p>\n\n\n\n<p><strong>FILM &amp; THEATER:<\/strong> Spielleiter \/  Aufnahmeleiter \/ Produktionsassistenz \/ Regie \/ Leiter Statisterie \/ Filmschnitt und Tonstudio-Regie \/ Post Production \/ Locationsuche und Castingbetreuung \/ Erstellung und Betreuung von Storyboards \/ Schauspieler \/ Sprecher \/\/ <strong>MEDIEN:<\/strong> Comiczeichner (eigene Serie) \/ Journalist \/ Content Writer \/ Autor<\/p>\n\n\n\n<div class=\"wp-block-image\"><figure class=\"aligncenter size-large\"><img loading=\"lazy\" width=\"724\" height=\"1024\" src=\"https:\/\/www.verenagruenwald.com\/WP\/wp-content\/woher-ich-komme-film-fuer-WEbsite-724x1024.jpg\" alt=\"\" class=\"wp-image-1630\" srcset=\"https:\/\/www.verenagruenwald.com\/WP\/wp-content\/woher-ich-komme-film-fuer-WEbsite-724x1024.jpg 724w, https:\/\/www.verenagruenwald.com\/WP\/wp-content\/woher-ich-komme-film-fuer-WEbsite-212x300.jpg 212w, https:\/\/www.verenagruenwald.com\/WP\/wp-content\/woher-ich-komme-film-fuer-WEbsite-768x1086.jpg 768w, https:\/\/www.verenagruenwald.com\/WP\/wp-content\/woher-ich-komme-film-fuer-WEbsite-1086x1536.jpg 1086w, https:\/\/www.verenagruenwald.com\/WP\/wp-content\/woher-ich-komme-film-fuer-WEbsite.jpg 1414w\" sizes=\"(max-width: 724px) 100vw, 724px\" \/><\/figure><\/div>\n\n\n\n<p class=\"has-luminous-vivid-orange-color has-text-color\"><a href=\"https:\/\/www.verenagruenwald.com\/WP\/work-experience-vgw-film-theater-medien\/\" target=\"_blank\" rel=\"noreferrer noopener\"><strong>Hier finden Sie n\u00e4here Details zu den einzelnen Unternehmen und Arbeitsbereichen.<\/strong><\/a><\/p>\n\n\n\n<p class=\"has-text-color\" style=\"color:#e18c0d;font-size:30px;letter-spacing:3px\"><strong>AUS- und WEITERBILDUNG<\/strong><\/p>\n\n\n\n<p class=\"has-black-color has-text-color has-medium-font-size\"><strong>Ausbildung:<\/strong><\/p>\n\n\n\n<figure class=\"wp-block-table is-style-regular\"><table><tbody><tr><td>2001 \u2013 2006<\/td><td>WU Wien, Betriebswirtschaft<br>Abschluss Personal- und interdiszipl. Verhaltensmanagement<\/td><\/tr><tr><td>2005 \u2013 2006<\/td><td>Member of Center of Excellence, WU Wien<\/td><\/tr><tr><td>1987 \u2013 1993<\/td><td>WU Wien, Betriebswirtschaft, 1. Abschnitt<\/td><\/tr><tr><td>1973 \u2013 1987<\/td><td>H\u00f6here Bundeslehranstalt f. wirtschaftl. Frauenberufe<br>mit Matura<\/td><\/tr><\/tbody><\/table><\/figure>\n\n\n\n<p class=\"has-black-color has-text-color has-medium-font-size\"><strong>Zertifikate:<\/strong><\/p>\n\n\n\n<figure class=\"wp-block-table is-style-regular\"><table><tbody><tr><td>01-02\/2017<\/td><td>Ausbildung zum diplomierten Social-Media und SEO-Manager<\/td><\/tr><tr><td>02-03\/2013<\/td><td>Kurs Storytelling \u2013 Schreiben f\u00fcr Film, TV, Event<\/td><\/tr><tr><td>03\/2012<\/td><td>Photoshop-Grundkurs<\/td><\/tr><tr><td>1997 &#8211; 1998<\/td><td>Ausbildung Schauspieler<\/td><\/tr><tr><td>1997<\/td><td>Cartoonworkshop und Kurse f\u00fcr Cartoon- und Comiczeichnen<\/td><\/tr><tr><td>1992<\/td><td>Kurse The Learning Annex (Bestseller, Filmmaking, Show Business), Los Angeles<\/td><\/tr><\/tbody><\/table><\/figure>\n\n\n\n<p class=\"has-luminous-vivid-orange-color has-text-color has-medium-font-size\"><strong><a href=\"https:\/\/www.verenagruenwald.com\/WP\/kontakt\/\" target=\"_blank\" rel=\"noreferrer noopener\">Kontakt zu Mag. Verena Gr\u00fcnwald<\/a><\/strong><\/p>\n\n\n\n<p class=\"has-black-color has-text-color\"><strong>Lebenslauf: <\/strong><\/p>\n\n\n\n<ul class=\"has-luminous-vivid-orange-color has-text-color\"><li><a href=\"https:\/\/www.verenagruenwald.com\/WP\/cv-verena-gruenwald\/\" target=\"_blank\" rel=\"noreferrer noopener\">CV Verena Gr\u00fcnwald (pdf)<\/a><\/li><\/ul>\n\n\n\n<p class=\"has-black-color has-text-color\"><strong>Downloads<\/strong>:<\/p>\n\n\n\n<ul class=\"has-luminous-vivid-orange-color has-text-color\"><li><a href=\"https:\/\/www.verenagruenwald.com\/WP\/portfolio-vgw-film-theater-medien\/\" target=\"_blank\" rel=\"noreferrer noopener\">Portfolio Film, Theater und Medien (pdf)<\/a><\/li><li><a href=\"https:\/\/www.verenagruenwald.com\/WP\/portfolio-vgw-gesamt\/\" target=\"_blank\" rel=\"noreferrer noopener\">Portfolio gesamt Verena Gr\u00fcnwald (pdf)<\/a><\/li><\/ul>\n\n\n\n<p class=\"has-black-color has-text-color\"><strong>Diverse Links:<\/strong><\/p>\n\n\n\n<ul class=\"has-luminous-vivid-orange-color has-text-color\"><li><a href=\"https:\/\/www.verenagruenwald.com\/WP\/kontakt\/\" target=\"_blank\" rel=\"noreferrer noopener\">Zertifikate Film, Theater und Medien (auf Anfrage)<\/a><\/li><li><a href=\"https:\/\/www.verenagruenwald.com\/WP\/kontakt\/\" target=\"_blank\" rel=\"noreferrer noopener\">Zertifikate gesamt (auf Anfrage)<\/a><\/li><li><a rel=\"noreferrer noopener\" href=\"https:\/\/www.verenagruenwald.com\/WP\/work-experience-vgw-film-theater-medien\/\" target=\"_blank\">Arbeitsproben<\/a><\/li><\/ul>\n\n\n\n<p class=\"has-black-color has-text-color\"><strong>Weitere Bereiche:<\/strong><\/p>\n\n\n\n<ul class=\"has-luminous-vivid-orange-color has-text-color\"><li><a href=\"https:\/\/www.verenagruenwald.com\/WP\/finance\/\" target=\"_blank\" rel=\"noreferrer noopener\">Finance &amp; Controlling<\/a><\/li><li><a href=\"https:\/\/www.verenagruenwald.com\/WP\/hr-management\/\" target=\"_blank\" rel=\"noreferrer noopener\">HR-Management<\/a><\/li><li><a href=\"https:\/\/www.verenagruenwald.com\/WP\/consulting\/\" target=\"_blank\" rel=\"noreferrer noopener\">Consulting und Projektmanagement<\/a><\/li><li><a href=\"https:\/\/www.verenagruenwald.com\/WP\/marketing\/\" target=\"_blank\" rel=\"noreferrer noopener\">Marketing und Content<\/a><\/li><li><a href=\"https:\/\/www.verenagruenwald.com\/WP\/event-gastro-hotellerie\/\" target=\"_blank\" rel=\"noreferrer noopener\">Event, Gastro und Hotellerie<\/a><\/li><\/ul>\n\n\n\n<p><\/p>\n","protected":false},"excerpt":{"rendered":"<p>\u00dcBER MICH Hallo! Mein Name ist Verena Gr\u00fcnwald und hier finden Sie alle Informationen f\u00fcr meinen Werdegang im Bereich (Werbe)Film, Theater und Medien. Meine kreative Seite hat mich mein ganzes Leben lang begleitet und Aufmerksamkeit gefordert. In Kombination mit dem Bereich Projektmanagement und Marketing habe ich ihr auch oft nachgegeben. So hat es mich neben<\/p>\n<p class=\"more-link\"><a href=\"https:\/\/www.verenagruenwald.com\/WP\/film-theater-und-medien\/\" class=\"themebutton\">Read More<\/a><\/p>\n","protected":false},"author":1,"featured_media":0,"parent":0,"menu_order":0,"comment_status":"closed","ping_status":"closed","template":"","meta":[],"_links":{"self":[{"href":"https:\/\/www.verenagruenwald.com\/WP\/wp-json\/wp\/v2\/pages\/1532"}],"collection":[{"href":"https:\/\/www.verenagruenwald.com\/WP\/wp-json\/wp\/v2\/pages"}],"about":[{"href":"https:\/\/www.verenagruenwald.com\/WP\/wp-json\/wp\/v2\/types\/page"}],"author":[{"embeddable":true,"href":"https:\/\/www.verenagruenwald.com\/WP\/wp-json\/wp\/v2\/users\/1"}],"replies":[{"embeddable":true,"href":"https:\/\/www.verenagruenwald.com\/WP\/wp-json\/wp\/v2\/comments?post=1532"}],"version-history":[{"count":13,"href":"https:\/\/www.verenagruenwald.com\/WP\/wp-json\/wp\/v2\/pages\/1532\/revisions"}],"predecessor-version":[{"id":2355,"href":"https:\/\/www.verenagruenwald.com\/WP\/wp-json\/wp\/v2\/pages\/1532\/revisions\/2355"}],"wp:attachment":[{"href":"https:\/\/www.verenagruenwald.com\/WP\/wp-json\/wp\/v2\/media?parent=1532"}],"curies":[{"name":"wp","href":"https:\/\/api.w.org\/{rel}","templated":true}]}}