{"id":1501,"date":"2025-01-29T19:55:09","date_gmt":"2025-01-29T18:55:09","guid":{"rendered":"https:\/\/www.verenagruenwald.com\/WP\/?page_id=1501"},"modified":"2025-03-27T14:24:38","modified_gmt":"2025-03-27T13:24:38","slug":"ueber-mich","status":"publish","type":"page","link":"https:\/\/www.verenagruenwald.com\/WP\/ueber-mich\/","title":{"rendered":"\u00dcber mich"},"content":{"rendered":"\n<div class=\"wp-block-cover is-light\" style=\"min-height:344px\"><span aria-hidden=\"true\" class=\"has-background-dim-0 wp-block-cover__gradient-background has-background-dim\"><\/span><img loading=\"lazy\" width=\"1414\" height=\"2000\" class=\"wp-block-cover__image-background wp-image-1567\" alt=\"\" src=\"http:\/\/www.verenagruenwald.com\/WP\/wp-content\/Einzelseiten-nur-VGW.jpg\" style=\"object-position:0% 0%\" data-object-fit=\"cover\" data-object-position=\"0% 0%\" srcset=\"https:\/\/www.verenagruenwald.com\/WP\/wp-content\/Einzelseiten-nur-VGW.jpg 1414w, https:\/\/www.verenagruenwald.com\/WP\/wp-content\/Einzelseiten-nur-VGW-212x300.jpg 212w, https:\/\/www.verenagruenwald.com\/WP\/wp-content\/Einzelseiten-nur-VGW-724x1024.jpg 724w, https:\/\/www.verenagruenwald.com\/WP\/wp-content\/Einzelseiten-nur-VGW-768x1086.jpg 768w, https:\/\/www.verenagruenwald.com\/WP\/wp-content\/Einzelseiten-nur-VGW-1086x1536.jpg 1086w\" sizes=\"(max-width: 1414px) 100vw, 1414px\" \/><div class=\"wp-block-cover__inner-container\">\n<p><strong>Hallo!<\/strong><\/p>\n\n\n\n<p class=\"has-text-align-left\">Mein Name ist Verena Gr\u00fcnwald, und in einem anderen Zusammenhang w\u00fcrde ich Ihnen davon erz\u00e4hlen, dass meine berufliche Laufbahn als Organisationsmanagerin und Projektberaterin begonnen hat, wobei mein Schwerpunkt vor allem auf dem Aufbau, der Etablierung und der Restrukturierung junger, innovativer Spin Offs sowie Klein- und Mittelunternehmen verschiedenster Branchen in \u00d6sterreich, Deutschland und den USA gelegen hat. Au\u00dferdem w\u00fcrde ich Ihnen mitteilen, dass ich mich in den letzten Jahren\u00a0 vorwiegend auf strategischer Zielfindung, Organisations-(Re)Strukturierung, auf das Personalmanagement, auf Marketing und Social Media sowie Finance &amp; Controlling fokussiert habe. Aber heute m\u00f6chte ich nicht mit meinem beruflichen Werdegang anfangen, sondern mit dem roten Faden, der dahinter zu finden ist.  <\/p>\n\n\n\n<p class=\"has-text-align-left has-luminous-vivid-orange-color has-text-color has-medium-font-size\"><strong>Die Kommunikation.<\/strong><\/p>\n\n\n\n<p>Die Kommunikation zwischen Menschen, Institutionen, Unternehmen oder \u00c4mtern, zwischen Zahlen und ihren Beh\u00f6rden, sowie mit Abteilungen, Teams, Mitarbeiter*innen, F\u00fchrungskr\u00e4ften, On- oder Offline-Kund*innen, manchmal auch einem ganzen Publikum, einem Gast oder Leser*in: Bei all meinen Bereichen ging und geht es im n\u00e4heren oder weiteren Sinn immer um Kommunikation.<\/p>\n<\/div><\/div>\n\n\n\n<div class=\"wp-block-media-text alignwide is-stacked-on-mobile\" style=\"grid-template-columns:40% auto\"><figure class=\"wp-block-media-text__media\"><img loading=\"lazy\" width=\"988\" height=\"926\" src=\"http:\/\/www.verenagruenwald.com\/WP\/wp-content\/20190215-Evologic_Shooting-136klein-cut-out-1.jpg\" alt=\"\" class=\"wp-image-1568 size-full\" srcset=\"https:\/\/www.verenagruenwald.com\/WP\/wp-content\/20190215-Evologic_Shooting-136klein-cut-out-1.jpg 988w, https:\/\/www.verenagruenwald.com\/WP\/wp-content\/20190215-Evologic_Shooting-136klein-cut-out-1-300x281.jpg 300w, https:\/\/www.verenagruenwald.com\/WP\/wp-content\/20190215-Evologic_Shooting-136klein-cut-out-1-768x720.jpg 768w\" sizes=\"(max-width: 988px) 100vw, 988px\" \/><\/figure><div class=\"wp-block-media-text__content\">\n<p class=\"has-black-color has-text-color\">Wenn Sie also einen<strong> Zahlenfl\u00fcsterin<\/strong> f\u00fcr Ihre <strong><a rel=\"noreferrer noopener\" href=\"https:\/\/www.verenagruenwald.com\/WP\/finance\/\" target=\"_blank\">Buchhaltung oder Ihr Finance &amp; Controlling Departement<\/a><\/strong> brauchen, der das Nachforschen von Belegen oder fehlender Centbetr\u00e4ge genauso viel Spa\u00df macht, wie in einem Krimi den T\u00e4ter zu finden; die das Berechnen von Runway Top Down- oder Cashburn-Analysen in einer Art und Weise befriedigt, wie es nur das erste Eis im Sommer kann; die sowohl mit \u00c4mtern, wie auch anderen Institutionen und Menschen auf Augenh\u00f6he Ihre Sache vertreten kann, dann <a href=\"https:\/\/www.verenagruenwald.com\/WP\/kontakt\/\" target=\"_blank\" rel=\"noreferrer noopener\">melden Sie sich bei mir<\/a>.<\/p>\n\n\n\n<p class=\"has-black-color has-text-color\">Wenn Sie eine <strong>Personal-Kommunikatorin <\/strong>f\u00fcr Ihre <a rel=\"noreferrer noopener\" href=\"https:\/\/www.verenagruenwald.com\/WP\/hr-management\/\" target=\"_blank\"><strong>HR-Abteilung<\/strong> <\/a>ben\u00f6tigen, die nicht nur auf beiden Seiten des Verhandlungstisches gesessen hat, und damit wei\u00df, was sowohl die eine wie auch die andere Seite f\u00fchlt, denkt und m\u00f6chte, sondern auch profundes Wissen \u00fcber verhaltensorientiertes und interdisziplin\u00e4res Management sowie \u00fcber die Herausforderung des demografischen Wandels einbringen kann; die aufgrund ihres Studiums und ihrer beruflichen Erfahrung wei\u00df, was es bedeutet Mitarbeiter zu Teams zusammen zu f\u00fchren und zu motivieren, um die gr\u00f6\u00dftm\u00f6gliche Effizienz f\u00fcr das Unternehmen zu erzielen; die sich daf\u00fcr interessiert, welche Entwicklungen die Mitarbeiter*innen \u2013 und damit Ihr Unternehmen \u2013 weiterbringt, dann <a href=\"https:\/\/www.verenagruenwald.com\/WP\/kontakt\/\" target=\"_blank\" rel=\"noreferrer noopener\">melden Sie sich bei mir<\/a>.<\/p>\n<\/div><\/div>\n\n\n\n<div class=\"wp-container-1 wp-block-group\"><div class=\"wp-block-group__inner-container\">\n<div class=\"wp-block-cover is-light\"><span aria-hidden=\"true\" class=\"has-background-dim-0 wp-block-cover__gradient-background has-background-dim\"><\/span><img loading=\"lazy\" width=\"1414\" height=\"2000\" class=\"wp-block-cover__image-background wp-image-1567\" alt=\"\" src=\"http:\/\/www.verenagruenwald.com\/WP\/wp-content\/Einzelseiten-nur-VGW.jpg\" style=\"object-position:100% 100%\" data-object-fit=\"cover\" data-object-position=\"100% 100%\" srcset=\"https:\/\/www.verenagruenwald.com\/WP\/wp-content\/Einzelseiten-nur-VGW.jpg 1414w, https:\/\/www.verenagruenwald.com\/WP\/wp-content\/Einzelseiten-nur-VGW-212x300.jpg 212w, https:\/\/www.verenagruenwald.com\/WP\/wp-content\/Einzelseiten-nur-VGW-724x1024.jpg 724w, https:\/\/www.verenagruenwald.com\/WP\/wp-content\/Einzelseiten-nur-VGW-768x1086.jpg 768w, https:\/\/www.verenagruenwald.com\/WP\/wp-content\/Einzelseiten-nur-VGW-1086x1536.jpg 1086w\" sizes=\"(max-width: 1414px) 100vw, 1414px\" \/><div class=\"wp-block-cover__inner-container\">\n<p class=\"has-text-align-left\">Und <a href=\"https:\/\/www.verenagruenwald.com\/WP\/kontakt\/\" target=\"_blank\" rel=\"noreferrer noopener\">melden Sie sich auch bei mir<\/a>, wenn Sie das Gef\u00fchl haben, dass mit <strong>Ihrer betrieblichen Kommunikation, Ihrer Unternehmenskultur oder der Motivation Ihrer Mitarbeiter*innen<\/strong> etwas NICHT stimmt, Sie jedoch nicht wissen, worin die Ursache liegen k\u00f6nnte. Dann erstelle ich Ihnen gerne eine <strong>Analyse<\/strong> anhand von Studie, Pr\u00fcfung und der Verwendung von quantitativer oder qualitativer Interviewtechnik. <\/p>\n\n\n\n<p>Sollten Sie jemanden zum oder f\u00fcr Reden ben\u00f6tigen: Ich stehe als Ansprechpartnerin auf im Bereich <strong><a rel=\"noreferrer noopener\" href=\"https:\/\/www.verenagruenwald.com\/WP\/consulting\/\" target=\"_blank\">Consulting<\/a><\/strong>, bzw. als Sprecherin, Vortragende, Referentin oder Kommunikationsanalystin f\u00fcr Sie zur Verf\u00fcgung, egal ob es sich um Verst\u00e4ndigung, den Informationsaustausch, den Dialog oder den zwischenmenschlichen Aspekt handelt.  <\/p>\n\n\n\n<p>Denn manchmal ist es viel interessanter und aussagekr\u00e4ftiger, was Menschen (oder auch Zahlen) einem nicht erz\u00e4hlen, als was sie erz\u00e4hlen.<\/p>\n\n\n\n<p class=\"has-white-color has-text-color\">VGW<\/p>\n\n\n\n<p class=\"has-luminous-vivid-orange-color has-text-color\"><a href=\"https:\/\/www.verenagruenwald.com\/WP\/kontakt\/\"><strong>Ich hoffe, wir h\u00f6ren oder lesen uns bald \ud83d\ude42<\/strong><\/a><\/p>\n\n\n\n<p><strong>Ihre Verena Gr\u00fcnwald<\/strong><\/p>\n<\/div><\/div>\n<\/div><\/div>\n\n\n\n<p class=\"has-luminous-vivid-orange-color has-text-color has-medium-font-size\"><a href=\"https:\/\/www.verenagruenwald.com\/WP\/kontakt\/\"><\/a><\/p>\n","protected":false},"excerpt":{"rendered":"<p>Wenn Sie also einen Zahlenfl\u00fcsterin f\u00fcr Ihre Buchhaltung oder Ihr Finance &amp; Controlling Departement brauchen, der das Nachforschen von Belegen oder fehlender Centbetr\u00e4ge genauso viel Spa\u00df macht, wie in einem Krimi den T\u00e4ter zu finden; die das Berechnen von Runway Top Down- oder Cashburn-Analysen in einer Art und Weise befriedigt, wie es nur das erste<\/p>\n<p class=\"more-link\"><a href=\"https:\/\/www.verenagruenwald.com\/WP\/ueber-mich\/\" class=\"themebutton\">Read More<\/a><\/p>\n","protected":false},"author":1,"featured_media":0,"parent":0,"menu_order":0,"comment_status":"closed","ping_status":"closed","template":"","meta":[],"_links":{"self":[{"href":"https:\/\/www.verenagruenwald.com\/WP\/wp-json\/wp\/v2\/pages\/1501"}],"collection":[{"href":"https:\/\/www.verenagruenwald.com\/WP\/wp-json\/wp\/v2\/pages"}],"about":[{"href":"https:\/\/www.verenagruenwald.com\/WP\/wp-json\/wp\/v2\/types\/page"}],"author":[{"embeddable":true,"href":"https:\/\/www.verenagruenwald.com\/WP\/wp-json\/wp\/v2\/users\/1"}],"replies":[{"embeddable":true,"href":"https:\/\/www.verenagruenwald.com\/WP\/wp-json\/wp\/v2\/comments?post=1501"}],"version-history":[{"count":20,"href":"https:\/\/www.verenagruenwald.com\/WP\/wp-json\/wp\/v2\/pages\/1501\/revisions"}],"predecessor-version":[{"id":2057,"href":"https:\/\/www.verenagruenwald.com\/WP\/wp-json\/wp\/v2\/pages\/1501\/revisions\/2057"}],"wp:attachment":[{"href":"https:\/\/www.verenagruenwald.com\/WP\/wp-json\/wp\/v2\/media?parent=1501"}],"curies":[{"name":"wp","href":"https:\/\/api.w.org\/{rel}","templated":true}]}}