{"id":1498,"date":"2025-01-29T19:54:24","date_gmt":"2025-01-29T18:54:24","guid":{"rendered":"https:\/\/www.verenagruenwald.com\/WP\/?page_id=1498"},"modified":"2026-03-20T11:15:54","modified_gmt":"2026-03-20T10:15:54","slug":"consulting","status":"publish","type":"page","link":"https:\/\/www.verenagruenwald.com\/WP\/consulting\/","title":{"rendered":"Consulting"},"content":{"rendered":"\n<p class=\"has-text-color\" style=\"color:#e18c0d;font-size:30px;letter-spacing:3px\"><strong>\u00dcBER MICH<\/strong><\/p>\n\n\n\n<div class=\"wp-block-media-text alignwide has-media-on-the-right is-stacked-on-mobile\" style=\"grid-template-columns:auto 34%\"><figure class=\"wp-block-media-text__media\"><img loading=\"lazy\" width=\"1024\" height=\"943\" src=\"http:\/\/www.verenagruenwald.com\/WP\/wp-content\/20190215-Evologic_Shooting-145klein-gefaellt-mir-cut-out-3-1024x943.jpg\" alt=\"\" class=\"wp-image-2047 size-full\" srcset=\"https:\/\/www.verenagruenwald.com\/WP\/wp-content\/20190215-Evologic_Shooting-145klein-gefaellt-mir-cut-out-3-1024x943.jpg 1024w, https:\/\/www.verenagruenwald.com\/WP\/wp-content\/20190215-Evologic_Shooting-145klein-gefaellt-mir-cut-out-3-300x276.jpg 300w, https:\/\/www.verenagruenwald.com\/WP\/wp-content\/20190215-Evologic_Shooting-145klein-gefaellt-mir-cut-out-3-768x707.jpg 768w, https:\/\/www.verenagruenwald.com\/WP\/wp-content\/20190215-Evologic_Shooting-145klein-gefaellt-mir-cut-out-3.jpg 1076w\" sizes=\"(max-width: 1024px) 100vw, 1024px\" \/><\/figure><div class=\"wp-block-media-text__content\">\n<p class=\"has-black-color has-text-color has-medium-font-size\">Hallo!<\/p>\n\n\n\n<p><\/p>\n\n\n\n<p>Mein Name ist Verena Gr\u00fcnwald und hier k\u00f6nnen Sie alle Informationen f\u00fcr meine Spezialisierung <strong>Projektmanagement und Consulting<\/strong> nachlesen. Ich habe wohl die H\u00e4lfte meines beruflichen Lebens auf selbstst\u00e4ndiger Basis gearbeitet, und hier in den fr\u00fcheren Jahren vor allem im Bereich Projektmanagement. Durch meine wunderbare Schulausbildung bin ich ein wirkliches As, was Planung und Organisation betrifft. Nach der Beendigung meines Hauptstudiums habe ich mich mehr auf den Bereich Beratung und Consulting spezialisiert. Dabei wurde schnell klar, dass mich vor allem die Unterst\u00fctzung von Einzelunternehmen und KMUs interessiert. Ich finde diese Menschen gro\u00dfartig, die meist ganz alleine f\u00fcr all die Bereiche eines Betriebes verantwortlich zeichnen. Wahrscheinlich habe ich mich aus dem Grund in <a rel=\"noreferrer noopener\" href=\"https:\/\/www.verenagruenwald.com\/WP\/finance\/\" target=\"_blank\">Finance &amp; Controlling<\/a>, <a rel=\"noreferrer noopener\" href=\"https:\/\/www.verenagruenwald.com\/WP\/hr-management\/\" target=\"_blank\">HR-Management<\/a> und <a rel=\"noreferrer noopener\" href=\"https:\/\/www.verenagruenwald.com\/WP\/marketing\/\" target=\"_blank\">Marketing<\/a> weitergebildet. Doch ganz besonders ist mir die Kommunikation in jeglicher Art wichtig und bedeutend. Sie ist der Ursprung f\u00fcr jedes betriebliche Handlung, egal ob es verbal, non-verbal, paraverbal, schriftlich oder visuell ist. <\/p>\n\n\n\n<p>Wenn Sie also jemanden ben\u00f6tigen, der sie aus einer m\u00f6glichen Betriebsblindheit holen soll, egal in welchem Bereich, dann <a href=\"https:\/\/www.verenagruenwald.com\/WP\/kontakt\/\" target=\"_blank\" rel=\"noreferrer noopener\">melden Sie sich doch bei mir.<\/a> <\/p>\n<\/div><\/div>\n\n\n\n<p class=\"has-text-color\" style=\"color:#e18c0d;font-size:30px;letter-spacing:3px\"><strong>WAS ICH BIETE<\/strong><\/p>\n\n\n\n<p><strong>CONSULTING:<\/strong>  Strategisches Consulting f\u00fcr Unternehmensaufbau \/ Re-Organisation diverser Abteilungen \/ Finanzanalysen und strategische Mitteleinsatz \/ Training Personalf\u00fchrung in den Bereichen Konfliktmanagement, Teambuilding und Mitarbeitermotivation \/ Seminarschulungen \/ Aufbau, Re-Organisation Unternehmenskultur \/ Consulting im Bereich interdisziplin\u00e4re Kommunikationsstrategie und Herausforderung demografischer Wandel \/ Strategische Marketingplanung sowie Kundenzufriedenheit und -bindung \/\/<strong> PROJEKTMANAGEMENT: <\/strong>Konzepterstellung bzw. -pr\u00fcfung f\u00fcr Unternehmensaufbau, Re-Strukturierung, Eventmanagement, Marketing bzw. Produktlancierungen  \/ Stabstelle Projektbetreuung \/ <\/p>\n\n\n\n<div class=\"wp-block-image\"><figure class=\"aligncenter size-large\"><img loading=\"lazy\" width=\"724\" height=\"1024\" src=\"https:\/\/www.verenagruenwald.com\/WP\/wp-content\/woher-ich-komme-COns2-724x1024.jpg\" alt=\"\" class=\"wp-image-2005\" srcset=\"https:\/\/www.verenagruenwald.com\/WP\/wp-content\/woher-ich-komme-COns2-724x1024.jpg 724w, https:\/\/www.verenagruenwald.com\/WP\/wp-content\/woher-ich-komme-COns2-212x300.jpg 212w, https:\/\/www.verenagruenwald.com\/WP\/wp-content\/woher-ich-komme-COns2-768x1086.jpg 768w, https:\/\/www.verenagruenwald.com\/WP\/wp-content\/woher-ich-komme-COns2-1086x1536.jpg 1086w, https:\/\/www.verenagruenwald.com\/WP\/wp-content\/woher-ich-komme-COns2.jpg 1414w\" sizes=\"(max-width: 724px) 100vw, 724px\" \/><\/figure><\/div>\n\n\n\n<p class=\"has-luminous-vivid-orange-color has-text-color\"><strong><a href=\"https:\/\/www.verenagruenwald.com\/WP\/work-experience-cons-proma\/\" target=\"_blank\" rel=\"noreferrer noopener\">Hier finden Sie n\u00e4here Details zu den einzelnen Unternehmen und Arbeitsbereichen. <\/a><\/strong><\/p>\n\n\n\n<p class=\"has-text-color\" style=\"color:#e18c0d;font-size:30px;letter-spacing:3px\"><strong>AUS- und WEITERBILDUNG<\/strong><\/p>\n\n\n\n<p class=\"has-black-color has-text-color has-medium-font-size\"><strong>Ausbildung:<\/strong><\/p>\n\n\n\n<figure class=\"wp-block-table is-style-regular\"><table><tbody><tr><td>2008 \u2013 2010<\/td><td>WU Wien, Volkswirtschaft und Sozio\u00f6konomie<br>Schwerpunkt Sozio\u00f6konomie<\/td><\/tr><tr><td>2007 \u2013 2008<\/td><td>WU Wien, Doktoratsstudium BWL<br>Quantiative und Qualitative Interviewtechnik<\/td><\/tr><tr><td>2001 \u2013 2006<\/td><td>WU Wien, Betriebswirtschaft<br>Abschluss Personal- und interdiszipl. Verhaltensmanagement<\/td><\/tr><tr><td>2005 \u2013 2006<\/td><td>Member of Center of Excellence, WU Wien<\/td><\/tr><tr><td>1987 \u2013 1993<\/td><td>WU Wien, Betriebswirtschaft, 1. Abschnitt<\/td><\/tr><tr><td>1973 \u2013 1987<\/td><td>H\u00f6here Bundeslehranstalt f. wirtschaftl. Frauenberufe<br>mit Matura<\/td><\/tr><\/tbody><\/table><\/figure>\n\n\n\n<p class=\"has-black-color has-text-color has-medium-font-size\"><strong>Zertifikate:<\/strong><\/p>\n\n\n\n<figure class=\"wp-block-table is-style-regular\"><table><tbody><tr><td>2019<\/td><td>Berechtigung Unternehmensberatung Personalwesen und Marketing<\/td><\/tr><tr><td>10-11\/2016<\/td><td>Seminar Perspektive Umstieg<\/td><\/tr><tr><td>04-05\/2014<\/td><td>Kurs Karriere- und Jobcoaching<\/td><\/tr><\/tbody><\/table><\/figure>\n\n\n\n<p class=\"has-luminous-vivid-orange-color has-text-color has-medium-font-size\"><strong><a href=\"https:\/\/www.verenagruenwald.com\/WP\/kontakt\/\" target=\"_blank\" rel=\"noreferrer noopener\">Kontakt zu Mag. Verena Gr\u00fcnwald<\/a><\/strong><\/p>\n\n\n\n<p class=\"has-black-color has-text-color\"><strong>Lebenslauf: <\/strong><\/p>\n\n\n\n<ul class=\"has-luminous-vivid-orange-color has-text-color\"><li><a href=\"https:\/\/www.verenagruenwald.com\/WP\/cv-verena-gruenwald-consulting\/\" target=\"_blank\" rel=\"noreferrer noopener\">CV Verena Gr\u00fcnwald Consulting (pdf)<\/a><\/li><\/ul>\n\n\n\n<p class=\"has-black-color has-text-color\"><strong>Downloads<\/strong>:<\/p>\n\n\n\n<ul class=\"has-luminous-vivid-orange-color has-text-color\"><li><a rel=\"noreferrer noopener\" href=\"https:\/\/www.verenagruenwald.com\/WP\/portfolio-vgw-cons-proma\/\" target=\"_blank\">Portfolio Consulting und Projektmanagement (pdf)<\/a><\/li><li><a href=\"https:\/\/www.verenagruenwald.com\/WP\/portfolio-vgw-gesamt\/\" target=\"_blank\" rel=\"noreferrer noopener\">Portfolio gesamt Verena Gr\u00fcnwald (pdf)<\/a><\/li><\/ul>\n\n\n\n<p class=\"has-black-color has-text-color\"><strong>Diverse Links:<\/strong><\/p>\n\n\n\n<ul class=\"has-luminous-vivid-orange-color has-text-color\"><li><a href=\"https:\/\/www.verenagruenwald.com\/WP\/kontakt\/\" target=\"_blank\" rel=\"noreferrer noopener\">Zertifikate Consulting und Projektmanagement (auf Anfrage)<\/a><\/li><li><a href=\"https:\/\/www.verenagruenwald.com\/WP\/kontakt\/\" target=\"_blank\" rel=\"noreferrer noopener\">Zertifikate gesamt (auf Anfrage)<\/a><\/li><\/ul>\n\n\n\n<p class=\"has-black-color has-text-color\"><strong>Weitere Bereiche:<\/strong><\/p>\n\n\n\n<ul class=\"has-luminous-vivid-orange-color has-text-color\"><li><a href=\"https:\/\/www.verenagruenwald.com\/WP\/finance\/\" target=\"_blank\" rel=\"noreferrer noopener\">Finance &amp; Controlling<\/a><\/li><li><a href=\"https:\/\/www.verenagruenwald.com\/WP\/hr-management\/\" target=\"_blank\" rel=\"noreferrer noopener\">HR-Management<\/a><\/li><li><a href=\"https:\/\/www.verenagruenwald.com\/WP\/marketing\/\" target=\"_blank\" rel=\"noreferrer noopener\">Marketing &amp; Content<\/a><\/li><li><a href=\"https:\/\/www.verenagruenwald.com\/WP\/film-theater-und-medien\/\" target=\"_blank\" rel=\"noreferrer noopener\">Film, Theater und Medien<\/a><\/li><li><a href=\"https:\/\/www.verenagruenwald.com\/WP\/event-gastro-hotellerie\/\" target=\"_blank\" rel=\"noreferrer noopener\">Event, Gastro und Hotellerie<\/a><\/li><\/ul>\n\n\n\n<p><\/p>\n","protected":false},"excerpt":{"rendered":"<p>\u00dcBER MICH Hallo! Mein Name ist Verena Gr\u00fcnwald und hier k\u00f6nnen Sie alle Informationen f\u00fcr meine Spezialisierung Projektmanagement und Consulting nachlesen. Ich habe wohl die H\u00e4lfte meines beruflichen Lebens auf selbstst\u00e4ndiger Basis gearbeitet, und hier in den fr\u00fcheren Jahren vor allem im Bereich Projektmanagement. Durch meine wunderbare Schulausbildung bin ich ein wirkliches As, was Planung<\/p>\n<p class=\"more-link\"><a href=\"https:\/\/www.verenagruenwald.com\/WP\/consulting\/\" class=\"themebutton\">Read More<\/a><\/p>\n","protected":false},"author":1,"featured_media":0,"parent":0,"menu_order":0,"comment_status":"closed","ping_status":"closed","template":"","meta":[],"_links":{"self":[{"href":"https:\/\/www.verenagruenwald.com\/WP\/wp-json\/wp\/v2\/pages\/1498"}],"collection":[{"href":"https:\/\/www.verenagruenwald.com\/WP\/wp-json\/wp\/v2\/pages"}],"about":[{"href":"https:\/\/www.verenagruenwald.com\/WP\/wp-json\/wp\/v2\/types\/page"}],"author":[{"embeddable":true,"href":"https:\/\/www.verenagruenwald.com\/WP\/wp-json\/wp\/v2\/users\/1"}],"replies":[{"embeddable":true,"href":"https:\/\/www.verenagruenwald.com\/WP\/wp-json\/wp\/v2\/comments?post=1498"}],"version-history":[{"count":24,"href":"https:\/\/www.verenagruenwald.com\/WP\/wp-json\/wp\/v2\/pages\/1498\/revisions"}],"predecessor-version":[{"id":2353,"href":"https:\/\/www.verenagruenwald.com\/WP\/wp-json\/wp\/v2\/pages\/1498\/revisions\/2353"}],"wp:attachment":[{"href":"https:\/\/www.verenagruenwald.com\/WP\/wp-json\/wp\/v2\/media?parent=1498"}],"curies":[{"name":"wp","href":"https:\/\/api.w.org\/{rel}","templated":true}]}}