{"id":1495,"date":"2025-01-29T19:53:44","date_gmt":"2025-01-29T18:53:44","guid":{"rendered":"https:\/\/www.verenagruenwald.com\/WP\/?page_id=1495"},"modified":"2026-03-20T11:17:00","modified_gmt":"2026-03-20T10:17:00","slug":"marketing","status":"publish","type":"page","link":"https:\/\/www.verenagruenwald.com\/WP\/marketing\/","title":{"rendered":"Marketing"},"content":{"rendered":"\n<p class=\"has-text-color\" style=\"color:#e18c0d;font-size:30px;letter-spacing:3px\"><strong>\u00dcBER MICH<\/strong><\/p>\n\n\n\n<div class=\"wp-block-media-text alignwide has-media-on-the-right is-stacked-on-mobile\" style=\"grid-template-columns:auto 41%\"><figure class=\"wp-block-media-text__media\"><img loading=\"lazy\" width=\"1024\" height=\"682\" src=\"https:\/\/www.verenagruenwald.com\/WP\/wp-content\/20190215-Evologic_Shooting-155klein-auch-gut-1024x682.jpg\" alt=\"\" class=\"wp-image-1624 size-full\" srcset=\"https:\/\/www.verenagruenwald.com\/WP\/wp-content\/20190215-Evologic_Shooting-155klein-auch-gut-1024x682.jpg 1024w, https:\/\/www.verenagruenwald.com\/WP\/wp-content\/20190215-Evologic_Shooting-155klein-auch-gut-300x200.jpg 300w, https:\/\/www.verenagruenwald.com\/WP\/wp-content\/20190215-Evologic_Shooting-155klein-auch-gut-768x512.jpg 768w, https:\/\/www.verenagruenwald.com\/WP\/wp-content\/20190215-Evologic_Shooting-155klein-auch-gut-1536x1024.jpg 1536w, https:\/\/www.verenagruenwald.com\/WP\/wp-content\/20190215-Evologic_Shooting-155klein-auch-gut-570x380.jpg 570w, https:\/\/www.verenagruenwald.com\/WP\/wp-content\/20190215-Evologic_Shooting-155klein-auch-gut-380x254.jpg 380w, https:\/\/www.verenagruenwald.com\/WP\/wp-content\/20190215-Evologic_Shooting-155klein-auch-gut-285x190.jpg 285w, https:\/\/www.verenagruenwald.com\/WP\/wp-content\/20190215-Evologic_Shooting-155klein-auch-gut.jpg 2000w\" sizes=\"(max-width: 1024px) 100vw, 1024px\" \/><\/figure><div class=\"wp-block-media-text__content\">\n<p class=\"has-black-color has-text-color has-medium-font-size\">Hallo!<\/p>\n\n\n\n<p><\/p>\n\n\n\n<p>Mein Name ist Verena Gr\u00fcnwald und hier finden Sie alles Wissenswerte \u00fcber meine Spezialisierung <strong>Marketing und Content<\/strong>. Das Kreative hat mich mein ganzes Leben nicht &#8222;in Ruhe gelassen&#8220;, und obwohl auf der einen Seite in mir ein absoluter Betriebswirtschaftler und Zahlenmensch lebt, gibt es da eine andere Seite, die immer wieder ihr Recht verlangt, ausgelebt zu werden. Am Anfang meines Berufsweges habe ich das mit Aktivit\u00e4ten in der Werbe- und Filmbranche gestillt, wo ich neben der strategischen Marketingplanung vor allem im Bereich Werbe- und Imagefilm t\u00e4tig war. Doch sp\u00e4ter \u00fcbernahm immer mehr das Writing die Vorherrschaft und ist es bis heute geblieben. Aus dem Grund besteht mein Lebenslauf eigentlich auch aus zwei Bereichen: dem (betriebs)wirtschaftlichen und analytischen Part und dem kreativen und k\u00fcnstlerischen Part. Hier nun meine Erfahrungen in einem Mittelding von beiden: <strong>Marketing und Content. <\/strong><\/p>\n<\/div><\/div>\n\n\n\n<p class=\"has-text-color\" style=\"color:#e18c0d;font-size:30px;letter-spacing:3px\"><strong>WAS ICH BIETE<\/strong><\/p>\n\n\n\n<p><strong>MARKETING<\/strong>: Strategische Marketing-, PR-, Social Media-Planung \/ Aufbau und Re-Organsiation Marketingabteilung \/ Kampagnenerstellung und -betreuung \/ Redaktionsplanung und Social Media-Betreuung f\u00fcr Website, facebook und Instagram \/ strategische Website-Planung und einfache Gestaltung mit wordpress, Zeta \/ Planung und Umsetzung von Produktlancierungen \/ Eventorganisation \/\/ <strong>VISUAL<\/strong>: Visual Design \/ Schaufenster- und Innenraumdekoration \/ Erstellung und Bearbeitung Foto-und Videomaterial sowie diverse Grafiken, Headers und Drucksorten mit Photoshop, MovieMaker, Canva, Irfanview, u.a. \/ Storyboarderstellung und -zeichnung \/ Regiearbeit und Schnitt f\u00fcr Image- und Pr\u00e4sentationsvideos \/ Comic-Zeichnungen \/\/ <strong>CONTENT<\/strong>: Content writing im Bereich Website, Social Media, On- und Offline-Marketing, PR-Texte, Veranstaltungsfolder<\/p>\n\n\n\n<div class=\"wp-block-image\"><figure class=\"aligncenter size-large\"><img loading=\"lazy\" width=\"724\" height=\"1024\" src=\"https:\/\/www.verenagruenwald.com\/WP\/wp-content\/woher-ich-komme-Marketing-fuer-Website-724x1024.jpg\" alt=\"\" class=\"wp-image-1623\" srcset=\"https:\/\/www.verenagruenwald.com\/WP\/wp-content\/woher-ich-komme-Marketing-fuer-Website-724x1024.jpg 724w, https:\/\/www.verenagruenwald.com\/WP\/wp-content\/woher-ich-komme-Marketing-fuer-Website-212x300.jpg 212w, https:\/\/www.verenagruenwald.com\/WP\/wp-content\/woher-ich-komme-Marketing-fuer-Website-768x1086.jpg 768w, https:\/\/www.verenagruenwald.com\/WP\/wp-content\/woher-ich-komme-Marketing-fuer-Website-1086x1536.jpg 1086w, https:\/\/www.verenagruenwald.com\/WP\/wp-content\/woher-ich-komme-Marketing-fuer-Website.jpg 1414w\" sizes=\"(max-width: 724px) 100vw, 724px\" \/><\/figure><\/div>\n\n\n\n<p class=\"has-luminous-vivid-orange-color has-text-color\"><a href=\"https:\/\/www.verenagruenwald.com\/WP\/work-expercience-vgw-marketing-und-content\/\" target=\"_blank\" rel=\"noreferrer noopener\"><strong>Hier finden Sie n\u00e4here Details zu den einzelnen Unternehmen und Arbeitsbereichen. <\/strong><\/a><\/p>\n\n\n\n<p><\/p>\n\n\n\n<p class=\"has-text-color\" style=\"color:#e18c0d;font-size:30px;letter-spacing:3px\"><strong>AUS- und WEITERBILDUNG<\/strong><\/p>\n\n\n\n<p class=\"has-black-color has-text-color has-medium-font-size\"><strong>Ausbildung:<\/strong><\/p>\n\n\n\n<figure class=\"wp-block-table is-style-regular\"><table><tbody><tr><td>2008 \u2013 2010<\/td><td>WU Wien, Volkswirtschaft und Sozio\u00f6konomie<br>Schwerpunkt Sozio\u00f6konomie<\/td><\/tr><tr><td>2007 \u2013 2008<\/td><td>WU Wien, Doktoratsstudium BWL<br>Quantiative und Qualitative Interviewtechnik<\/td><\/tr><tr><td>2001 \u2013 2006<\/td><td>WU Wien, Betriebswirtschaft<br>Abschluss Personal- und interdiszipl. Verhaltensmanagement<\/td><\/tr><tr><td>2005 \u2013 2006<\/td><td>Member of Center of Excellence, WU Wien<\/td><\/tr><tr><td>1987 \u2013 1993<\/td><td>WU Wien, Betriebswirtschaft, 1. Abschnitt<\/td><\/tr><tr><td>1973 \u2013 1987<\/td><td>H\u00f6here Bundeslehranstalt f. wirtschaftl. Frauenberufe<br>mit Matura<\/td><\/tr><\/tbody><\/table><\/figure>\n\n\n\n<p class=\"has-black-color has-text-color has-medium-font-size\"><strong>Zertifikate:<\/strong><\/p>\n\n\n\n<figure class=\"wp-block-table is-style-regular\"><table><tbody><tr><td>2019<\/td><td>Berechtigung Unternehmensberatung Personalwesen und Marketing<\/td><\/tr><tr><td>01-02\/2017<\/td><td>Ausbildung zum diplomierten Social-Media und SEO-Manager<\/td><\/tr><tr><td>02-03\/2013<\/td><td>Kurs Storytelling &#8211; Schreiben f\u00fcr Film, TV, Event<\/td><\/tr><tr><td>10-11\/2016<\/td><td>Seminar Perspektive Umstieg<\/td><\/tr><tr><td>04-05\/2014<\/td><td>Kurs Karriere- und Jobcoaching<\/td><\/tr><tr><td>03\/2012<\/td><td>Photoshop-Grundkurs<\/td><\/tr><tr><td>1997<\/td><td>Cartoonworkshop und Kurse f\u00fcr Cartoon- und Comiczeichnen<\/td><\/tr><tr><td>1992<\/td><td>Ausbildung zum Schaufensterdekorateur<\/td><\/tr><\/tbody><\/table><\/figure>\n\n\n\n<p class=\"has-luminous-vivid-orange-color has-text-color has-medium-font-size\"><strong><a href=\"https:\/\/www.verenagruenwald.com\/WP\/kontakt\/\" target=\"_blank\" rel=\"noreferrer noopener\">Kontakt zu Mag. Verena Gr\u00fcnwald<\/a><\/strong><\/p>\n\n\n\n<p class=\"has-black-color has-text-color\"><strong>Lebenslauf: <\/strong><\/p>\n\n\n\n<ul class=\"has-luminous-vivid-orange-color has-text-color\"><li><a href=\"https:\/\/www.verenagruenwald.com\/WP\/cv-verena-gruenwald\/\" target=\"_blank\" rel=\"noreferrer noopener\">CV Verena Gr\u00fcnwald (pdf)<\/a><\/li><\/ul>\n\n\n\n<p class=\"has-black-color has-text-color\"><strong>Downloads<\/strong>:<\/p>\n\n\n\n<ul class=\"has-luminous-vivid-orange-color has-text-color\"><li><a rel=\"noreferrer noopener\" href=\"https:\/\/www.verenagruenwald.com\/WP\/portfolio-vgw-marketing-content\/\" target=\"_blank\">Portfolio Marketing und Content (pdf)<\/a><\/li><li><a href=\"https:\/\/www.verenagruenwald.com\/WP\/portfolio-vgw-gesamt\/\" target=\"_blank\" rel=\"noreferrer noopener\">Portfolio gesamt Verena Gr\u00fcnwald (pdf)<\/a><\/li><\/ul>\n\n\n\n<p class=\"has-black-color has-text-color\"><strong>Diverse Links:<\/strong><\/p>\n\n\n\n<ul class=\"has-luminous-vivid-orange-color has-text-color\"><li><a href=\"https:\/\/www.verenagruenwald.com\/WP\/kontakt\/\" target=\"_blank\" rel=\"noreferrer noopener\">Zertifikate Marketing und Content (auf Anfrage)<\/a><\/li><li><a href=\"https:\/\/www.verenagruenwald.com\/WP\/kontakt\/\" target=\"_blank\" rel=\"noreferrer noopener\">Zertifikate gesamt (auf Anfrage)<\/a><\/li><li><a rel=\"noreferrer noopener\" href=\"https:\/\/www.verenagruenwald.com\/WP\/uebersicht-arbeitsproben-marketing\/\" target=\"_blank\">Arbeitsproben<\/a><\/li><\/ul>\n\n\n\n<p class=\"has-black-color has-text-color\"><strong>Weitere Bereiche:<\/strong><\/p>\n\n\n\n<ul class=\"has-luminous-vivid-orange-color has-text-color\"><li><a href=\"https:\/\/www.verenagruenwald.com\/WP\/finance\/\" target=\"_blank\" rel=\"noreferrer noopener\">Finance &amp; Controlling<\/a><\/li><li><a href=\"https:\/\/www.verenagruenwald.com\/WP\/hr-management\/\" target=\"_blank\" rel=\"noreferrer noopener\">HR-Management<\/a><\/li><li><a href=\"https:\/\/www.verenagruenwald.com\/WP\/consulting\/\" target=\"_blank\" rel=\"noreferrer noopener\">Consulting und Projektmanagement<\/a><\/li><li><a href=\"https:\/\/www.verenagruenwald.com\/WP\/film-theater-und-medien\/\" target=\"_blank\" rel=\"noreferrer noopener\">Film, Theater und Medien<\/a><\/li><li><a href=\"https:\/\/www.verenagruenwald.com\/WP\/event-gastro-hotellerie\/\" target=\"_blank\" rel=\"noreferrer noopener\">Event, Gastro und Hotellerie<\/a><\/li><\/ul>\n","protected":false},"excerpt":{"rendered":"<p>\u00dcBER MICH Hallo! Mein Name ist Verena Gr\u00fcnwald und hier finden Sie alles Wissenswerte \u00fcber meine Spezialisierung Marketing und Content. Das Kreative hat mich mein ganzes Leben nicht &#8222;in Ruhe gelassen&#8220;, und obwohl auf der einen Seite in mir ein absoluter Betriebswirtschaftler und Zahlenmensch lebt, gibt es da eine andere Seite, die immer wieder ihr<\/p>\n<p class=\"more-link\"><a href=\"https:\/\/www.verenagruenwald.com\/WP\/marketing\/\" class=\"themebutton\">Read More<\/a><\/p>\n","protected":false},"author":1,"featured_media":0,"parent":0,"menu_order":0,"comment_status":"closed","ping_status":"closed","template":"","meta":[],"_links":{"self":[{"href":"https:\/\/www.verenagruenwald.com\/WP\/wp-json\/wp\/v2\/pages\/1495"}],"collection":[{"href":"https:\/\/www.verenagruenwald.com\/WP\/wp-json\/wp\/v2\/pages"}],"about":[{"href":"https:\/\/www.verenagruenwald.com\/WP\/wp-json\/wp\/v2\/types\/page"}],"author":[{"embeddable":true,"href":"https:\/\/www.verenagruenwald.com\/WP\/wp-json\/wp\/v2\/users\/1"}],"replies":[{"embeddable":true,"href":"https:\/\/www.verenagruenwald.com\/WP\/wp-json\/wp\/v2\/comments?post=1495"}],"version-history":[{"count":16,"href":"https:\/\/www.verenagruenwald.com\/WP\/wp-json\/wp\/v2\/pages\/1495\/revisions"}],"predecessor-version":[{"id":2354,"href":"https:\/\/www.verenagruenwald.com\/WP\/wp-json\/wp\/v2\/pages\/1495\/revisions\/2354"}],"wp:attachment":[{"href":"https:\/\/www.verenagruenwald.com\/WP\/wp-json\/wp\/v2\/media?parent=1495"}],"curies":[{"name":"wp","href":"https:\/\/api.w.org\/{rel}","templated":true}]}}