{"id":1492,"date":"2025-01-29T19:52:58","date_gmt":"2025-01-29T18:52:58","guid":{"rendered":"https:\/\/www.verenagruenwald.com\/WP\/?page_id=1492"},"modified":"2026-03-20T11:14:51","modified_gmt":"2026-03-20T10:14:51","slug":"hr-management","status":"publish","type":"page","link":"https:\/\/www.verenagruenwald.com\/WP\/hr-management\/","title":{"rendered":"HR-Management"},"content":{"rendered":"\n<p class=\"has-text-color\" style=\"color:#e18c0d;font-size:30px;letter-spacing:3px\"><strong>\u00dcBER MICH<\/strong><\/p>\n\n\n\n<div class=\"wp-block-media-text alignwide has-media-on-the-right is-stacked-on-mobile\" style=\"grid-template-columns:auto 33%\"><figure class=\"wp-block-media-text__media\"><img loading=\"lazy\" width=\"988\" height=\"926\" src=\"http:\/\/www.verenagruenwald.com\/WP\/wp-content\/20190215-Evologic_Shooting-136klein-cut-out-3.jpg\" alt=\"\" class=\"wp-image-1636 size-full\" srcset=\"https:\/\/www.verenagruenwald.com\/WP\/wp-content\/20190215-Evologic_Shooting-136klein-cut-out-3.jpg 988w, https:\/\/www.verenagruenwald.com\/WP\/wp-content\/20190215-Evologic_Shooting-136klein-cut-out-3-300x281.jpg 300w, https:\/\/www.verenagruenwald.com\/WP\/wp-content\/20190215-Evologic_Shooting-136klein-cut-out-3-768x720.jpg 768w\" sizes=\"(max-width: 988px) 100vw, 988px\" \/><\/figure><div class=\"wp-block-media-text__content\">\n<p class=\"has-black-color has-text-color has-medium-font-size\">Hallo!<\/p>\n\n\n\n<p><\/p>\n\n\n\n<p>Mein Name ist Verena Gr\u00fcnwald und hier finden Sie alle Informationen \u00fcber meine Spezialsierung im Bereich <strong>HR-Management<\/strong>. Der rote Faden, der sich durch meinen gesamten beruflichen Werdegang zieht, ist die Kommunikation. Und nat\u00fcrlich ist gerade im Bereich Personalmanagement dieses Tool die No. 1. Durch meine unterschiedlichsten Aus- und Weiterbildungen, sowie durch meine praktische Erfahrung in vielen verschiedenen Branchen verstehe ich viel von der Kommunikation; egal ob es sich dabei um eine verbale, oder non-verbale, paraverbale, schriftliche oder visuelle Kommunikation handelt. <\/p>\n\n\n\n<p>Wenn Sie also eine Kommunikatorin f\u00fcr Ihre Teams und Mitarbeiter*innen ben\u00f6tigen, dann <a href=\"https:\/\/www.verenagruenwald.com\/WP\/kontakt\/\">melden <\/a><a rel=\"noreferrer noopener\" href=\"https:\/\/www.verenagruenwald.com\/WP\/kontakt\/\" target=\"_blank\">Sie sich bei mir.  <\/a><\/p>\n<\/div><\/div>\n\n\n\n<p class=\"has-text-color\" style=\"color:#e18c0d;font-size:30px;letter-spacing:3px\"><strong>WAS ICH BIETE<\/strong><\/p>\n\n\n\n<p><strong>PERSONALMANAGEMENT:<\/strong> Personalplanung \/ Personalbeschaffung \/ Personalverwaltung (Arbeits- und K\u00fcndigungsvertr\u00e4ge, Urlaubs- und Krankmeldungen, Gehaltszahlungen, Personalstatistik) \/ Entgeltmanagement und Vorbereitung f\u00fcr die Lohnverrechnung \/ Personalentwicklung \/ Personaleinsatz und -controlling \/ Gebietskrankenkassapr\u00fcfungen  \/\/ <strong>INTERDISZIPLIN\u00c4RES VERHALTENSMANAGEMENT:<\/strong> Personalf\u00fchrung \/ Mitarbeitermovitation \/ Krisenmanagement \/ Mitarbeitergespr\u00e4chsf\u00fchrung \/ K\u00fcndigungsmanagement \/ Teambuilding und -f\u00fchrung \/ interdisziplin\u00e4re Kommunikation zwischen Abteilungen \/ Herausforderung demografische Wandel \/ Unternehmenskultur \/ Consulting in diesen Bereichen<\/p>\n\n\n\n<p><\/p>\n\n\n\n<div class=\"wp-block-image\"><figure class=\"aligncenter size-large\"><img loading=\"lazy\" width=\"724\" height=\"1024\" src=\"https:\/\/www.verenagruenwald.com\/WP\/wp-content\/woher-ich-komme-HR-724x1024.jpg\" alt=\"\" class=\"wp-image-2301\" srcset=\"https:\/\/www.verenagruenwald.com\/WP\/wp-content\/woher-ich-komme-HR-724x1024.jpg 724w, https:\/\/www.verenagruenwald.com\/WP\/wp-content\/woher-ich-komme-HR-212x300.jpg 212w, https:\/\/www.verenagruenwald.com\/WP\/wp-content\/woher-ich-komme-HR-768x1086.jpg 768w, https:\/\/www.verenagruenwald.com\/WP\/wp-content\/woher-ich-komme-HR-1086x1536.jpg 1086w, https:\/\/www.verenagruenwald.com\/WP\/wp-content\/woher-ich-komme-HR.jpg 1414w\" sizes=\"(max-width: 724px) 100vw, 724px\" \/><\/figure><\/div>\n\n\n\n<p class=\"has-luminous-vivid-orange-color has-text-color\"><a href=\"https:\/\/www.verenagruenwald.com\/WP\/work-experience-hr\/\" target=\"_blank\" rel=\"noreferrer noopener\"><strong>Hier finden Sie n\u00e4here Details zu den einzelnen Unternehmen und Arbeitsbereichen. <\/strong><\/a><\/p>\n\n\n\n<p><\/p>\n\n\n\n<p class=\"has-text-color\" style=\"color:#e18c0d;font-size:30px;letter-spacing:3px\"><strong>AUS- und WEITERBILDUNG<\/strong><\/p>\n\n\n\n<p class=\"has-black-color has-text-color has-medium-font-size\"><strong>Ausbildung:<\/strong><\/p>\n\n\n\n<figure class=\"wp-block-table is-style-regular\"><table><tbody><tr><td>2008 &#8211; 2010<\/td><td>WU Wien, Volkswirtschaft und Sozio\u00f6konomie<br>Schwerpunkt Sozio\u00f6konomie<\/td><\/tr><tr><td>2007 &#8211; 2008<\/td><td>WU Wien, Doktoratsstudium BWL<br>Quantiative und Qualitative Interviewtechnik<\/td><\/tr><tr><td>2001 &#8211; 2006<\/td><td>WU Wien, Betriebswirtschaft<br>Abschluss Personal- und interdiszipl. Verhaltensmanagement<\/td><\/tr><tr><td>2005 &#8211; 2006<\/td><td>Member of Center of Excellence, WU Wien<\/td><\/tr><tr><td>1987 &#8211; 1993<\/td><td>WU Wien, Betriebswirtschaft, 1. Abschnitt<\/td><\/tr><tr><td>1973 &#8211; 1987<\/td><td>H\u00f6here Bundeslehranstalt f. wirtschaftl. Frauenberufe<br>mit Matura<\/td><\/tr><\/tbody><\/table><\/figure>\n\n\n\n<p class=\"has-black-color has-text-color has-medium-font-size\"><strong>Zertifikate:<\/strong><\/p>\n\n\n\n<figure class=\"wp-block-table is-style-regular\"><table><tbody><tr><td>2019<\/td><td>Berechtigung Unternehmensberatung Personalwesen und Marketing<\/td><\/tr><tr><td>10-11\/2016<\/td><td>Seminar Perspektive Umstieg<\/td><\/tr><tr><td>04-05\/2014<\/td><td>Kurs Karriere- und Jobcoaching<\/td><\/tr><\/tbody><\/table><\/figure>\n\n\n\n<p><\/p>\n\n\n\n<p class=\"has-luminous-vivid-orange-color has-text-color has-medium-font-size\"><strong><a href=\"https:\/\/www.verenagruenwald.com\/WP\/kontakt\/\" target=\"_blank\" rel=\"noreferrer noopener\">Kontakt zu Mag. Verena Gr\u00fcnwald<\/a><\/strong><\/p>\n\n\n\n<p class=\"has-black-color has-text-color\"><strong>Lebenslauf: <\/strong><\/p>\n\n\n\n<ul class=\"has-luminous-vivid-orange-color has-text-color\"><li><a href=\"https:\/\/www.verenagruenwald.com\/WP\/cv-verena-gruenwald-hr-management\/\" target=\"_blank\" rel=\"noreferrer noopener\">CV Verena Gr\u00fcnwald HR-Management (pdf)<\/a><\/li><\/ul>\n\n\n\n<p class=\"has-black-color has-text-color\"><strong>Downloads<\/strong>:<\/p>\n\n\n\n<ul class=\"has-luminous-vivid-orange-color has-text-color\"><li><a href=\"https:\/\/www.verenagruenwald.com\/WP\/portfolio-vgw-hr\/\" target=\"_blank\" rel=\"noreferrer noopener\">Portfolio HR-Management (pdf)<\/a><\/li><li><a href=\"https:\/\/www.verenagruenwald.com\/WP\/portfolio-vgw-gesamt\/\" target=\"_blank\" rel=\"noreferrer noopener\">Portfolio gesamt Verena Gr\u00fcnwald (pdf)<\/a><\/li><\/ul>\n\n\n\n<p class=\"has-black-color has-text-color\"><strong>Diverse Links:<\/strong><\/p>\n\n\n\n<ul class=\"has-luminous-vivid-orange-color has-text-color\"><li><a href=\"https:\/\/www.verenagruenwald.com\/WP\/kontakt\/\" target=\"_blank\" rel=\"noreferrer noopener\">Zertifikate HR-Management (auf Anfrage)<\/a><\/li><li><a href=\"https:\/\/www.verenagruenwald.com\/WP\/kontakt\/\" target=\"_blank\" rel=\"noreferrer noopener\">Zertifikate gesamt (auf Anfrage)<\/a><\/li><\/ul>\n\n\n\n<p class=\"has-black-color has-text-color\"><strong>Weitere Bereiche:<\/strong><\/p>\n\n\n\n<ul class=\"has-luminous-vivid-orange-color has-text-color\"><li><a href=\"https:\/\/www.verenagruenwald.com\/WP\/finance\/\" target=\"_blank\" rel=\"noreferrer noopener\">Finance &amp; Controlling<\/a><\/li><li><a href=\"https:\/\/www.verenagruenwald.com\/WP\/consulting\/\" target=\"_blank\" rel=\"noreferrer noopener\">Consulting und Projektmanagement<\/a><\/li><li><a href=\"https:\/\/www.verenagruenwald.com\/WP\/marketing\/\" target=\"_blank\" rel=\"noreferrer noopener\">Marketing &amp; Content<\/a><\/li><li><a href=\"https:\/\/www.verenagruenwald.com\/WP\/film-theater-und-medien\/\" target=\"_blank\" rel=\"noreferrer noopener\">Film, Theater und Medien<\/a><\/li><li><a href=\"https:\/\/www.verenagruenwald.com\/WP\/event-gastro-hotellerie\/\" target=\"_blank\" rel=\"noreferrer noopener\">Event, Gastro und Hotellerie<\/a><\/li><\/ul>\n","protected":false},"excerpt":{"rendered":"<p>\u00dcBER MICH Hallo! Mein Name ist Verena Gr\u00fcnwald und hier finden Sie alle Informationen \u00fcber meine Spezialsierung im Bereich HR-Management. Der rote Faden, der sich durch meinen gesamten beruflichen Werdegang zieht, ist die Kommunikation. Und nat\u00fcrlich ist gerade im Bereich Personalmanagement dieses Tool die No. 1. Durch meine unterschiedlichsten Aus- und Weiterbildungen, sowie durch meine<\/p>\n<p class=\"more-link\"><a href=\"https:\/\/www.verenagruenwald.com\/WP\/hr-management\/\" class=\"themebutton\">Read More<\/a><\/p>\n","protected":false},"author":1,"featured_media":0,"parent":0,"menu_order":0,"comment_status":"closed","ping_status":"closed","template":"","meta":[],"_links":{"self":[{"href":"https:\/\/www.verenagruenwald.com\/WP\/wp-json\/wp\/v2\/pages\/1492"}],"collection":[{"href":"https:\/\/www.verenagruenwald.com\/WP\/wp-json\/wp\/v2\/pages"}],"about":[{"href":"https:\/\/www.verenagruenwald.com\/WP\/wp-json\/wp\/v2\/types\/page"}],"author":[{"embeddable":true,"href":"https:\/\/www.verenagruenwald.com\/WP\/wp-json\/wp\/v2\/users\/1"}],"replies":[{"embeddable":true,"href":"https:\/\/www.verenagruenwald.com\/WP\/wp-json\/wp\/v2\/comments?post=1492"}],"version-history":[{"count":24,"href":"https:\/\/www.verenagruenwald.com\/WP\/wp-json\/wp\/v2\/pages\/1492\/revisions"}],"predecessor-version":[{"id":2352,"href":"https:\/\/www.verenagruenwald.com\/WP\/wp-json\/wp\/v2\/pages\/1492\/revisions\/2352"}],"wp:attachment":[{"href":"https:\/\/www.verenagruenwald.com\/WP\/wp-json\/wp\/v2\/media?parent=1492"}],"curies":[{"name":"wp","href":"https:\/\/api.w.org\/{rel}","templated":true}]}}