{"id":1489,"date":"2025-01-29T19:51:15","date_gmt":"2025-01-29T18:51:15","guid":{"rendered":"https:\/\/www.verenagruenwald.com\/WP\/?page_id=1489"},"modified":"2026-03-20T11:12:58","modified_gmt":"2026-03-20T10:12:58","slug":"finance","status":"publish","type":"page","link":"https:\/\/www.verenagruenwald.com\/WP\/finance\/","title":{"rendered":"Finance"},"content":{"rendered":"\n<p class=\"has-text-color\" style=\"color:#ed9819;font-size:30px;letter-spacing:3px\"><strong>\u00dcBER MICH<\/strong><\/p>\n\n\n\n<div class=\"wp-block-media-text alignwide has-media-on-the-right is-stacked-on-mobile\" style=\"grid-template-columns:auto 36%\"><figure class=\"wp-block-media-text__media\"><img loading=\"lazy\" width=\"1024\" height=\"943\" src=\"https:\/\/www.verenagruenwald.com\/WP\/wp-content\/20190215-Evologic_Shooting-145klein-gefaellt-mir-cut-out-3-1024x943.jpg\" alt=\"\" class=\"wp-image-2047 size-medium\" srcset=\"https:\/\/www.verenagruenwald.com\/WP\/wp-content\/20190215-Evologic_Shooting-145klein-gefaellt-mir-cut-out-3-1024x943.jpg 1024w, https:\/\/www.verenagruenwald.com\/WP\/wp-content\/20190215-Evologic_Shooting-145klein-gefaellt-mir-cut-out-3-300x276.jpg 300w, https:\/\/www.verenagruenwald.com\/WP\/wp-content\/20190215-Evologic_Shooting-145klein-gefaellt-mir-cut-out-3-768x707.jpg 768w, https:\/\/www.verenagruenwald.com\/WP\/wp-content\/20190215-Evologic_Shooting-145klein-gefaellt-mir-cut-out-3.jpg 1076w\" sizes=\"(max-width: 1024px) 100vw, 1024px\" \/><\/figure><div class=\"wp-block-media-text__content\">\n<p class=\"has-black-color has-text-color has-medium-font-size\">Hallo!<\/p>\n\n\n\n<p><\/p>\n\n\n\n<p>Mein Name ist Verena Gr\u00fcnwald und hier k\u00f6nnen Sie alle Informationen \u00fcber meine Spezialisierung im Bereich <strong>Finance &amp; Controlling <\/strong>finden. Ich habe immer schon Zahlen geliebt und finde sie unglaublich spannend. Sie sind wie ein Krimi, bei dem man selbst den T\u00e4ter &#8222;zur Strecke bringen muss&#8220;. Woher kommen sie, wo stehen sie in der Gegenwart und wohin werden sie sich in Zukunft entwickeln? F\u00fcr mich sind Zahlen, wie eine eigene Sprache und erz\u00e4hlen einfach alles. <\/p>\n\n\n\n<p>Wenn Sie also eine Zahlenfl\u00fcsterin brauchen, dann <a rel=\"noreferrer noopener\" href=\"https:\/\/www.verenagruenwald.com\/WP\/kontakt\/\" target=\"_blank\">melden Sie sich bei mir. <\/a><\/p>\n<\/div><\/div>\n\n\n\n<p class=\"has-text-color\" style=\"color:#ed9819;font-size:30px;letter-spacing:3px\"><strong>WAS ICH BIETE<\/strong><\/p>\n\n\n\n<p><strong>DAILY BUSINESS<\/strong>: Rechnungs- und Mahnwesen, Kassaf\u00fchrung und Belegorganisation, Vorbereitung, Kommunikation Steuerberatung, Debitoren- und Kreditorenbuchhaltung \/\/ <strong>FINANCE<\/strong>: Kommunikation und  Aufbereitung mit\/f\u00fcr \u00c4mter, Beh\u00f6rden, Steuerberatung, USt.-Voranmeldung und Einkommenssteuererkl\u00e4rung f\u00fcr KMUs (EN-AG-Rechner), SAP \/\/ <strong>CONTROLLING:<\/strong> Runway Top Down Berechnung, Cashburn Analyse, Projektkostenberechnung, Forschungsf\u00f6rderungsabrechnungen inkl. Verteidigung, Kostenanalyse allgemein \/\/ <strong>CONSULTING:<\/strong> Finanzanlayse und Reorganisation, Datenaufbereitung und -erhebung Bilanz und G&amp;V, Businessplan Bereich Finanzplan-Analyse<\/p>\n\n\n\n<p><\/p>\n\n\n\n<div class=\"wp-block-image\"><figure class=\"aligncenter size-large\"><a href=\"https:\/\/www.verenagruenwald.com\/WP\/work-experience-fi-co\/\" target=\"_blank\" rel=\"noopener\"><img loading=\"lazy\" width=\"724\" height=\"1024\" src=\"https:\/\/www.verenagruenwald.com\/WP\/wp-content\/woher-ich-komme-FI3-724x1024.jpg\" alt=\"\" class=\"wp-image-1698\" srcset=\"https:\/\/www.verenagruenwald.com\/WP\/wp-content\/woher-ich-komme-FI3-724x1024.jpg 724w, https:\/\/www.verenagruenwald.com\/WP\/wp-content\/woher-ich-komme-FI3-212x300.jpg 212w, https:\/\/www.verenagruenwald.com\/WP\/wp-content\/woher-ich-komme-FI3-768x1086.jpg 768w, https:\/\/www.verenagruenwald.com\/WP\/wp-content\/woher-ich-komme-FI3-1086x1536.jpg 1086w, https:\/\/www.verenagruenwald.com\/WP\/wp-content\/woher-ich-komme-FI3.jpg 1414w\" sizes=\"(max-width: 724px) 100vw, 724px\" \/><\/a><\/figure><\/div>\n\n\n\n<p class=\"has-luminous-vivid-orange-color has-text-color\"><strong><a href=\"https:\/\/www.verenagruenwald.com\/WP\/work-experience-fi-co\/\" target=\"_blank\" rel=\"noreferrer noopener\">Hier finden Sie n\u00e4here Details zu den einzelnen Unternehmen und Arbeitsanforderungen.<\/a><\/strong><\/p>\n\n\n\n<p><\/p>\n\n\n\n<p class=\"has-text-color\" style=\"color:#ed9819;font-size:30px;font-style:normal;font-weight:200;letter-spacing:3px\"><strong>AUS- und WEITERBILDUNG<\/strong><\/p>\n\n\n\n<p class=\"has-black-color has-text-color has-medium-font-size\"><strong>Ausbildung: <\/strong><\/p>\n\n\n\n<figure class=\"wp-block-table is-style-regular\"><table><tbody><tr><td>2001 &#8211; 2006<\/td><td>WU Wien, Betriebswirtschaft<br>Abschluss Personal- und interdiszipl. Verhaltensmanagement<\/td><\/tr><tr><td>2005 &#8211; 2006<\/td><td>WU Wien, Member of Center of Excellence<\/td><\/tr><tr><td>1987 &#8211; 1993<\/td><td>WU Wien, Betriebswirtschaft, 1. Abschnitt<\/td><\/tr><tr><td>1973 &#8211; 1987<\/td><td>H\u00f6here Bundeslehranstalt f. wirtschaftl. Frauenberufe<br>mit Matura<\/td><\/tr><\/tbody><\/table><\/figure>\n\n\n\n<p class=\"has-black-color has-text-color has-medium-font-size\"><strong>Zertifikate: <\/strong><\/p>\n\n\n\n<figure class=\"wp-block-table is-style-regular\"><table><tbody><tr><td>2024\/2025<\/td><td>Vorbereitung f\u00fcr die Pr\u00fcfung zur\/m zertifizierten Buchhalter*in<\/td><\/tr><tr><td>11\/19 &#8211; 01\/20<\/td><td>Ausbildung SAP SpezialistInnen, Schwerpunkt CO<br>inkl. Business Case Study (CO, FI, HR)<\/td><\/tr><tr><td>01\/2012<\/td><td>Kurs f\u00fcr Einnahmen-Ausgaben-Rechnung<\/td><\/tr><tr><td>11\/2001<\/td><td>Kurs f\u00fcr Buchf\u00fchrung und Vorbereitung <br>f\u00fcr den Steuerberater<\/td><\/tr><\/tbody><\/table><\/figure>\n\n\n\n<div class=\"wp-container-1 wp-block-group\"><div class=\"wp-block-group__inner-container\">\n<div class=\"wp-block-columns\">\n<div class=\"wp-block-column\" style=\"flex-basis:100%\"><\/div>\n<\/div>\n<\/div><\/div>\n\n\n\n<p class=\"has-luminous-vivid-orange-color has-text-color has-medium-font-size\"><strong><a href=\"https:\/\/www.verenagruenwald.com\/WP\/kontakt\/\" target=\"_blank\" rel=\"noreferrer noopener\">Kontakt zu Mag. Verena Gr\u00fcnwald<\/a><\/strong><\/p>\n\n\n\n<p class=\"has-black-color has-text-color\"><strong>Lebenslauf:<\/strong><\/p>\n\n\n\n<ul class=\"has-luminous-vivid-orange-color has-text-color\"><li><a href=\"https:\/\/www.verenagruenwald.com\/WP\/cv-verena-gruenwald-finance-controlling\/\" target=\"_blank\" rel=\"noreferrer noopener\">CV Verena Gr\u00fcnwald Finance &amp; Controlling  (pdf)<\/a><\/li><\/ul>\n\n\n\n<p class=\"has-black-color has-text-color\"><strong>Downloads<\/strong>:<\/p>\n\n\n\n<ul class=\"has-luminous-vivid-orange-color has-text-color\"><li><a rel=\"noreferrer noopener\" href=\"https:\/\/www.verenagruenwald.com\/WP\/portfolio-vgw-fi-co\/\" target=\"_blank\">Portfolio Finance &amp; Controlling (pdf) <\/a><\/li><li><a href=\"https:\/\/www.verenagruenwald.com\/WP\/portfolio-vgw-gesamt\/\" target=\"_blank\" rel=\"noreferrer noopener\">Portfolio gesamt Verena Gr\u00fcnwald (pdf) <\/a><\/li><\/ul>\n\n\n\n<p><\/p>\n\n\n\n<p class=\"has-black-color has-text-color\"><strong>Diverse Links: <\/strong><\/p>\n\n\n\n<ul class=\"has-luminous-vivid-orange-color has-text-color\"><li><a href=\"https:\/\/www.verenagruenwald.com\/WP\/kontakt\/\" target=\"_blank\" rel=\"noreferrer noopener\">Zertifikate Finance &amp; Controlling (auf Anfrage)<\/a><\/li><li><a href=\"https:\/\/www.verenagruenwald.com\/WP\/kontakt\/\" target=\"_blank\" rel=\"noreferrer noopener\">Zertifikate gesamt (auf Anfrage) <\/a><\/li><\/ul>\n\n\n\n<p><\/p>\n\n\n\n<p class=\"has-black-color has-text-color\"><strong>Weitere Bereiche: <\/strong><\/p>\n\n\n\n<ul class=\"has-luminous-vivid-orange-color has-text-color\"><li><a href=\"https:\/\/www.verenagruenwald.com\/WP\/hr-management\/\" target=\"_blank\" rel=\"noreferrer noopener\">HR-Management <\/a><\/li><li><a href=\"https:\/\/www.verenagruenwald.com\/WP\/consulting\/\" target=\"_blank\" rel=\"noreferrer noopener\">Consulting und Projektmanagement<\/a><\/li><li><a href=\"https:\/\/www.verenagruenwald.com\/WP\/marketing\/\" target=\"_blank\" rel=\"noreferrer noopener\">Marketing &amp; Content<\/a><\/li><li><a href=\"https:\/\/www.verenagruenwald.com\/WP\/film-theater-und-medien\/\" target=\"_blank\" rel=\"noreferrer noopener\">Film, Theater und Medien<\/a><\/li><li><a href=\"https:\/\/www.verenagruenwald.com\/WP\/event-gastro-hotellerie\/\" target=\"_blank\" rel=\"noreferrer noopener\">Event, Gastro und Hotellerie<\/a><\/li><\/ul>\n\n\n\n<p><\/p>\n","protected":false},"excerpt":{"rendered":"<p>\u00dcBER MICH Hallo! Mein Name ist Verena Gr\u00fcnwald und hier k\u00f6nnen Sie alle Informationen \u00fcber meine Spezialisierung im Bereich Finance &amp; Controlling finden. Ich habe immer schon Zahlen geliebt und finde sie unglaublich spannend. Sie sind wie ein Krimi, bei dem man selbst den T\u00e4ter &#8222;zur Strecke bringen muss&#8220;. Woher kommen sie, wo stehen sie<\/p>\n<p class=\"more-link\"><a href=\"https:\/\/www.verenagruenwald.com\/WP\/finance\/\" class=\"themebutton\">Read More<\/a><\/p>\n","protected":false},"author":1,"featured_media":0,"parent":0,"menu_order":0,"comment_status":"closed","ping_status":"closed","template":"","meta":[],"_links":{"self":[{"href":"https:\/\/www.verenagruenwald.com\/WP\/wp-json\/wp\/v2\/pages\/1489"}],"collection":[{"href":"https:\/\/www.verenagruenwald.com\/WP\/wp-json\/wp\/v2\/pages"}],"about":[{"href":"https:\/\/www.verenagruenwald.com\/WP\/wp-json\/wp\/v2\/types\/page"}],"author":[{"embeddable":true,"href":"https:\/\/www.verenagruenwald.com\/WP\/wp-json\/wp\/v2\/users\/1"}],"replies":[{"embeddable":true,"href":"https:\/\/www.verenagruenwald.com\/WP\/wp-json\/wp\/v2\/comments?post=1489"}],"version-history":[{"count":38,"href":"https:\/\/www.verenagruenwald.com\/WP\/wp-json\/wp\/v2\/pages\/1489\/revisions"}],"predecessor-version":[{"id":2350,"href":"https:\/\/www.verenagruenwald.com\/WP\/wp-json\/wp\/v2\/pages\/1489\/revisions\/2350"}],"wp:attachment":[{"href":"https:\/\/www.verenagruenwald.com\/WP\/wp-json\/wp\/v2\/media?parent=1489"}],"curies":[{"name":"wp","href":"https:\/\/api.w.org\/{rel}","templated":true}]}}