{"id":1110,"date":"2023-04-11T11:54:02","date_gmt":"2023-04-11T09:54:02","guid":{"rendered":"https:\/\/www.verenagruenwald.com\/WP\/?page_id=1110"},"modified":"2025-03-31T21:04:11","modified_gmt":"2025-03-31T19:04:11","slug":"indirekte-kundenkommunikation","status":"publish","type":"page","link":"https:\/\/www.verenagruenwald.com\/WP\/be-co\/seminare-be-co\/indirekte-kundenkommunikation\/","title":{"rendered":"Indirekte Kundenkommunikation"},"content":{"rendered":"\n<p style=\"font-size:25px\"><strong><em><mark style=\"background-color:rgba(0, 0, 0, 0)\" class=\"has-inline-color has-black-color\">\u00fcber Schaufenster- und Innenraumdekoration<\/mark><\/em><\/strong><\/p>\n\n\n\n<p class=\"has-medium-font-size\"><strong><mark style=\"background-color:rgba(0, 0, 0, 0)\" class=\"has-inline-color has-luminous-vivid-orange-color\">Theorieteil:<\/mark><\/strong><\/p>\n\n\n\n<p style=\"font-size:18px\"><strong><mark style=\"background-color:rgba(0, 0, 0, 0)\" class=\"has-inline-color has-black-color\">1. Aufgaben des Schaufensters als Br\u00fccke zum Kunden<\/mark><\/strong><\/p>\n\n\n\n<p><img loading=\"lazy\" src=\"\" alt=\"*\" width=\"12\" height=\"12\">&nbsp;&nbsp;&nbsp;&nbsp;&nbsp;&nbsp;&nbsp;&nbsp; Welche Arten von Schaufenstern gibt es?<\/p>\n\n\n\n<p><img loading=\"lazy\" src=\"\" alt=\"*\" width=\"12\" height=\"12\">&nbsp;&nbsp;&nbsp;&nbsp;&nbsp;&nbsp;&nbsp;&nbsp; Schaufenster und Gesch\u00e4ftslokal \u2013 eine Einheit<\/p>\n\n\n\n<p style=\"font-size:18px\"><strong><mark style=\"background-color:rgba(0, 0, 0, 0)\" class=\"has-inline-color has-black-color\">2. Die Gebote der Schaufenster- und Innenraumdekoration<\/mark><\/strong><\/p>\n\n\n\n<p style=\"font-size:18px\"><strong><mark style=\"background-color:rgba(0, 0, 0, 0)\" class=\"has-inline-color has-black-color\">3. Der Entwurf des Grundkonzepts f\u00fcr die Dekoration<\/mark><\/strong><\/p>\n\n\n\n<p><img loading=\"lazy\" src=\"\" alt=\"*\" width=\"12\" height=\"12\">&nbsp;&nbsp;&nbsp;&nbsp;&nbsp;&nbsp;&nbsp;&nbsp; Welche \u00dcberlegungen m\u00fcssen angestellt werden:<\/p>\n\n\n\n<p><img loading=\"lazy\" src=\"\" alt=\"*\" width=\"12\" height=\"12\">&nbsp;&nbsp;&nbsp;&nbsp;&nbsp;&nbsp;&nbsp;&nbsp; Wo bekomme ich Ideen f\u00fcr meine Dekoration?<\/p>\n\n\n\n<p><img loading=\"lazy\" src=\"\" alt=\"*\" width=\"12\" height=\"12\">&nbsp;&nbsp;&nbsp;&nbsp;&nbsp;&nbsp;&nbsp;&nbsp; Keine Dekorationsidee ohne Kalkulation<\/p>\n\n\n\n<p><img loading=\"lazy\" src=\"\" alt=\"*\" width=\"12\" height=\"12\">&nbsp;&nbsp;&nbsp;&nbsp;&nbsp;&nbsp;&nbsp;&nbsp; Strategische Planung der Schaufensterdekoration<\/p>\n\n\n\n<p style=\"font-size:18px\"><strong><mark style=\"background-color:rgba(0, 0, 0, 0)\" class=\"has-inline-color has-black-color\">4. Die Techniken der Schaufenstergestaltung<\/mark><\/strong><\/p>\n\n\n\n<p><img loading=\"lazy\" src=\"\" alt=\"*\" width=\"12\" height=\"12\">&nbsp;&nbsp;&nbsp;&nbsp;&nbsp;&nbsp;&nbsp;&nbsp; Die Grundsatzkriterien des Schaufensters<\/p>\n\n\n\n<p><img loading=\"lazy\" src=\"\" alt=\"*\" width=\"12\" height=\"12\">&nbsp;&nbsp;&nbsp;&nbsp;&nbsp;&nbsp;&nbsp;&nbsp; Die Grundsatzkriterien des Schaufensters als Imagetr\u00e4ger<\/p>\n\n\n\n<p style=\"font-size:18px\"><strong><mark style=\"background-color:rgba(0, 0, 0, 0)\" class=\"has-inline-color has-black-color\">5. Die Techniken der Innenraumdekoration und ihre Bedeutung<\/mark><\/strong><\/p>\n\n\n\n<p style=\"font-size:18px\"><strong><mark style=\"background-color:rgba(0, 0, 0, 0)\" class=\"has-inline-color has-black-color\">6. Die Bedeutung der Dekoration als Kommunikationsmittel zwischen Kunde und Unternehmen<\/mark><\/strong><\/p>\n\n\n\n<p style=\"font-size:18px\"><strong><mark style=\"background-color:rgba(0, 0, 0, 0)\" class=\"has-inline-color has-black-color\">7. Lagerhaltung und Lagerverwendung von Dekorationsmaterial<\/mark><\/strong><\/p>\n\n\n\n<p><mark style=\"background-color:rgba(0, 0, 0, 0)\" class=\"has-inline-color has-white-color\">Verena gr\u00fcnwald be co seminare<\/mark><\/p>\n\n\n\n<p class=\"has-medium-font-size\"><strong><mark style=\"background-color:rgba(0, 0, 0, 0)\" class=\"has-inline-color has-luminous-vivid-orange-color\">Praxisteil 1 und 2:<\/mark><\/strong><\/p>\n\n\n\n<h2 style=\"font-size:18px\"><strong>Outdoor-Training: Analyse von Schaufenstern und Innenraumdekoration<\/strong><\/h2>\n\n\n\n<h2 style=\"font-size:18px\"><strong>\u00dcbungen zur Ideenfindung und Konzepterstellung<\/strong><\/h2>\n\n\n\n<h2 style=\"font-size:18px\"><strong>\u00dcbungen zur Konzeptberechnung<\/strong><\/h2>\n\n\n\n<p style=\"font-size:18px\"><strong><mark style=\"background-color:rgba(0, 0, 0, 0)\" class=\"has-inline-color has-black-color\">Umsetzung einer Schaufenster- und Innenraumdekoration<\/mark><\/strong><\/p>\n\n\n\n<h2>&nbsp;<\/h2>\n\n\n\n<p><mark style=\"background-color:rgba(0, 0, 0, 0)\" class=\"has-inline-color has-white-color\">Verena gr\u00fcnwald be co Seminare<\/mark><\/p>\n\n\n\n<p class=\"has-medium-font-size\"><strong><mark style=\"background-color:rgba(0, 0, 0, 0)\" class=\"has-inline-color has-luminous-vivid-orange-color\">Seminar: Indirekte Kundenkommunikation \u00fcber Schaufenster- und Innenraumdekoration<\/mark><\/strong><\/p>\n\n\n\n<p class=\"has-medium-font-size\"><strong>Seminardauer: 24 Stunden<\/strong><\/p>\n\n\n\n<p class=\"has-medium-font-size\"><strong>Ausrichtung: f\u00fcr Klein- und Mittelbetriebe<\/strong><\/p>\n\n\n\n<p class=\"has-medium-font-size\"><strong>Kosten: auf Anfrage, abh\u00e4ngig von Teilnehmeranzahl<\/strong><\/p>\n\n\n\n<p class=\"has-medium-font-size\"><strong><a href=\"https:\/\/www.verenagruenwald.com\/WP\/kontakt\/\" data-type=\"URL\" data-id=\"https:\/\/www.verenagruenwald.com\/WP\/kontakt\/\" target=\"_blank\" rel=\"noreferrer noopener\">Kontakt Be-Co<\/a><\/strong><\/p>\n\n\n\n<p><mark style=\"background-color:rgba(0, 0, 0, 0)\" class=\"has-inline-color has-white-color\">Verena gr\u00fcnwald Dekoration Schaufenster<\/mark><\/p>\n\n\n\n<p class=\"has-medium-font-size\"><strong><mark style=\"background-color:#01613a\" class=\"has-inline-color has-white-color\">Sie wollen Ihr Schaufenster nicht selbst gestalten, sondern SUCHEN einen Schaufensterdekorateur? Hier geht es zu meinem Gesch\u00e4ftsbereich <a rel=\"noreferrer noopener\" href=\"https:\/\/www.verenagruenwald.com\/WP\/verena-gruenwald\/dekorateur-vgw\/\" data-type=\"URL\" data-id=\"https:\/\/www.verenagruenwald.com\/WP\/verena-gruenwald\/dekorateur-vgw\/\" target=\"_blank\">Dekorateur VGW. <\/a><\/mark><\/strong><\/p>\n","protected":false},"excerpt":{"rendered":"<p>\u00fcber Schaufenster- und Innenraumdekoration Theorieteil: 1. Aufgaben des Schaufensters als Br\u00fccke zum Kunden &nbsp;&nbsp;&nbsp;&nbsp;&nbsp;&nbsp;&nbsp;&nbsp; Welche Arten von Schaufenstern gibt es? &nbsp;&nbsp;&nbsp;&nbsp;&nbsp;&nbsp;&nbsp;&nbsp; Schaufenster und Gesch\u00e4ftslokal \u2013 eine Einheit 2. Die Gebote der Schaufenster- und Innenraumdekoration 3. Der Entwurf des Grundkonzepts f\u00fcr die Dekoration &nbsp;&nbsp;&nbsp;&nbsp;&nbsp;&nbsp;&nbsp;&nbsp; Welche \u00dcberlegungen m\u00fcssen angestellt werden: &nbsp;&nbsp;&nbsp;&nbsp;&nbsp;&nbsp;&nbsp;&nbsp; Wo bekomme ich Ideen f\u00fcr meine<\/p>\n<p class=\"more-link\"><a href=\"https:\/\/www.verenagruenwald.com\/WP\/be-co\/seminare-be-co\/indirekte-kundenkommunikation\/\" class=\"themebutton\">Read More<\/a><\/p>\n","protected":false},"author":1,"featured_media":0,"parent":983,"menu_order":0,"comment_status":"closed","ping_status":"closed","template":"","meta":[],"_links":{"self":[{"href":"https:\/\/www.verenagruenwald.com\/WP\/wp-json\/wp\/v2\/pages\/1110"}],"collection":[{"href":"https:\/\/www.verenagruenwald.com\/WP\/wp-json\/wp\/v2\/pages"}],"about":[{"href":"https:\/\/www.verenagruenwald.com\/WP\/wp-json\/wp\/v2\/types\/page"}],"author":[{"embeddable":true,"href":"https:\/\/www.verenagruenwald.com\/WP\/wp-json\/wp\/v2\/users\/1"}],"replies":[{"embeddable":true,"href":"https:\/\/www.verenagruenwald.com\/WP\/wp-json\/wp\/v2\/comments?post=1110"}],"version-history":[{"count":6,"href":"https:\/\/www.verenagruenwald.com\/WP\/wp-json\/wp\/v2\/pages\/1110\/revisions"}],"predecessor-version":[{"id":1456,"href":"https:\/\/www.verenagruenwald.com\/WP\/wp-json\/wp\/v2\/pages\/1110\/revisions\/1456"}],"up":[{"embeddable":true,"href":"https:\/\/www.verenagruenwald.com\/WP\/wp-json\/wp\/v2\/pages\/983"}],"wp:attachment":[{"href":"https:\/\/www.verenagruenwald.com\/WP\/wp-json\/wp\/v2\/media?parent=1110"}],"curies":[{"name":"wp","href":"https:\/\/api.w.org\/{rel}","templated":true}]}}