{"id":1106,"date":"2023-04-11T11:45:40","date_gmt":"2023-04-11T09:45:40","guid":{"rendered":"https:\/\/www.verenagruenwald.com\/WP\/?page_id=1106"},"modified":"2023-05-11T14:54:17","modified_gmt":"2023-05-11T12:54:17","slug":"produkpolitik-und-verwaltung","status":"publish","type":"page","link":"https:\/\/www.verenagruenwald.com\/WP\/be-co\/seminare-be-co\/produkpolitik-und-verwaltung\/","title":{"rendered":"Produkpolitik und Verwaltung"},"content":{"rendered":"\n<p class=\"has-medium-font-size\"><strong><em><mark style=\"background-color:rgba(0, 0, 0, 0)\" class=\"has-inline-color has-black-color\">als Hilfsmittel der Kundenzufriedenheit<\/mark><\/em><\/strong><\/p>\n\n\n\n<p class=\"has-medium-font-size\"><strong><mark style=\"background-color:rgba(0, 0, 0, 0)\" class=\"has-inline-color has-luminous-vivid-orange-color\">Theorieteil:<\/mark><\/strong><\/p>\n\n\n\n<p style=\"font-size:18px\"><strong><mark style=\"background-color:rgba(0, 0, 0, 0)\" class=\"has-inline-color has-black-color\">1. Definition Produkt<\/mark><\/strong><\/p>\n\n\n\n<p><img loading=\"lazy\" src=\"\" alt=\"*\" width=\"12\" height=\"12\">&nbsp;&nbsp;&nbsp;&nbsp;&nbsp;&nbsp;&nbsp;&nbsp; Kernnutzen<\/p>\n\n\n\n<p><img loading=\"lazy\" src=\"\" alt=\"*\" width=\"12\" height=\"12\">&nbsp;&nbsp;&nbsp;&nbsp;&nbsp;&nbsp;&nbsp;&nbsp; Basisprodukt<\/p>\n\n\n\n<p><img loading=\"lazy\" src=\"\" alt=\"*\" width=\"12\" height=\"12\">&nbsp;&nbsp;&nbsp;&nbsp;&nbsp;&nbsp;&nbsp;&nbsp; Erwartetes Produkt<\/p>\n\n\n\n<p><img loading=\"lazy\" src=\"\" alt=\"*\" width=\"12\" height=\"12\">&nbsp;&nbsp;&nbsp;&nbsp;&nbsp;&nbsp;&nbsp;&nbsp; Augmentiertes Produkt<\/p>\n\n\n\n<p><img loading=\"lazy\" src=\"\" alt=\"*\" width=\"12\" height=\"12\">&nbsp;&nbsp;&nbsp;&nbsp;&nbsp;&nbsp;&nbsp;&nbsp; Potentielles Produkt<\/p>\n\n\n\n<p style=\"font-size:18px\"><strong><mark style=\"background-color:rgba(0, 0, 0, 0)\" class=\"has-inline-color has-black-color\">2. Produkttyplogien<\/mark><\/strong><\/p>\n\n\n\n<p><img loading=\"lazy\" src=\"\" alt=\"*\" width=\"12\" height=\"12\">&nbsp;&nbsp;&nbsp;&nbsp;&nbsp;&nbsp;&nbsp;&nbsp; Gebrauchsg\u00fcter<\/p>\n\n\n\n<p><img loading=\"lazy\" src=\"\" alt=\"*\" width=\"12\" height=\"12\">&nbsp;&nbsp;&nbsp;&nbsp;&nbsp;&nbsp;&nbsp;&nbsp; Verbrauchsg\u00fcter<\/p>\n\n\n\n<p><img loading=\"lazy\" src=\"\" alt=\"*\" width=\"12\" height=\"12\">&nbsp;&nbsp;&nbsp;&nbsp;&nbsp;&nbsp;&nbsp;&nbsp; Dienstleistungen<\/p>\n\n\n\n<p><img loading=\"lazy\" src=\"\" alt=\"*\" width=\"12\" height=\"12\">&nbsp;&nbsp;&nbsp;&nbsp;&nbsp;&nbsp;&nbsp;&nbsp; G\u00fctertypologie nach Kaufgewohnheiten<\/p>\n\n\n\n<p style=\"font-size:18px\"><strong><mark style=\"background-color:rgba(0, 0, 0, 0)\" class=\"has-inline-color has-black-color\">3. Was ist ein Produkt?<\/mark><\/strong><\/p>\n\n\n\n<p><img loading=\"lazy\" src=\"\" alt=\"*\" width=\"12\" height=\"12\">&nbsp;&nbsp;&nbsp;&nbsp;&nbsp;&nbsp;&nbsp;&nbsp; Element des Marketing-Mix<\/p>\n\n\n\n<p><img loading=\"lazy\" src=\"\" alt=\"*\" width=\"12\" height=\"12\">&nbsp;&nbsp;&nbsp;&nbsp;&nbsp;&nbsp;&nbsp;&nbsp; Ziele des Produktes<\/p>\n\n\n\n<p style=\"font-size:18px\"><strong><mark style=\"background-color:rgba(0, 0, 0, 0)\" class=\"has-inline-color has-black-color\">4. Die Einteilung der angebotenen Produkte<\/mark><\/strong><\/p>\n\n\n\n<p><img loading=\"lazy\" src=\"\" alt=\"*\" width=\"12\" height=\"12\">&nbsp;&nbsp;&nbsp;&nbsp;&nbsp;&nbsp;&nbsp;&nbsp; Produktprogramm<\/p>\n\n\n\n<p><img loading=\"lazy\" src=\"\" alt=\"*\" width=\"12\" height=\"12\">&nbsp;&nbsp;&nbsp;&nbsp;&nbsp;&nbsp;&nbsp;&nbsp; Produktlinie und ihr Umfang<\/p>\n\n\n\n<p><img loading=\"lazy\" src=\"\" alt=\"*\" width=\"12\" height=\"12\">&nbsp;&nbsp;&nbsp;&nbsp;&nbsp;&nbsp;&nbsp;&nbsp; Anpassung des Produktprogramms<\/p>\n\n\n\n<p style=\"font-size:18px\"><strong><mark style=\"background-color:rgba(0, 0, 0, 0)\" class=\"has-inline-color has-black-color\">5. Die Aufgaben des Produktmanagers<\/mark><\/strong><\/p>\n\n\n\n<p style=\"font-size:18px\"><strong><mark style=\"background-color:rgba(0, 0, 0, 0)\" class=\"has-inline-color has-black-color\">6. Lagerbestandshaltung<\/mark><\/strong><\/p>\n\n\n\n<p><img loading=\"lazy\" src=\"\" alt=\"*\" width=\"12\" height=\"12\">&nbsp;&nbsp;&nbsp;&nbsp;&nbsp;&nbsp;&nbsp;&nbsp; Die Kunst des richtigen Nachbestellens<\/p>\n\n\n\n<p><img loading=\"lazy\" src=\"\" alt=\"*\" width=\"12\" height=\"12\">&nbsp;&nbsp;&nbsp;&nbsp;&nbsp;&nbsp;&nbsp;&nbsp; Die Auswirkungen auf das Unternehmen<\/p>\n\n\n\n<p><img loading=\"lazy\" src=\"\" alt=\"*\" width=\"12\" height=\"12\">&nbsp;&nbsp;&nbsp;&nbsp;&nbsp;&nbsp;&nbsp;&nbsp; Die Auswirkungen auf den Kunden<\/p>\n\n\n\n<p style=\"font-size:18px\"><strong><mark style=\"background-color:rgba(0, 0, 0, 0)\" class=\"has-inline-color has-black-color\">7. Produktlebenszyklus<\/mark><\/strong><\/p>\n\n\n\n<p><img loading=\"lazy\" src=\"\" alt=\"*\" width=\"12\" height=\"12\">&nbsp;&nbsp;&nbsp;&nbsp;&nbsp;&nbsp;&nbsp;&nbsp; Einf\u00fchrung<\/p>\n\n\n\n<p><img loading=\"lazy\" src=\"\" alt=\"*\" width=\"12\" height=\"12\">&nbsp;&nbsp;&nbsp;&nbsp;&nbsp;&nbsp;&nbsp;&nbsp; Berechnung<\/p>\n\n\n\n<p style=\"font-size:18px\"><strong><mark style=\"background-color:rgba(0, 0, 0, 0)\" class=\"has-inline-color has-black-color\">8. Produktlebenszyklus der Boston Consulting Group<\/mark><\/strong><\/p>\n\n\n\n<p><img loading=\"lazy\" src=\"\" alt=\"*\" width=\"12\" height=\"12\">&nbsp;&nbsp;&nbsp;&nbsp;&nbsp;&nbsp;&nbsp;&nbsp; Einf\u00fchrung<\/p>\n\n\n\n<p><img loading=\"lazy\" src=\"\" alt=\"*\" width=\"12\" height=\"12\">&nbsp;&nbsp;&nbsp;&nbsp;&nbsp;&nbsp;&nbsp;&nbsp; Verwendung<\/p>\n\n\n\n<p><mark style=\"background-color:rgba(0, 0, 0, 0)\" class=\"has-inline-color has-white-color\">Verena Gr\u00fcnwald Be-co Seminare<\/mark><\/p>\n\n\n\n<p class=\"has-medium-font-size\"><strong><mark style=\"background-color:rgba(0, 0, 0, 0)\" class=\"has-inline-color has-luminous-vivid-orange-color\">Praxisteil:<\/mark><\/strong><\/p>\n\n\n\n<h2 style=\"font-size:18px\"><strong>Praktische \u00dcbungen zur Produkteinteilung&nbsp;<\/strong><\/h2>\n\n\n\n<h2 style=\"font-size:18px\"><strong>Einf\u00fchrung in die Produktanalyse-Berechnung<\/strong><\/h2>\n\n\n\n<h2 style=\"font-size:18px\"><strong>Erarbeitung eines Produktplanes inkl. Lagerbestandshaltung<\/strong><\/h2>\n\n\n\n<p><mark style=\"background-color:rgba(0, 0, 0, 0)\" class=\"has-inline-color has-white-color\">Verena Gr\u00fcnwald be co Seminare<\/mark><\/p>\n\n\n\n<p class=\"has-medium-font-size\"><strong><mark style=\"background-color:rgba(0, 0, 0, 0)\" class=\"has-inline-color has-luminous-vivid-orange-color\">Seminar: Produktpolitk und Produktverwaltung als Hilfsmittel der Kundenzufriedenheit<\/mark><\/strong><\/p>\n\n\n\n<p class=\"has-medium-font-size\"><strong>Seminardauer: 16 Stunden<\/strong><\/p>\n\n\n\n<p class=\"has-medium-font-size\"><strong>Ausrichtung: f\u00fcr Klein- und Mittelbetriebe<\/strong><\/p>\n\n\n\n<p class=\"has-medium-font-size\"><strong>Kosten: auf Anfrage, abh\u00e4ngig von Teilnehmeranzahl<\/strong><\/p>\n\n\n\n<p class=\"has-medium-font-size\"><strong><a href=\"https:\/\/www.verenagruenwald.com\/WP\/kontakt\/\" data-type=\"URL\" data-id=\"https:\/\/www.verenagruenwald.com\/WP\/kontakt\/\" target=\"_blank\" rel=\"noreferrer noopener\">Kontakt Be-Co<\/a><\/strong><\/p>\n","protected":false},"excerpt":{"rendered":"<p>als Hilfsmittel der Kundenzufriedenheit Theorieteil: 1. Definition Produkt &nbsp;&nbsp;&nbsp;&nbsp;&nbsp;&nbsp;&nbsp;&nbsp; Kernnutzen &nbsp;&nbsp;&nbsp;&nbsp;&nbsp;&nbsp;&nbsp;&nbsp; Basisprodukt &nbsp;&nbsp;&nbsp;&nbsp;&nbsp;&nbsp;&nbsp;&nbsp; Erwartetes Produkt &nbsp;&nbsp;&nbsp;&nbsp;&nbsp;&nbsp;&nbsp;&nbsp; Augmentiertes Produkt &nbsp;&nbsp;&nbsp;&nbsp;&nbsp;&nbsp;&nbsp;&nbsp; Potentielles Produkt 2. Produkttyplogien &nbsp;&nbsp;&nbsp;&nbsp;&nbsp;&nbsp;&nbsp;&nbsp; Gebrauchsg\u00fcter &nbsp;&nbsp;&nbsp;&nbsp;&nbsp;&nbsp;&nbsp;&nbsp; Verbrauchsg\u00fcter &nbsp;&nbsp;&nbsp;&nbsp;&nbsp;&nbsp;&nbsp;&nbsp; Dienstleistungen &nbsp;&nbsp;&nbsp;&nbsp;&nbsp;&nbsp;&nbsp;&nbsp; G\u00fctertypologie nach Kaufgewohnheiten 3. Was ist ein Produkt? &nbsp;&nbsp;&nbsp;&nbsp;&nbsp;&nbsp;&nbsp;&nbsp; Element des Marketing-Mix &nbsp;&nbsp;&nbsp;&nbsp;&nbsp;&nbsp;&nbsp;&nbsp; Ziele des Produktes 4. Die Einteilung der angebotenen Produkte &nbsp;&nbsp;&nbsp;&nbsp;&nbsp;&nbsp;&nbsp;&nbsp; Produktprogramm &nbsp;&nbsp;&nbsp;&nbsp;&nbsp;&nbsp;&nbsp;&nbsp;<\/p>\n<p class=\"more-link\"><a href=\"https:\/\/www.verenagruenwald.com\/WP\/be-co\/seminare-be-co\/produkpolitik-und-verwaltung\/\" class=\"themebutton\">Read More<\/a><\/p>\n","protected":false},"author":1,"featured_media":0,"parent":983,"menu_order":0,"comment_status":"closed","ping_status":"closed","template":"","meta":[],"_links":{"self":[{"href":"https:\/\/www.verenagruenwald.com\/WP\/wp-json\/wp\/v2\/pages\/1106"}],"collection":[{"href":"https:\/\/www.verenagruenwald.com\/WP\/wp-json\/wp\/v2\/pages"}],"about":[{"href":"https:\/\/www.verenagruenwald.com\/WP\/wp-json\/wp\/v2\/types\/page"}],"author":[{"embeddable":true,"href":"https:\/\/www.verenagruenwald.com\/WP\/wp-json\/wp\/v2\/users\/1"}],"replies":[{"embeddable":true,"href":"https:\/\/www.verenagruenwald.com\/WP\/wp-json\/wp\/v2\/comments?post=1106"}],"version-history":[{"count":5,"href":"https:\/\/www.verenagruenwald.com\/WP\/wp-json\/wp\/v2\/pages\/1106\/revisions"}],"predecessor-version":[{"id":1458,"href":"https:\/\/www.verenagruenwald.com\/WP\/wp-json\/wp\/v2\/pages\/1106\/revisions\/1458"}],"up":[{"embeddable":true,"href":"https:\/\/www.verenagruenwald.com\/WP\/wp-json\/wp\/v2\/pages\/983"}],"wp:attachment":[{"href":"https:\/\/www.verenagruenwald.com\/WP\/wp-json\/wp\/v2\/media?parent=1106"}],"curies":[{"name":"wp","href":"https:\/\/api.w.org\/{rel}","templated":true}]}}