{"id":1060,"date":"2023-04-11T11:20:15","date_gmt":"2023-04-11T09:20:15","guid":{"rendered":"https:\/\/www.verenagruenwald.com\/WP\/?page_id=1060"},"modified":"2025-03-31T21:03:53","modified_gmt":"2025-03-31T19:03:53","slug":"effektivitaet-und-effizienz","status":"publish","type":"page","link":"https:\/\/www.verenagruenwald.com\/WP\/be-co\/seminare-be-co\/effektivitaet-und-effizienz\/","title":{"rendered":"Effektivit\u00e4t und Effizienz"},"content":{"rendered":"\n<p class=\"has-medium-font-size\"><strong><em><mark style=\"background-color:rgba(0, 0, 0, 0)\" class=\"has-inline-color has-black-color\">im Berufsalltag<\/mark><\/em><\/strong><\/p>\n\n\n\n<p class=\"has-medium-font-size\"><mark style=\"background-color:rgba(0, 0, 0, 0)\" class=\"has-inline-color has-luminous-vivid-orange-color\"><strong>Theorieteil<\/strong>:<\/mark><\/p>\n\n\n\n<p style=\"font-size:18px\"><strong><mark style=\"background-color:rgba(0, 0, 0, 0)\" class=\"has-inline-color has-black-color\">1. Wir sind effektiv oder doch effizient?<\/mark><\/strong><\/p>\n\n\n\n<p><img loading=\"lazy\" src=\"\" alt=\"*\" width=\"12\" height=\"12\">&nbsp;&nbsp;&nbsp;&nbsp;&nbsp;&nbsp;&nbsp;&nbsp; Erl\u00e4uterung der Begriffe Effektivit\u00e4t und Effizienz im Allgemeinen<\/p>\n\n\n\n<p><img loading=\"lazy\" src=\"\" alt=\"*\" width=\"12\" height=\"12\">&nbsp;&nbsp;&nbsp;&nbsp;&nbsp;&nbsp;&nbsp;&nbsp; Bedeutung von Effizienz und Effektivit\u00e4t im Berufsalltag<\/p>\n\n\n\n<p><img loading=\"lazy\" src=\"\" alt=\"*\" width=\"12\" height=\"12\">&nbsp;&nbsp;&nbsp;&nbsp;&nbsp;&nbsp;&nbsp;&nbsp; Warum ist Effizienz und Effektivit\u00e4t wichtig? Eine Einf\u00fchrung in die Themen Wirtschaftlichkeit und Optimierung und die Bedeutung f\u00fcr jeden Einzelnen.<\/p>\n\n\n\n<p style=\"font-size:18px\"><strong><mark style=\"background-color:rgba(0, 0, 0, 0)\" class=\"has-inline-color has-black-color\">2. Wie werden wir effizient?<\/mark><\/strong><\/p>\n\n\n\n<p><img loading=\"lazy\" src=\"\" alt=\"*\" width=\"12\" height=\"12\">&nbsp;&nbsp;&nbsp;&nbsp;&nbsp;&nbsp;&nbsp;&nbsp; Erarbeitung eines spezielle auf das Unternehmen zugeschnitten Effizienzskala im t\u00e4glichen Arbeitsablauf<\/p>\n\n\n\n<p><img loading=\"lazy\" src=\"\" alt=\"*\" width=\"12\" height=\"12\">&nbsp;&nbsp;&nbsp;&nbsp;&nbsp;&nbsp;&nbsp;&nbsp; Exkurs: Vertriebseffizienz: Ma\u00dfnahmen zur Steigerung des Verkaufserfolges<\/p>\n\n\n\n<p style=\"font-size:18px\"><strong><mark style=\"background-color:rgba(0, 0, 0, 0)\" class=\"has-inline-color has-black-color\">3. Wie werden wir effektiv?<\/mark><\/strong><\/p>\n\n\n\n<p><img loading=\"lazy\" src=\"\" alt=\"*\" width=\"12\" height=\"12\">&nbsp;&nbsp;&nbsp;&nbsp;&nbsp;&nbsp;&nbsp;&nbsp; Einf\u00fchrung in die Findung und Umsetzung effektiver Zielsetzungen<\/p>\n\n\n\n<p><img loading=\"lazy\" src=\"\" alt=\"*\" width=\"12\" height=\"12\">&nbsp;&nbsp;&nbsp;&nbsp;&nbsp;&nbsp;&nbsp;&nbsp; Umsetzung von der Findung effektiver Zielsetzungen und effizienter T\u00e4tigkeitsabl\u00e4ufe<\/p>\n\n\n\n<p style=\"font-size:18px\"><strong><mark style=\"background-color:rgba(0, 0, 0, 0)\" class=\"has-inline-color has-black-color\">4. Effektivit\u00e4t und Effizienz \u2013 was haben wir davon?<\/mark><\/strong><\/p>\n\n\n\n<p><img loading=\"lazy\" src=\"\" alt=\"*\" width=\"12\" height=\"12\">&nbsp;&nbsp;&nbsp;&nbsp;&nbsp;&nbsp;&nbsp;&nbsp; Auswirkungen von Effizienz und Effektivit\u00e4t auf die Erreichung von Unternehmenszielen<\/p>\n\n\n\n<p><img loading=\"lazy\" src=\"\" alt=\"*\" width=\"12\" height=\"12\">&nbsp;&nbsp;&nbsp;&nbsp;&nbsp;&nbsp;&nbsp;&nbsp; Bedeutung f\u00fcr den einzelnen Mitarbeiter<\/p>\n\n\n\n<p><img loading=\"lazy\" src=\"\" alt=\"*\" width=\"12\" height=\"12\">&nbsp;&nbsp;&nbsp;&nbsp;&nbsp;&nbsp;&nbsp;&nbsp; Erreichung der pers\u00f6nlichen Ziele durch Einsatz von Effektivit\u00e4t und Effizienz<\/p>\n\n\n\n<p class=\"has-medium-font-size\"><mark style=\"background-color:rgba(0, 0, 0, 0)\" class=\"has-inline-color has-luminous-vivid-orange-color\"><strong>Praxisteil<\/strong>:<\/mark><\/p>\n\n\n\n<h2 style=\"font-size:18px\"><mark style=\"background-color:rgba(0, 0, 0, 0)\" class=\"has-inline-color has-black-color\"><strong>\u00dcbungen zum Thema Effektivit\u00e4t am Beispiel<\/strong><\/mark><\/h2>\n\n\n\n<p><img loading=\"lazy\" src=\"\" alt=\"*\" width=\"12\" height=\"12\">&nbsp;&nbsp;&nbsp;&nbsp;&nbsp;&nbsp;&nbsp;&nbsp; Berufsalltag<\/p>\n\n\n\n<p><img loading=\"lazy\" src=\"\" alt=\"*\" width=\"12\" height=\"12\">&nbsp;&nbsp;&nbsp;&nbsp;&nbsp;&nbsp;&nbsp;&nbsp; Privatbereich&nbsp;&nbsp;&nbsp;&nbsp;<\/p>\n\n\n\n<p><img loading=\"lazy\" src=\"\" alt=\"*\" width=\"12\" height=\"12\">&nbsp;&nbsp;&nbsp;&nbsp;&nbsp;&nbsp;&nbsp;&nbsp; Zukunftsplanung<\/p>\n\n\n\n<p><img loading=\"lazy\" src=\"\" alt=\"*\" width=\"12\" height=\"12\">&nbsp;&nbsp;&nbsp;&nbsp;&nbsp;&nbsp;&nbsp;&nbsp; Effektivit\u00e4t mit Dritten<\/p>\n\n\n\n<h2 style=\"font-size:18px\"><mark style=\"background-color:rgba(0, 0, 0, 0)\" class=\"has-inline-color has-black-color\"><strong>\u00dcbungen zum Thema Effizienz am Beispiel<\/strong><\/mark><\/h2>\n\n\n\n<p><img loading=\"lazy\" src=\"\" alt=\"*\" width=\"12\" height=\"12\">&nbsp;&nbsp;&nbsp;&nbsp;&nbsp;&nbsp;&nbsp;&nbsp; Berufsalltag<\/p>\n\n\n\n<p><img loading=\"lazy\" src=\"\" alt=\"*\" width=\"12\" height=\"12\">&nbsp;&nbsp;&nbsp;&nbsp;&nbsp;&nbsp;&nbsp;&nbsp; Privatbereich&nbsp;&nbsp;&nbsp;&nbsp;<\/p>\n\n\n\n<p><img loading=\"lazy\" src=\"\" alt=\"*\" width=\"12\" height=\"12\">&nbsp;&nbsp;&nbsp;&nbsp;&nbsp;&nbsp;&nbsp;&nbsp; Zukunftsplanung<\/p>\n\n\n\n<p><img loading=\"lazy\" src=\"\" alt=\"*\" width=\"12\" height=\"12\">&nbsp;&nbsp;&nbsp;&nbsp;&nbsp;&nbsp;&nbsp;&nbsp; Effektivit\u00e4t mit Dritten<\/p>\n\n\n\n<h1 style=\"font-size:18px\"><mark style=\"background-color:rgba(0, 0, 0, 0)\" class=\"has-inline-color has-black-color\"><strong>\u00dcbungen zur Zusammenf\u00fchrung von Effektivit\u00e4t und Effizienz<\/strong><\/mark><\/h1>\n\n\n\n<p><mark style=\"background-color:rgba(0, 0, 0, 0)\" class=\"has-inline-color has-white-color\">Seminare Be-Co Vererna Gr\u00fcnwald<\/mark><\/p>\n\n\n\n<p class=\"has-medium-font-size\"><strong><mark style=\"background-color:rgba(0, 0, 0, 0)\" class=\"has-inline-color has-luminous-vivid-orange-color\">Seminar: Effektivit\u00e4t und Effizienz im Berufsalltag<\/mark><\/strong><\/p>\n\n\n\n<p class=\"has-medium-font-size\"><strong>Seminardauer: 16 Stunden<\/strong><\/p>\n\n\n\n<p class=\"has-medium-font-size\"><strong>Ausrichtung: f\u00fcr Klein- und Mittelbetriebe<\/strong><\/p>\n\n\n\n<p class=\"has-medium-font-size\"><strong>Kosten: Auf Anfrage, abh\u00e4ngig von Teilnehmeranzahl<\/strong><\/p>\n\n\n\n<p class=\"has-medium-font-size\"><strong><a href=\"https:\/\/www.verenagruenwald.com\/WP\/kontakt\/\" data-type=\"URL\" data-id=\"https:\/\/www.verenagruenwald.com\/WP\/kontakt\/\" target=\"_blank\" rel=\"noreferrer noopener\">Kontakt Be-Co <\/a><\/strong><\/p>\n","protected":false},"excerpt":{"rendered":"<p>im Berufsalltag Theorieteil: 1. Wir sind effektiv oder doch effizient? &nbsp;&nbsp;&nbsp;&nbsp;&nbsp;&nbsp;&nbsp;&nbsp; Erl\u00e4uterung der Begriffe Effektivit\u00e4t und Effizienz im Allgemeinen &nbsp;&nbsp;&nbsp;&nbsp;&nbsp;&nbsp;&nbsp;&nbsp; Bedeutung von Effizienz und Effektivit\u00e4t im Berufsalltag &nbsp;&nbsp;&nbsp;&nbsp;&nbsp;&nbsp;&nbsp;&nbsp; Warum ist Effizienz und Effektivit\u00e4t wichtig? Eine Einf\u00fchrung in die Themen Wirtschaftlichkeit und Optimierung und die Bedeutung f\u00fcr jeden Einzelnen. 2. Wie werden wir effizient? &nbsp;&nbsp;&nbsp;&nbsp;&nbsp;&nbsp;&nbsp;&nbsp; Erarbeitung<\/p>\n<p class=\"more-link\"><a href=\"https:\/\/www.verenagruenwald.com\/WP\/be-co\/seminare-be-co\/effektivitaet-und-effizienz\/\" class=\"themebutton\">Read More<\/a><\/p>\n","protected":false},"author":1,"featured_media":0,"parent":983,"menu_order":0,"comment_status":"closed","ping_status":"closed","template":"","meta":[],"_links":{"self":[{"href":"https:\/\/www.verenagruenwald.com\/WP\/wp-json\/wp\/v2\/pages\/1060"}],"collection":[{"href":"https:\/\/www.verenagruenwald.com\/WP\/wp-json\/wp\/v2\/pages"}],"about":[{"href":"https:\/\/www.verenagruenwald.com\/WP\/wp-json\/wp\/v2\/types\/page"}],"author":[{"embeddable":true,"href":"https:\/\/www.verenagruenwald.com\/WP\/wp-json\/wp\/v2\/users\/1"}],"replies":[{"embeddable":true,"href":"https:\/\/www.verenagruenwald.com\/WP\/wp-json\/wp\/v2\/comments?post=1060"}],"version-history":[{"count":5,"href":"https:\/\/www.verenagruenwald.com\/WP\/wp-json\/wp\/v2\/pages\/1060\/revisions"}],"predecessor-version":[{"id":1448,"href":"https:\/\/www.verenagruenwald.com\/WP\/wp-json\/wp\/v2\/pages\/1060\/revisions\/1448"}],"up":[{"embeddable":true,"href":"https:\/\/www.verenagruenwald.com\/WP\/wp-json\/wp\/v2\/pages\/983"}],"wp:attachment":[{"href":"https:\/\/www.verenagruenwald.com\/WP\/wp-json\/wp\/v2\/media?parent=1060"}],"curies":[{"name":"wp","href":"https:\/\/api.w.org\/{rel}","templated":true}]}}